{"id":138,"date":"2026-01-15T20:46:48","date_gmt":"2026-01-15T13:46:48","guid":{"rendered":"https:\/\/ps99slot.com\/?page_id=138"},"modified":"2026-01-15T20:49:24","modified_gmt":"2026-01-15T13:49:24","slug":"nap-tien-ps99","status":"publish","type":"page","link":"https:\/\/ps99slot.com\/nap-tien-ps99\/","title":{"rendered":"N\u1ea1p Ti\u1ec1n PS99"},"content":{"rendered":"<div id=\"ez-toc-container\" class=\"ez-toc-v2_0_79_2 counter-hierarchy ez-toc-counter ez-toc-grey ez-toc-container-direction\">\n<div class=\"ez-toc-title-container\">\n<p class=\"ez-toc-title\" style=\"cursor:inherit\">Table of Contents<\/p>\n<span class=\"ez-toc-title-toggle\"><a href=\"#\" class=\"ez-toc-pull-right ez-toc-btn ez-toc-btn-xs ez-toc-btn-default ez-toc-toggle\" aria-label=\"Toggle Table of Content\"><span class=\"ez-toc-js-icon-con\"><span class=\"\"><span class=\"eztoc-hide\" style=\"display:none;\">Toggle<\/span><span class=\"ez-toc-icon-toggle-span\"><svg style=\"fill: #999;color:#999\" xmlns=\"http:\/\/www.w3.org\/2000\/svg\" class=\"list-377408\" width=\"20px\" height=\"20px\" viewBox=\"0 0 24 24\" fill=\"none\"><path d=\"M6 6H4v2h2V6zm14 0H8v2h12V6zM4 11h2v2H4v-2zm16 0H8v2h12v-2zM4 16h2v2H4v-2zm16 0H8v2h12v-2z\" fill=\"currentColor\"><\/path><\/svg><svg style=\"fill: #999;color:#999\" class=\"arrow-unsorted-368013\" xmlns=\"http:\/\/www.w3.org\/2000\/svg\" width=\"10px\" height=\"10px\" viewBox=\"0 0 24 24\" version=\"1.2\" baseProfile=\"tiny\"><path d=\"M18.2 9.3l-6.2-6.3-6.2 6.3c-.2.2-.3.4-.3.7s.1.5.3.7c.2.2.4.3.7.3h11c.3 0 .5-.1.7-.3.2-.2.3-.5.3-.7s-.1-.5-.3-.7zM5.8 14.7l6.2 6.3 6.2-6.3c.2-.2.3-.5.3-.7s-.1-.5-.3-.7c-.2-.2-.4-.3-.7-.3h-11c-.3 0-.5.1-.7.3-.2.2-.3.5-.3.7s.1.5.3.7z\"\/><\/svg><\/span><\/span><\/span><\/a><\/span><\/div>\n<nav><ul class='ez-toc-list ez-toc-list-level-1 ' ><li class='ez-toc-page-1 ez-toc-heading-level-1'><a class=\"ez-toc-link ez-toc-heading-1\" href=\"https:\/\/ps99slot.com\/nap-tien-ps99\/#Nap_Tien_PS99_%E2%80%93_Huong_Dan_Nap_Nhanh_Bat_Dau_Trai_Nghiem_Ngay\" >N\u1ea1p Ti\u1ec1n PS99 \u2013 H\u01b0\u1edbng D\u1eabn N\u1ea1p Nhanh, B\u1eaft \u0110\u1ea7u Tr\u1ea3i Nghi\u1ec7m Ngay<\/a><ul class='ez-toc-list-level-2' ><li class='ez-toc-heading-level-2'><a class=\"ez-toc-link ez-toc-heading-2\" href=\"https:\/\/ps99slot.com\/nap-tien-ps99\/#Dieu_kien_de_thuc_hien_nap_tien_PS99\" >\u0110i\u1ec1u ki\u1ec7n \u0111\u1ec3 th\u1ef1c hi\u1ec7n n\u1ea1p ti\u1ec1n PS99<\/a><\/li><li class='ez-toc-page-1 ez-toc-heading-level-2'><a class=\"ez-toc-link ez-toc-heading-3\" href=\"https:\/\/ps99slot.com\/nap-tien-ps99\/#Huong_dan_nap_tien_PS99_qua_cac_hinh_thuc_pho_bien\" >H\u01b0\u1edbng d\u1eabn n\u1ea1p ti\u1ec1n PS99 qua c\u00e1c h\u00ecnh th\u1ee9c ph\u1ed5 bi\u1ebfn<\/a><ul class='ez-toc-list-level-3' ><li class='ez-toc-heading-level-3'><a class=\"ez-toc-link ez-toc-heading-4\" href=\"https:\/\/ps99slot.com\/nap-tien-ps99\/#Nap_tien_PS99_qua_ngan_hang_noi_dia\" >N\u1ea1p ti\u1ec1n PS99 qua ng\u00e2n h\u00e0ng n\u1ed9i \u0111\u1ecba<\/a><\/li><li class='ez-toc-page-1 ez-toc-heading-level-3'><a class=\"ez-toc-link ez-toc-heading-5\" href=\"https:\/\/ps99slot.com\/nap-tien-ps99\/#Nap_tien_PS99_bang_the_cao\" >N\u1ea1p ti\u1ec1n PS99 b\u1eb1ng th\u1ebb c\u00e0o<\/a><\/li><li class='ez-toc-page-1 ez-toc-heading-level-3'><a class=\"ez-toc-link ez-toc-heading-6\" href=\"https:\/\/ps99slot.com\/nap-tien-ps99\/#Nap_tien_PS99_qua_vi_dien_tu\" >N\u1ea1p ti\u1ec1n PS99 qua v\u00ed \u0111i\u1ec7n t\u1eed<\/a><\/li><\/ul><\/li><li class='ez-toc-page-1 ez-toc-heading-level-2'><a class=\"ez-toc-link ez-toc-heading-7\" href=\"https:\/\/ps99slot.com\/nap-tien-ps99\/#Cac_chuong_trinh_khuyen_mai_khi_nap_tien_PS99\" >C\u00e1c ch\u01b0\u01a1ng tr\u00ecnh khuy\u1ebfn m\u00e3i khi n\u1ea1p ti\u1ec1n PS99<\/a><\/li><li class='ez-toc-page-1 ez-toc-heading-level-2'><a class=\"ez-toc-link ez-toc-heading-8\" href=\"https:\/\/ps99slot.com\/nap-tien-ps99\/#Luu_y_quan_trong_khi_nap_tien_PS99\" >L\u01b0u \u00fd quan tr\u1ecdng khi n\u1ea1p ti\u1ec1n PS99<\/a><\/li><li class='ez-toc-page-1 ez-toc-heading-level-2'><a class=\"ez-toc-link ez-toc-heading-9\" href=\"https:\/\/ps99slot.com\/nap-tien-ps99\/#Ket_luan\" >K\u1ebft lu\u1eadn<\/a><\/li><\/ul><\/li><\/ul><\/nav><\/div>\n<h1><span class=\"ez-toc-section\" id=\"Nap_Tien_PS99_%E2%80%93_Huong_Dan_Nap_Nhanh_Bat_Dau_Trai_Nghiem_Ngay\"><\/span><b>N\u1ea1p Ti\u1ec1n PS99 \u2013 H\u01b0\u1edbng D\u1eabn N\u1ea1p Nhanh, B\u1eaft \u0110\u1ea7u Tr\u1ea3i Nghi\u1ec7m Ngay<\/b><span class=\"ez-toc-section-end\"><\/span><\/h1>\n<p><b>N\u1ea1p ti\u1ec1n PS99<\/b><span style=\"font-weight: 400;\"> l\u00e0 b\u01b0\u1edbc quan tr\u1ecdng \u0111\u1ec3 ng\u01b0\u1eddi ch\u01a1i c\u00f3 th\u1ec3 tham gia c\u00e1c tr\u00f2 ch\u01a1i c\u00e1 c\u01b0\u1ee3c v\u00e0 gi\u1ea3i tr\u00ed tr\u00ean h\u1ec7 th\u1ed1ng. V\u1edbi c\u00f4ng ngh\u1ec7 hi\u1ec7n \u0111\u1ea1i, <a href=\"https:\/\/ps99slot.com\/\">PS99<\/a> mang \u0111\u1ebfn nhi\u1ec1u ph\u01b0\u01a1ng th\u1ee9c n\u1ea1p ti\u1ec1n linh ho\u1ea1t, gi\u00fap qu\u00e1 tr\u00ecnh giao d\u1ecbch di\u1ec5n ra nhanh ch\u00f3ng, an to\u00e0n v\u00e0 thu\u1eadn ti\u1ec7n. Ch\u1ec9 v\u1edbi v\u00e0i thao t\u00e1c \u0111\u01a1n gi\u1ea3n, s\u1ed1 d\u01b0 s\u1ebd \u0111\u01b0\u1ee3c c\u1eadp nh\u1eadt ngay \u0111\u1ec3 b\u1ea1n b\u1eaft \u0111\u1ea7u tr\u1ea3i nghi\u1ec7m.<\/span><\/p>\n<h2><span class=\"ez-toc-section\" id=\"Dieu_kien_de_thuc_hien_nap_tien_PS99\"><\/span><b>\u0110i\u1ec1u ki\u1ec7n \u0111\u1ec3 th\u1ef1c hi\u1ec7n n\u1ea1p ti\u1ec1n PS99<\/b><span class=\"ez-toc-section-end\"><\/span><\/h2>\n<p><span style=\"font-weight: 400;\">\u0110\u1ec3 qu\u00e1 tr\u00ecnh n\u1ea1p ti\u1ec1n di\u1ec5n ra su\u00f4n s\u1ebb v\u00e0 kh\u00f4ng g\u1eb7p b\u1ea5t k\u1ef3 tr\u1ee5c tr\u1eb7c n\u00e0o, ng\u01b0\u1eddi ch\u01a1i c\u1ea7n \u0111\u00e1p \u1ee9ng m\u1ed9t s\u1ed1 y\u00eau c\u1ea7u c\u01a1 b\u1ea3n nh\u01b0 cung c\u1ea5p \u0111\u1ea7y \u0111\u1ee7 th\u00f4ng tin ch\u00ednh x\u00e1c, th\u1ef1c hi\u1ec7n \u0111\u00fang theo h\u01b0\u1edbng d\u1eabn c\u1ee7a h\u1ec7 th\u1ed1ng v\u00e0 \u0111\u1ea3m b\u1ea3o t\u00e0i kho\u1ea3n c\u00f3 \u0111\u1ee7 \u0111i\u1ec1u ki\u1ec7n \u0111\u1ec3 giao d\u1ecbch \u0111\u01b0\u1ee3c x\u1eed l\u00fd nhanh ch\u00f3ng, an to\u00e0n.<\/span><\/p>\n<figure id=\"attachment_120\" aria-describedby=\"caption-attachment-120\" style=\"width: 800px\" class=\"wp-caption aligncenter\"><img loading=\"lazy\" decoding=\"async\" class=\"size-full wp-image-120\" src=\"https:\/\/ps99slot.com\/wp-content\/uploads\/2026\/01\/dieu-kien-dap-ung-de-nap-tien-ps99_21.webp\" alt=\"dieu-kien-dap-ung-de-nap-tien-ps99_21\" width=\"800\" height=\"400\" srcset=\"https:\/\/ps99slot.com\/wp-content\/uploads\/2026\/01\/dieu-kien-dap-ung-de-nap-tien-ps99_21.webp 800w, https:\/\/ps99slot.com\/wp-content\/uploads\/2026\/01\/dieu-kien-dap-ung-de-nap-tien-ps99_21-300x150.webp 300w, https:\/\/ps99slot.com\/wp-content\/uploads\/2026\/01\/dieu-kien-dap-ung-de-nap-tien-ps99_21-768x384.webp 768w\" sizes=\"auto, (max-width: 800px) 100vw, 800px\" \/><figcaption id=\"caption-attachment-120\" class=\"wp-caption-text\">\u0110i\u1ec1u ki\u1ec7n \u0111\u00e1p \u1ee9ng \u0111\u1ec3 n\u1ea1p ti\u1ec1n ps99<\/figcaption><\/figure>\n<ul>\n<li style=\"font-weight: 400;\" aria-level=\"1\"><span style=\"font-weight: 400;\">Th\u1ef1c hi\u1ec7n \u0111\u00fang theo h\u01b0\u1edbng d\u1eabn m\u00e0 h\u1ec7 th\u1ed1ng cung c\u1ea5p \u0111\u1ec3 \u0111\u1ea3m b\u1ea3o giao d\u1ecbch th\u00e0nh c\u00f4ng.<\/span><\/li>\n<li style=\"font-weight: 400;\" aria-level=\"1\"><span style=\"font-weight: 400;\">Kh\u00f4ng gi\u1edbi h\u1ea1n s\u1ed1 l\u1ea7n n\u1ea1p trong ng\u00e0y, ng\u01b0\u1eddi ch\u01a1i c\u00f3 th\u1ec3 ch\u1ee7 \u0111\u1ed9ng qu\u1ea3n l\u00fd ng\u00e2n s\u00e1ch linh ho\u1ea1t.<\/span><\/li>\n<li style=\"font-weight: 400;\" aria-level=\"1\"><span style=\"font-weight: 400;\">H\u1ea1n m\u1ee9c n\u1ea1p t\u1ed1i \u0111a m\u1ed7i l\u1ea7n l\u00ean \u0111\u1ebfn 100.000.000 VN\u0110.<\/span><\/li>\n<li style=\"font-weight: 400;\" aria-level=\"1\"><span style=\"font-weight: 400;\">S\u1ed1 ti\u1ec1n n\u1ea1p t\u1ed1i thi\u1ec3u cho m\u1ed7i giao d\u1ecbch l\u00e0 100.000 VN\u0110.<\/span><\/li>\n<\/ul>\n<p><span style=\"font-weight: 400;\">Nh\u1eefng \u0111i\u1ec1u ki\u1ec7n n\u00e0y gi\u00fap \u0111\u1ea3m b\u1ea3o t\u00ednh an to\u00e0n v\u00e0 minh b\u1ea1ch trong to\u00e0n b\u1ed9 qu\u00e1 tr\u00ecnh giao d\u1ecbch.<\/span><\/p>\n<h2><span class=\"ez-toc-section\" id=\"Huong_dan_nap_tien_PS99_qua_cac_hinh_thuc_pho_bien\"><\/span><b>H\u01b0\u1edbng d\u1eabn n\u1ea1p ti\u1ec1n PS99 qua c\u00e1c h\u00ecnh th\u1ee9c ph\u1ed5 bi\u1ebfn<\/b><span class=\"ez-toc-section-end\"><\/span><\/h2>\n<p><span style=\"font-weight: 400;\">PS99 h\u1ed7 tr\u1ee3 nhi\u1ec1u ph\u01b0\u01a1ng th\u1ee9c n\u1ea1p ti\u1ec1n kh\u00e1c nhau \u0111\u1ec3 ph\u00f9 h\u1ee3p v\u1edbi nhu c\u1ea7u \u0111a d\u1ea1ng c\u1ee7a ng\u01b0\u1eddi ch\u01a1i.<\/span><\/p>\n<figure id=\"attachment_130\" aria-describedby=\"caption-attachment-130\" style=\"width: 800px\" class=\"wp-caption aligncenter\"><img loading=\"lazy\" decoding=\"async\" class=\"size-full wp-image-130\" src=\"https:\/\/ps99slot.com\/wp-content\/uploads\/2026\/01\/huong-dan-so-luoc-nap-tien-ps99_32.webp\" alt=\"huong-dan-so-luoc-nap-tien-ps99_32\" width=\"800\" height=\"400\" srcset=\"https:\/\/ps99slot.com\/wp-content\/uploads\/2026\/01\/huong-dan-so-luoc-nap-tien-ps99_32.webp 800w, https:\/\/ps99slot.com\/wp-content\/uploads\/2026\/01\/huong-dan-so-luoc-nap-tien-ps99_32-300x150.webp 300w, https:\/\/ps99slot.com\/wp-content\/uploads\/2026\/01\/huong-dan-so-luoc-nap-tien-ps99_32-768x384.webp 768w\" sizes=\"auto, (max-width: 800px) 100vw, 800px\" \/><figcaption id=\"caption-attachment-130\" class=\"wp-caption-text\">H\u01b0\u1edbng d\u1eabn s\u01a1 l\u01b0\u1ee3c n\u1ea1p ti\u1ec1n ps99<\/figcaption><\/figure>\n<h3><span class=\"ez-toc-section\" id=\"Nap_tien_PS99_qua_ngan_hang_noi_dia\"><\/span><b>N\u1ea1p ti\u1ec1n PS99 qua ng\u00e2n h\u00e0ng n\u1ed9i \u0111\u1ecba<\/b><span class=\"ez-toc-section-end\"><\/span><\/h3>\n<p><span style=\"font-weight: 400;\">\u0110\u00e2y l\u00e0 h\u00ecnh th\u1ee9c ph\u1ed5 bi\u1ebfn v\u00e0 \u0111\u01b0\u1ee3c s\u1eed d\u1ee5ng nhi\u1ec1u nh\u1ea5t.<\/span><\/p>\n<ul>\n<li style=\"font-weight: 400;\" aria-level=\"1\"><span style=\"font-weight: 400;\">B\u01b0\u1edbc 1: \u0110\u0103ng nh\u1eadp v\u00e0o t\u00e0i kho\u1ea3n PS99 qua link ch\u00ednh th\u1ee9c.<\/span><\/li>\n<li style=\"font-weight: 400;\" aria-level=\"1\"><span style=\"font-weight: 400;\">B\u01b0\u1edbc 2: Ch\u1ecdn m\u1ee5c \u201cN\u1ea1p ti\u1ec1n\u201d, sau \u0111\u00f3 ch\u1ecdn h\u00ecnh th\u1ee9c \u201cNg\u00e2n h\u00e0ng n\u1ed9i \u0111\u1ecba\u201d.<\/span><\/li>\n<li style=\"font-weight: 400;\" aria-level=\"1\"><span style=\"font-weight: 400;\">B\u01b0\u1edbc 3: L\u1ef1a ch\u1ecdn ng\u00e2n h\u00e0ng b\u1ea1n \u0111ang s\u1eed d\u1ee5ng nh\u01b0 Vietcombank, ACB, Sacombank, Techcombank, Vietinbank, Agribank\u2026<\/span><\/li>\n<li style=\"font-weight: 400;\" aria-level=\"1\"><span style=\"font-weight: 400;\">B\u01b0\u1edbc 4: Nh\u1eadp s\u1ed1 ti\u1ec1n c\u1ea7n n\u1ea1p v\u00e0 th\u00f4ng tin chuy\u1ec3n kho\u1ea3n theo h\u01b0\u1edbng d\u1eabn, sau \u0111\u00f3 nh\u1ea5n \u201cX\u00e1c nh\u1eadn\u201d \u0111\u1ec3 ho\u00e0n t\u1ea5t giao d\u1ecbch.<\/span><\/li>\n<\/ul>\n<p><span style=\"font-weight: 400;\">Ch\u1ec9 sau v\u00e0i ph\u00fat, h\u1ec7 th\u1ed1ng s\u1ebd t\u1ef1 \u0111\u1ed9ng c\u1eadp nh\u1eadt s\u1ed1 d\u01b0 v\u00e0o t\u00e0i kho\u1ea3n.<\/span><\/p>\n<h3><span class=\"ez-toc-section\" id=\"Nap_tien_PS99_bang_the_cao\"><\/span><b>N\u1ea1p ti\u1ec1n PS99 b\u1eb1ng th\u1ebb c\u00e0o<\/b><span class=\"ez-toc-section-end\"><\/span><\/h3>\n<p><span style=\"font-weight: 400;\">H\u00ecnh th\u1ee9c n\u00e0y ph\u00f9 h\u1ee3p v\u1edbi nh\u1eefng ai mu\u1ed1n giao d\u1ecbch nhanh g\u1ecdn m\u00e0 kh\u00f4ng c\u1ea7n d\u00f9ng ng\u00e2n h\u00e0ng.<\/span><\/p>\n<ul>\n<li style=\"font-weight: 400;\" aria-level=\"1\"><span style=\"font-weight: 400;\">B\u01b0\u1edbc 1: Truy c\u1eadp website PS99 v\u00e0 ch\u1ecdn \u201cN\u1ea1p ti\u1ec1n b\u1eb1ng th\u1ebb c\u00e0o\u201d.<\/span><\/li>\n<li style=\"font-weight: 400;\" aria-level=\"1\"><span style=\"font-weight: 400;\">B\u01b0\u1edbc 2: Ch\u1ecdn \u0111\u00fang nh\u00e0 m\u1ea1ng \u0111ang s\u1eed d\u1ee5ng nh\u01b0 Viettel, Mobifone, Vinaphone\u2026<\/span><\/li>\n<li style=\"font-weight: 400;\" aria-level=\"1\"><span style=\"font-weight: 400;\">B\u01b0\u1edbc 3: Nh\u1eadp ch\u00ednh x\u00e1c m\u00e3 th\u1ebb v\u00e0 s\u1ed1 seri, sau \u0111\u00f3 nh\u1ea5n \u201cN\u1ea1p ngay\u201d \u0111\u1ec3 ho\u00e0n t\u1ea5t.<\/span><\/li>\n<\/ul>\n<p><span style=\"font-weight: 400;\">\u01afu \u0111i\u1ec3m c\u1ee7a ph\u01b0\u01a1ng th\u1ee9c n\u00e0y l\u00e0 ti\u1ec7n l\u1ee3i v\u00e0 t\u1ed1c \u0111\u1ed9 x\u1eed l\u00fd nhanh.<\/span><\/p>\n<h3><span class=\"ez-toc-section\" id=\"Nap_tien_PS99_qua_vi_dien_tu\"><\/span><b>N\u1ea1p ti\u1ec1n PS99 qua v\u00ed \u0111i\u1ec7n t\u1eed<\/b><span class=\"ez-toc-section-end\"><\/span><\/h3>\n<p><span style=\"font-weight: 400;\">PS99 c\u0169ng h\u1ed7 tr\u1ee3 thanh to\u00e1n th\u00f4ng qua c\u00e1c v\u00ed \u0111i\u1ec7n t\u1eed ph\u1ed5 bi\u1ebfn.<\/span><\/p>\n<ul>\n<li style=\"font-weight: 400;\" aria-level=\"1\"><span style=\"font-weight: 400;\">B\u01b0\u1edbc 1: \u0110\u0103ng nh\u1eadp t\u00e0i kho\u1ea3n v\u00e0 ch\u1ecdn m\u1ee5c \u201cN\u1ea1p ti\u1ec1n\u201d, sau \u0111\u00f3 ch\u1ecdn h\u00ecnh th\u1ee9c v\u00ed \u0111i\u1ec7n t\u1eed.<\/span><\/li>\n<li style=\"font-weight: 400;\" aria-level=\"1\"><span style=\"font-weight: 400;\">B\u01b0\u1edbc 2: Ch\u1ecdn lo\u1ea1i v\u00ed c\u1ea7n s\u1eed d\u1ee5ng v\u00e0 nh\u1eadp th\u00f4ng tin theo y\u00eau c\u1ea7u.<\/span><\/li>\n<li style=\"font-weight: 400;\" aria-level=\"1\"><span style=\"font-weight: 400;\">B\u01b0\u1edbc 3: Nh\u1ea5n \u201cN\u1ea1p ngay\u201d v\u00e0 ch\u1edd h\u1ec7 th\u1ed1ng x\u1eed l\u00fd trong v\u00e0i ph\u00fat.<\/span><\/li>\n<\/ul>\n<p><span style=\"font-weight: 400;\">C\u00e1ch n\u00e0y ph\u00f9 h\u1ee3p v\u1edbi ng\u01b0\u1eddi ch\u01a1i quen s\u1eed d\u1ee5ng c\u00e1c n\u1ec1n t\u1ea3ng thanh to\u00e1n tr\u1ef1c tuy\u1ebfn hi\u1ec7n \u0111\u1ea1i.<\/span><\/p>\n<h2><span class=\"ez-toc-section\" id=\"Cac_chuong_trinh_khuyen_mai_khi_nap_tien_PS99\"><\/span><b>C\u00e1c ch\u01b0\u01a1ng tr\u00ecnh khuy\u1ebfn m\u00e3i khi n\u1ea1p ti\u1ec1n PS99<\/b><span class=\"ez-toc-section-end\"><\/span><\/h2>\n<p><span style=\"font-weight: 400;\">Sau khi n\u1ea1p ti\u1ec1n th\u00e0nh c\u00f4ng, ng\u01b0\u1eddi ch\u01a1i s\u1ebd c\u00f3 c\u01a1 h\u1ed9i nh\u1eadn \u0111\u01b0\u1ee3c nhi\u1ec1u \u01b0u \u0111\u00e3i h\u1ea5p d\u1eabn:<\/span><\/p>\n<figure id=\"attachment_114\" aria-describedby=\"caption-attachment-114\" style=\"width: 800px\" class=\"wp-caption aligncenter\"><img loading=\"lazy\" decoding=\"async\" class=\"size-full wp-image-114\" src=\"https:\/\/ps99slot.com\/wp-content\/uploads\/2026\/01\/chuong-trinh-uu-dai-khi-nap-tien-tai-nha-cai_17.webp\" alt=\"chuong-trinh-uu-dai-khi-nap-tien-tai-nha-cai_17\" width=\"800\" height=\"400\" srcset=\"https:\/\/ps99slot.com\/wp-content\/uploads\/2026\/01\/chuong-trinh-uu-dai-khi-nap-tien-tai-nha-cai_17.webp 800w, https:\/\/ps99slot.com\/wp-content\/uploads\/2026\/01\/chuong-trinh-uu-dai-khi-nap-tien-tai-nha-cai_17-300x150.webp 300w, https:\/\/ps99slot.com\/wp-content\/uploads\/2026\/01\/chuong-trinh-uu-dai-khi-nap-tien-tai-nha-cai_17-768x384.webp 768w\" sizes=\"auto, (max-width: 800px) 100vw, 800px\" \/><figcaption id=\"caption-attachment-114\" class=\"wp-caption-text\">Ch\u01b0\u01a1ng tr\u00ecnh \u01b0u \u0111\u00e3i khi n\u1ea1p ti\u1ec1n t\u1ea1i nh\u00e0 c\u00e1i<\/figcaption><\/figure>\n<ul>\n<li style=\"font-weight: 400;\" aria-level=\"1\"><span style=\"font-weight: 400;\">Th\u01b0\u1edfng cho ng\u01b0\u1eddi m\u1edbi: N\u1ea1p t\u1eeb 100.000 VN\u0110 nh\u1eadn th\u00eam ph\u1ea7n tr\u0103m gi\u00e1 tr\u1ecb th\u01b0\u1edfng theo ch\u01b0\u01a1ng tr\u00ecnh.<\/span><\/li>\n<li style=\"font-weight: 400;\" aria-level=\"1\"><span style=\"font-weight: 400;\">Th\u01b0\u1edfng n\u1ea1p \u0111\u1ea7u: \u00c1p d\u1ee5ng m\u1ee9c \u01b0u \u0111\u00e3i cao h\u01a1n cho l\u1ea7n n\u1ea1p \u0111\u1ea7u ti\u00ean, gi\u00fap gia t\u0103ng s\u1ed1 d\u01b0 nhanh ch\u00f3ng.<\/span><\/li>\n<li style=\"font-weight: 400;\" aria-level=\"1\"><span style=\"font-weight: 400;\">Ho\u00e0n ti\u1ec1n: Nh\u1eadn th\u00eam ph\u1ea7n tr\u0103m ho\u00e0n tr\u1ea3 d\u1ef1a tr\u00ean s\u1ed1 ti\u1ec1n n\u1ea1p v\u00e0 m\u1ee9c \u0111\u1ed9 tham gia tr\u00f2 ch\u01a1i.<\/span><\/li>\n<li style=\"font-weight: 400;\" aria-level=\"1\"><span style=\"font-weight: 400;\">Th\u01b0\u1edfng tr\u1ea3i nghi\u1ec7m: Khi tham gia \u00edt nh\u1ea5t m\u1ed9t tr\u00f2 ch\u01a1i, ng\u01b0\u1eddi ch\u01a1i c\u00f3 th\u1ec3 nh\u1eadn th\u00eam qu\u00e0 t\u1eb7ng t\u1eeb h\u1ec7 th\u1ed1ng.<\/span><\/li>\n<\/ul>\n<p><span style=\"font-weight: 400;\">Nh\u1eefng ch\u01b0\u01a1ng tr\u00ecnh n\u00e0y gi\u00fap gia t\u0103ng gi\u00e1 tr\u1ecb m\u1ed7i l\u1ea7n n\u1ea1p ti\u1ec1n v\u00e0 l\u00e0m tr\u1ea3i nghi\u1ec7m th\u00eam ph\u1ea7n h\u1ea5p d\u1eabn.<\/span><\/p>\n<h2><span class=\"ez-toc-section\" id=\"Luu_y_quan_trong_khi_nap_tien_PS99\"><\/span><b>L\u01b0u \u00fd quan tr\u1ecdng khi n\u1ea1p ti\u1ec1n PS99<\/b><span class=\"ez-toc-section-end\"><\/span><\/h2>\n<p><span style=\"font-weight: 400;\">\u0110\u1ec3 \u0111\u1ea3m b\u1ea3o giao d\u1ecbch an to\u00e0n v\u00e0 tr\u00e1nh sai s\u00f3t, c\u1ea7n l\u01b0u \u00fd:<\/span><\/p>\n<ul>\n<li style=\"font-weight: 400;\" aria-level=\"1\"><span style=\"font-weight: 400;\">Ph\u1ea3i \u0111\u0103ng nh\u1eadp \u0111\u00fang t\u00e0i kho\u1ea3n h\u1ed9i vi\u00ean tr\u01b0\u1edbc khi th\u1ef1c hi\u1ec7n n\u1ea1p ti\u1ec1n.<\/span><\/li>\n<li style=\"font-weight: 400;\" aria-level=\"1\"><span style=\"font-weight: 400;\">Nh\u1eadp \u0111\u1ea7y \u0111\u1ee7 v\u00e0 ch\u00ednh x\u00e1c th\u00f4ng tin giao d\u1ecbch theo h\u01b0\u1edbng d\u1eabn.<\/span><\/li>\n<li style=\"font-weight: 400;\" aria-level=\"1\"><span style=\"font-weight: 400;\">T\u00e0i kho\u1ea3n ng\u00e2n h\u00e0ng ph\u1ea3i tr\u00f9ng kh\u1edbp v\u1edbi th\u00f4ng tin \u0111\u0103ng k\u00fd t\u1ea1i PS99.<\/span><\/li>\n<li style=\"font-weight: 400;\" aria-level=\"1\"><span style=\"font-weight: 400;\">\u0110\u1ea3m b\u1ea3o s\u1ed1 d\u01b0 t\u00e0i kho\u1ea3n ng\u00e2n h\u00e0ng \u0111\u1ee7 \u0111\u1ec3 th\u1ef1c hi\u1ec7n giao d\u1ecbch.<\/span><\/li>\n<li style=\"font-weight: 400;\" aria-level=\"1\"><span style=\"font-weight: 400;\">Khi d\u00f9ng th\u1ebb c\u00e0o, c\u1ea7n nh\u1eadp \u0111\u00fang m\u00e3 th\u1ebb v\u00e0 s\u1ed1 seri, tr\u00e1nh sai s\u00f3t d\u00f9 ch\u1ec9 m\u1ed9t k\u00fd t\u1ef1.<\/span><\/li>\n<li style=\"font-weight: 400;\" aria-level=\"1\"><span style=\"font-weight: 400;\">Sau khi ho\u00e0n t\u1ea5t giao d\u1ecbch, n\u00ean ki\u1ec3m tra l\u1ea1i s\u1ed1 d\u01b0 \u0111\u1ec3 x\u00e1c nh\u1eadn ti\u1ec1n \u0111\u00e3 \u0111\u01b0\u1ee3c c\u1eadp nh\u1eadt.<\/span><\/li>\n<li style=\"font-weight: 400;\" aria-level=\"1\"><span style=\"font-weight: 400;\">N\u1ebfu ph\u00e1t sinh l\u1ed7i, c\u1ea7n li\u00ean h\u1ec7 b\u1ed9 ph\u1eadn ch\u0103m s\u00f3c kh\u00e1ch h\u00e0ng \u0111\u1ec3 \u0111\u01b0\u1ee3c h\u1ed7 tr\u1ee3 k\u1ecbp th\u1eddi.<\/span><\/li>\n<\/ul>\n<h2><span class=\"ez-toc-section\" id=\"Ket_luan\"><\/span><b>K\u1ebft lu\u1eadn<\/b><span class=\"ez-toc-section-end\"><\/span><\/h2>\n<p><span style=\"font-weight: 400;\">V\u1edbi quy tr\u00ecnh \u0111\u01a1n gi\u1ea3n v\u00e0 nhi\u1ec1u ph\u01b0\u01a1ng th\u1ee9c thanh to\u00e1n linh ho\u1ea1t, n\u1ea1p ti\u1ec1n PS99 tr\u1edf n\u00ean d\u1ec5 d\u00e0ng, nhanh ch\u00f3ng v\u00e0 an to\u00e0n. Ch\u1ec9 c\u1ea7n th\u1ef1c hi\u1ec7n \u0111\u00fang c\u00e1c b\u01b0\u1edbc h\u01b0\u1edbng d\u1eabn, ng\u01b0\u1eddi ch\u01a1i c\u00f3 th\u1ec3 ch\u1ee7 \u0111\u1ed9ng b\u1ed5 sung s\u1ed1 d\u01b0 v\u00e0 b\u1eaft \u0111\u1ea7u tr\u1ea3i nghi\u1ec7m c\u00e1c tr\u00f2 ch\u01a1i gi\u1ea3i tr\u00ed m\u1ed9t c\u00e1ch m\u01b0\u1ee3t m\u00e0, kh\u00f4ng gi\u00e1n \u0111o\u1ea1n.<\/span><\/p>\n","protected":false},"excerpt":{"rendered":"<p>N\u1ea1p Ti\u1ec1n PS99 \u2013 H\u01b0\u1edbng D\u1eabn N\u1ea1p Nhanh, B\u1eaft \u0110\u1ea7u Tr\u1ea3i Nghi\u1ec7m Ngay N\u1ea1p ti\u1ec1n PS99 l\u00e0 b\u01b0\u1edbc quan tr\u1ecdng \u0111\u1ec3 ng\u01b0\u1eddi ch\u01a1i c\u00f3 th\u1ec3 tham gia c\u00e1c tr\u00f2 ch\u01a1i c\u00e1 c\u01b0\u1ee3c v\u00e0 gi\u1ea3i tr\u00ed tr\u00ean h\u1ec7 th\u1ed1ng. V\u1edbi c\u00f4ng ngh\u1ec7 hi\u1ec7n \u0111\u1ea1i, PS99 mang \u0111\u1ebfn nhi\u1ec1u ph\u01b0\u01a1ng th\u1ee9c n\u1ea1p ti\u1ec1n linh ho\u1ea1t, gi\u00fap qu\u00e1 [&#8230;]\n","protected":false},"author":1,"featured_media":77,"parent":0,"menu_order":0,"comment_status":"closed","ping_status":"closed","template":"","meta":{"footnotes":""},"class_list":["post-138","page","type-page","status-publish","has-post-thumbnail","hentry"],"_links":{"self":[{"href":"https:\/\/ps99slot.com\/wp-json\/wp\/v2\/pages\/138","targetHints":{"allow":["GET"]}}],"collection":[{"href":"https:\/\/ps99slot.com\/wp-json\/wp\/v2\/pages"}],"about":[{"href":"https:\/\/ps99slot.com\/wp-json\/wp\/v2\/types\/page"}],"author":[{"embeddable":true,"href":"https:\/\/ps99slot.com\/wp-json\/wp\/v2\/users\/1"}],"replies":[{"embeddable":true,"href":"https:\/\/ps99slot.com\/wp-json\/wp\/v2\/comments?post=138"}],"version-history":[{"count":2,"href":"https:\/\/ps99slot.com\/wp-json\/wp\/v2\/pages\/138\/revisions"}],"predecessor-version":[{"id":140,"href":"https:\/\/ps99slot.com\/wp-json\/wp\/v2\/pages\/138\/revisions\/140"}],"wp:featuredmedia":[{"embeddable":true,"href":"https:\/\/ps99slot.com\/wp-json\/wp\/v2\/media\/77"}],"wp:attachment":[{"href":"https:\/\/ps99slot.com\/wp-json\/wp\/v2\/media?parent=138"}],"curies":[{"name":"wp","href":"https:\/\/api.w.org\/{rel}","templated":true}]}}