{"id":141,"date":"2026-01-15T20:56:44","date_gmt":"2026-01-15T13:56:44","guid":{"rendered":"https:\/\/ps99slot.com\/?page_id=141"},"modified":"2026-01-15T20:56:44","modified_gmt":"2026-01-15T13:56:44","slug":"gioi-thieu-ps99","status":"publish","type":"page","link":"https:\/\/ps99slot.com\/gioi-thieu-ps99\/","title":{"rendered":"Gi\u1edbi thi\u1ec7u PS99"},"content":{"rendered":"<div id=\"ez-toc-container\" class=\"ez-toc-v2_0_79_2 counter-hierarchy ez-toc-counter ez-toc-grey ez-toc-container-direction\">\n<div class=\"ez-toc-title-container\">\n<p class=\"ez-toc-title\" style=\"cursor:inherit\">Table of Contents<\/p>\n<span class=\"ez-toc-title-toggle\"><a href=\"#\" class=\"ez-toc-pull-right ez-toc-btn ez-toc-btn-xs ez-toc-btn-default ez-toc-toggle\" aria-label=\"Toggle Table of Content\"><span class=\"ez-toc-js-icon-con\"><span class=\"\"><span class=\"eztoc-hide\" style=\"display:none;\">Toggle<\/span><span class=\"ez-toc-icon-toggle-span\"><svg style=\"fill: #999;color:#999\" xmlns=\"http:\/\/www.w3.org\/2000\/svg\" class=\"list-377408\" width=\"20px\" height=\"20px\" viewBox=\"0 0 24 24\" fill=\"none\"><path d=\"M6 6H4v2h2V6zm14 0H8v2h12V6zM4 11h2v2H4v-2zm16 0H8v2h12v-2zM4 16h2v2H4v-2zm16 0H8v2h12v-2z\" fill=\"currentColor\"><\/path><\/svg><svg style=\"fill: #999;color:#999\" class=\"arrow-unsorted-368013\" xmlns=\"http:\/\/www.w3.org\/2000\/svg\" width=\"10px\" height=\"10px\" viewBox=\"0 0 24 24\" version=\"1.2\" baseProfile=\"tiny\"><path d=\"M18.2 9.3l-6.2-6.3-6.2 6.3c-.2.2-.3.4-.3.7s.1.5.3.7c.2.2.4.3.7.3h11c.3 0 .5-.1.7-.3.2-.2.3-.5.3-.7s-.1-.5-.3-.7zM5.8 14.7l6.2 6.3 6.2-6.3c.2-.2.3-.5.3-.7s-.1-.5-.3-.7c-.2-.2-.4-.3-.7-.3h-11c-.3 0-.5.1-.7.3-.2.2-.3.5-.3.7s.1.5.3.7z\"\/><\/svg><\/span><\/span><\/span><\/a><\/span><\/div>\n<nav><ul class='ez-toc-list ez-toc-list-level-1 ' ><li class='ez-toc-page-1 ez-toc-heading-level-1'><a class=\"ez-toc-link ez-toc-heading-1\" href=\"https:\/\/ps99slot.com\/gioi-thieu-ps99\/#Gioi_thieu_PS99_%E2%80%93_Nha_cai_chuan_quoc_te_duoc_tin_dung_hang_dau\" >Gi\u1edbi thi\u1ec7u PS99 \u2013 Nh\u00e0 c\u00e1i chu\u1ea9n qu\u1ed1c t\u1ebf \u0111\u01b0\u1ee3c tin d\u00f9ng h\u00e0ng \u0111\u1ea7u<\/a><ul class='ez-toc-list-level-2' ><li class='ez-toc-heading-level-2'><a class=\"ez-toc-link ez-toc-heading-2\" href=\"https:\/\/ps99slot.com\/gioi-thieu-ps99\/#Gioi_thieu_PS99_%E2%80%93_Thuong_hieu_giai_tri_truc_tuyen_uy_tin_hang_dau\" >Gi\u1edbi thi\u1ec7u PS99 \u2013 Th\u01b0\u01a1ng hi\u1ec7u gi\u1ea3i tr\u00ed tr\u1ef1c tuy\u1ebfn uy t\u00edn h\u00e0ng \u0111\u1ea7u<\/a><\/li><li class='ez-toc-page-1 ez-toc-heading-level-2'><a class=\"ez-toc-link ez-toc-heading-3\" href=\"https:\/\/ps99slot.com\/gioi-thieu-ps99\/#Tam_nhin_va_su_menh_cua_PS99\" >T\u1ea7m nh\u00ecn v\u00e0 s\u1ee9 m\u1ec7nh c\u1ee7a PS99<\/a><\/li><li class='ez-toc-page-1 ez-toc-heading-level-2'><a class=\"ez-toc-link ez-toc-heading-4\" href=\"https:\/\/ps99slot.com\/gioi-thieu-ps99\/#Nen_tang_ca_cuoc_uy_tin\" >N\u1ec1n t\u1ea3ng c\u00e1 c\u01b0\u1ee3c uy t\u00edn<\/a><\/li><li class='ez-toc-page-1 ez-toc-heading-level-2'><a class=\"ez-toc-link ez-toc-heading-5\" href=\"https:\/\/ps99slot.com\/gioi-thieu-ps99\/#Dich_vu_minh_bach_va_ben_vung\" >D\u1ecbch v\u1ee5 minh b\u1ea1ch v\u00e0 b\u1ec1n v\u1eefng<\/a><\/li><li class='ez-toc-page-1 ez-toc-heading-level-2'><a class=\"ez-toc-link ez-toc-heading-6\" href=\"https:\/\/ps99slot.com\/gioi-thieu-ps99\/#Mo_rong_thi_truong_chau_A\" >M\u1edf r\u1ed9ng th\u1ecb tr\u01b0\u1eddng ch\u00e2u \u00c1<\/a><\/li><li class='ez-toc-page-1 ez-toc-heading-level-2'><a class=\"ez-toc-link ez-toc-heading-7\" href=\"https:\/\/ps99slot.com\/gioi-thieu-ps99\/#Xay_dung_cong_dong_giai_tri_van_minh\" >X\u00e2y d\u1ef1ng c\u1ed9ng \u0111\u1ed3ng gi\u1ea3i tr\u00ed v\u0103n minh<\/a><\/li><li class='ez-toc-page-1 ez-toc-heading-level-2'><a class=\"ez-toc-link ez-toc-heading-8\" href=\"https:\/\/ps99slot.com\/gioi-thieu-ps99\/#Gia_tri_cot_loi_cua_PS99\" >Gi\u00e1 tr\u1ecb c\u1ed1t l\u00f5i c\u1ee7a PS99<\/a><ul class='ez-toc-list-level-3' ><li class='ez-toc-heading-level-3'><a class=\"ez-toc-link ez-toc-heading-9\" href=\"https:\/\/ps99slot.com\/gioi-thieu-ps99\/#Minh_bach_trong_moi_giao_dich\" >Minh b\u1ea1ch trong m\u1ecdi giao d\u1ecbch<\/a><\/li><li class='ez-toc-page-1 ez-toc-heading-level-3'><a class=\"ez-toc-link ez-toc-heading-10\" href=\"https:\/\/ps99slot.com\/gioi-thieu-ps99\/#Cam_ket_bao_mat_thong_tin\" >Cam k\u1ebft b\u1ea3o m\u1eadt th\u00f4ng tin<\/a><\/li><li class='ez-toc-page-1 ez-toc-heading-level-3'><a class=\"ez-toc-link ez-toc-heading-11\" href=\"https:\/\/ps99slot.com\/gioi-thieu-ps99\/#Ho_tro_nguoi_dung_tan_tam\" >H\u1ed7 tr\u1ee3 ng\u01b0\u1eddi d\u00f9ng t\u1eadn t\u00e2m<\/a><\/li><li class='ez-toc-page-1 ez-toc-heading-level-3'><a class=\"ez-toc-link ez-toc-heading-12\" href=\"https:\/\/ps99slot.com\/gioi-thieu-ps99\/#Khong_ngung_cai_tien_he_thong\" >Kh\u00f4ng ng\u1eebng c\u1ea3i ti\u1ebfn h\u1ec7 th\u1ed1ng<\/a><\/li><\/ul><\/li><li class='ez-toc-page-1 ez-toc-heading-level-2'><a class=\"ez-toc-link ez-toc-heading-13\" href=\"https:\/\/ps99slot.com\/gioi-thieu-ps99\/#Triet_ly_kinh_doanh_va_phat_trien\" >Tri\u1ebft l\u00fd kinh doanh v\u00e0 ph\u00e1t tri\u1ec3n<\/a><ul class='ez-toc-list-level-3' ><li class='ez-toc-heading-level-3'><a class=\"ez-toc-link ez-toc-heading-14\" href=\"https:\/\/ps99slot.com\/gioi-thieu-ps99\/#Lay_nguoi_dung_lam_trung_tam\" >L\u1ea5y ng\u01b0\u1eddi d\u00f9ng l\u00e0m trung t\u00e2m<\/a><\/li><li class='ez-toc-page-1 ez-toc-heading-level-3'><a class=\"ez-toc-link ez-toc-heading-15\" href=\"https:\/\/ps99slot.com\/gioi-thieu-ps99\/#Phat_trien_lau_dai_on_dinh\" >Ph\u00e1t tri\u1ec3n l\u00e2u d\u00e0i, \u1ed5n \u0111\u1ecbnh<\/a><\/li><li class='ez-toc-page-1 ez-toc-heading-level-3'><a class=\"ez-toc-link ez-toc-heading-16\" href=\"https:\/\/ps99slot.com\/gioi-thieu-ps99\/#Doi_moi_cong_nghe_khong_ngung\" >\u0110\u1ed5i m\u1edbi c\u00f4ng ngh\u1ec7 kh\u00f4ng ng\u1eebng<\/a><\/li><\/ul><\/li><li class='ez-toc-page-1 ez-toc-heading-level-2'><a class=\"ez-toc-link ez-toc-heading-17\" href=\"https:\/\/ps99slot.com\/gioi-thieu-ps99\/#Ket_luan\" >K\u1ebft lu\u1eadn<\/a><\/li><\/ul><\/li><\/ul><\/nav><\/div>\n<h1><span class=\"ez-toc-section\" id=\"Gioi_thieu_PS99_%E2%80%93_Nha_cai_chuan_quoc_te_duoc_tin_dung_hang_dau\"><\/span><b>Gi\u1edbi thi\u1ec7u PS99 \u2013 Nh\u00e0 c\u00e1i chu\u1ea9n qu\u1ed1c t\u1ebf \u0111\u01b0\u1ee3c tin d\u00f9ng h\u00e0ng \u0111\u1ea7u<\/b><span class=\"ez-toc-section-end\"><\/span><\/h1>\n<p><span style=\"font-weight: 400;\">Gi\u1edbi thi\u1ec7u PS99 l\u00e0 b\u01b0\u1edbc \u0111\u1ea7u \u0111\u1ec3 kh\u00e1m ph\u00e1 m\u1ed9t n\u1ec1n t\u1ea3ng gi\u1ea3i tr\u00ed tr\u1ef1c tuy\u1ebfn \u0111\u1eb3ng c\u1ea5p, n\u01a1i h\u1ed9i t\u1ee5 \u0111\u1ea7y \u0111\u1ee7 c\u00e1c y\u1ebfu t\u1ed1 v\u1ec1 uy t\u00edn, an to\u00e0n v\u00e0 ch\u1ea5t l\u01b0\u1ee3ng d\u1ecbch v\u1ee5. <a href=\"https:\/\/ps99slot.com\/\">PS99<\/a> n\u1ed5i b\u1eadt v\u1edbi h\u1ec7 th\u1ed1ng c\u00e1 c\u01b0\u1ee3c \u0111a d\u1ea1ng, giao di\u1ec7n hi\u1ec7n \u0111\u1ea1i v\u00e0 c\u01a1 ch\u1ebf v\u1eadn h\u00e0nh minh b\u1ea1ch, mang \u0111\u1ebfn tr\u1ea3i nghi\u1ec7m \u1ed5n \u0111\u1ecbnh cho m\u1ecdi ng\u01b0\u1eddi tham gia.<\/span><\/p>\n<h2><span class=\"ez-toc-section\" id=\"Gioi_thieu_PS99_%E2%80%93_Thuong_hieu_giai_tri_truc_tuyen_uy_tin_hang_dau\"><\/span><b>Gi\u1edbi thi\u1ec7u PS99 \u2013 Th\u01b0\u01a1ng hi\u1ec7u gi\u1ea3i tr\u00ed tr\u1ef1c tuy\u1ebfn uy t\u00edn h\u00e0ng \u0111\u1ea7u<\/b><span class=\"ez-toc-section-end\"><\/span><\/h2>\n<p><span style=\"font-weight: 400;\">Gi\u1edbi thi\u1ec7u PS99 cho th\u1ea5y \u0111\u00e2y l\u00e0 th\u01b0\u01a1ng hi\u1ec7u \u0111\u00e3 nhanh ch\u00f3ng x\u00e2y d\u1ef1ng \u0111\u01b0\u1ee3c v\u1ecb th\u1ebf v\u1eefng ch\u1eafc tr\u00ean th\u1ecb tr\u01b0\u1eddng gi\u1ea3i tr\u00ed tr\u1ef1c tuy\u1ebfn ch\u00e2u \u00c1. N\u1ec1n t\u1ea3ng \u0111\u01b0\u1ee3c ph\u00e1t tri\u1ec3n theo ti\u00eau chu\u1ea9n qu\u1ed1c t\u1ebf, \u0111\u1ea3m b\u1ea3o m\u00f4i tr\u01b0\u1eddng c\u00e1 c\u01b0\u1ee3c c\u00f4ng b\u1eb1ng, minh b\u1ea1ch v\u00e0 an to\u00e0n.<\/span><\/p>\n<figure id=\"attachment_127\" aria-describedby=\"caption-attachment-127\" style=\"width: 800px\" class=\"wp-caption aligncenter\"><img loading=\"lazy\" decoding=\"async\" class=\"size-full wp-image-127\" src=\"https:\/\/ps99slot.com\/wp-content\/uploads\/2026\/01\/gioi-thieu-ps99-thuong-hieu-uy-tin-hang-dau_29.webp\" alt=\"gioi-thieu-ps99-thuong-hieu-uy-tin-hang-dau_29\" width=\"800\" height=\"400\" srcset=\"https:\/\/ps99slot.com\/wp-content\/uploads\/2026\/01\/gioi-thieu-ps99-thuong-hieu-uy-tin-hang-dau_29.webp 800w, https:\/\/ps99slot.com\/wp-content\/uploads\/2026\/01\/gioi-thieu-ps99-thuong-hieu-uy-tin-hang-dau_29-300x150.webp 300w, https:\/\/ps99slot.com\/wp-content\/uploads\/2026\/01\/gioi-thieu-ps99-thuong-hieu-uy-tin-hang-dau_29-768x384.webp 768w\" sizes=\"auto, (max-width: 800px) 100vw, 800px\" \/><figcaption id=\"caption-attachment-127\" class=\"wp-caption-text\">Gi\u1edbi thi\u1ec7u ps99 &#8211; th\u01b0\u01a1ng hi\u1ec7u uy t\u00edn h\u00e0ng \u0111\u1ea7u<\/figcaption><\/figure>\n<p><span style=\"font-weight: 400;\">Uy t\u00edn c\u1ee7a PS99 \u0111\u01b0\u1ee3c kh\u1eb3ng \u0111\u1ecbnh th\u00f4ng qua h\u1ec7 th\u1ed1ng v\u1eadn h\u00e0nh chuy\u00ean nghi\u1ec7p, ch\u00ednh s\u00e1ch b\u1ea3o m\u1eadt ch\u1eb7t ch\u1ebd v\u00e0 s\u1ef1 \u0111\u00e1nh gi\u00e1 t\u00edch c\u1ef1c t\u1eeb c\u1ed9ng \u0111\u1ed3ng ng\u01b0\u1eddi d\u00f9ng. M\u1ed7i d\u1ecbch v\u1ee5 \u0111\u1ec1u \u0111\u01b0\u1ee3c t\u1ed1i \u01b0u \u0111\u1ec3 \u0111\u00e1p \u1ee9ng nhu c\u1ea7u \u0111a d\u1ea1ng c\u1ee7a th\u1ecb tr\u01b0\u1eddng.<\/span><\/p>\n<h2><span class=\"ez-toc-section\" id=\"Tam_nhin_va_su_menh_cua_PS99\"><\/span><b>T\u1ea7m nh\u00ecn v\u00e0 s\u1ee9 m\u1ec7nh c\u1ee7a PS99<\/b><span class=\"ez-toc-section-end\"><\/span><\/h2>\n<p><span style=\"font-weight: 400;\">Gi\u1edbi thi\u1ec7u PS99 kh\u00f4ng th\u1ec3 thi\u1ebfu \u0111\u1ecbnh h\u01b0\u1edbng ph\u00e1t tri\u1ec3n l\u00e2u d\u00e0i v\u00e0 r\u00f5 r\u00e0ng. N\u1ec1n t\u1ea3ng h\u01b0\u1edbng \u0111\u1ebfn m\u1ee5c ti\u00eau tr\u1edf th\u00e0nh h\u1ec7 sinh th\u00e1i gi\u1ea3i tr\u00ed tr\u1ef1c tuy\u1ebfn h\u00e0ng \u0111\u1ea7u khu v\u1ef1c, mang l\u1ea1i gi\u00e1 tr\u1ecb b\u1ec1n v\u1eefng cho ng\u01b0\u1eddi d\u00f9ng.<\/span><\/p>\n<p><span style=\"font-weight: 400;\">S\u1ee9 m\u1ec7nh c\u1ee7a PS99 l\u00e0 t\u1ea1o ra m\u1ed9t m\u00f4i tr\u01b0\u1eddng c\u00e1 c\u01b0\u1ee3c:<\/span><\/p>\n<ul>\n<li style=\"font-weight: 400;\" aria-level=\"1\"><span style=\"font-weight: 400;\">An to\u00e0n tuy\u1ec7t \u0111\u1ed1i<\/span><\/li>\n<li style=\"font-weight: 400;\" aria-level=\"1\"><span style=\"font-weight: 400;\">Minh b\u1ea1ch trong m\u1ecdi ho\u1ea1t \u0111\u1ed9ng<\/span><\/li>\n<li style=\"font-weight: 400;\" aria-level=\"1\"><span style=\"font-weight: 400;\">C\u00f4ng b\u1eb1ng cho t\u1ea5t c\u1ea3 ng\u01b0\u1eddi tham gia<\/span><\/li>\n<\/ul>\n<h2><span class=\"ez-toc-section\" id=\"Nen_tang_ca_cuoc_uy_tin\"><\/span><b>N\u1ec1n t\u1ea3ng c\u00e1 c\u01b0\u1ee3c uy t\u00edn<\/b><span class=\"ez-toc-section-end\"><\/span><\/h2>\n<p><span style=\"font-weight: 400;\">Gi\u1edbi thi\u1ec7u PS99 cho th\u1ea5y \u0111\u00e2y l\u00e0 th\u01b0\u01a1ng hi\u1ec7u \u0111\u01b0\u1ee3c c\u1ea5p ph\u00e9p v\u00e0 qu\u1ea3n l\u00fd theo c\u00e1c ti\u00eau chu\u1ea9n qu\u1ed1c t\u1ebf. H\u1ec7 th\u1ed1ng ho\u1ea1t \u0111\u1ed9ng \u1ed5n \u0111\u1ecbnh, \u0111\u1ea3m b\u1ea3o m\u1ecdi giao d\u1ecbch \u0111\u1ec1u \u0111\u01b0\u1ee3c x\u1eed l\u00fd nhanh ch\u00f3ng v\u00e0 ch\u00ednh x\u00e1c.<\/span><\/p>\n<p><span style=\"font-weight: 400;\">Ng\u01b0\u1eddi d\u00f9ng c\u00f3 th\u1ec3 y\u00ean t\u00e2m tr\u1ea3i nghi\u1ec7m c\u00e1c s\u1ea3n ph\u1ea9m c\u00e1 c\u01b0\u1ee3c m\u00e0 kh\u00f4ng ph\u1ea3i lo l\u1eafng v\u1ec1 v\u1ea5n \u0111\u1ec1 b\u1ea3o m\u1eadt hay gian l\u1eadn.<\/span><\/p>\n<h2><span class=\"ez-toc-section\" id=\"Dich_vu_minh_bach_va_ben_vung\"><\/span><b>D\u1ecbch v\u1ee5 minh b\u1ea1ch v\u00e0 b\u1ec1n v\u1eefng<\/b><span class=\"ez-toc-section-end\"><\/span><\/h2>\n<p><span style=\"font-weight: 400;\">Gi\u1edbi thi\u1ec7u PS99 th\u1ec3 hi\u1ec7n cam k\u1ebft minh b\u1ea1ch tuy\u1ec7t \u0111\u1ed1i trong m\u1ecdi ho\u1ea1t \u0111\u1ed9ng, v\u1edbi to\u00e0n b\u1ed9 quy tr\u00ecnh t\u1eeb \u0111\u0103ng k\u00fd, giao d\u1ecbch \u0111\u1ebfn tham gia tr\u00f2 ch\u01a1i \u0111\u1ec1u \u0111\u01b0\u1ee3c c\u00f4ng khai r\u00f5 r\u00e0ng, qua \u0111\u00f3 x\u00e2y d\u1ef1ng l\u00f2ng tin v\u1eefng ch\u1eafc v\u00e0 t\u1ea1o n\u1ec1n t\u1ea3ng ph\u00e1t tri\u1ec3n l\u00e2u d\u00e0i cho th\u01b0\u01a1ng hi\u1ec7u.<\/span><\/p>\n<h2><span class=\"ez-toc-section\" id=\"Mo_rong_thi_truong_chau_A\"><\/span><b>M\u1edf r\u1ed9ng th\u1ecb tr\u01b0\u1eddng ch\u00e2u \u00c1<\/b><span class=\"ez-toc-section-end\"><\/span><\/h2>\n<p><span style=\"font-weight: 400;\">Gi\u1edbi thi\u1ec7u PS99 cho th\u1ea5y chi\u1ebfn l\u01b0\u1ee3c ph\u00e1t tri\u1ec3n kh\u00f4ng ch\u1ec9 d\u1eebng l\u1ea1i \u1edf m\u1ed9t qu\u1ed1c gia m\u00e0 h\u01b0\u1edbng \u0111\u1ebfn to\u00e0n b\u1ed9 khu v\u1ef1c ch\u00e2u \u00c1. C\u00e1c s\u1ea3n ph\u1ea9m v\u00e0 d\u1ecbch v\u1ee5 \u0111\u01b0\u1ee3c t\u1ed1i \u01b0u \u0111\u1ec3 ph\u00f9 h\u1ee3p v\u1edbi th\u00f3i quen v\u00e0 nhu c\u1ea7u c\u1ee7a ng\u01b0\u1eddi d\u00f9ng trong khu v\u1ef1c.<\/span><\/p>\n<h2><span class=\"ez-toc-section\" id=\"Xay_dung_cong_dong_giai_tri_van_minh\"><\/span><b>X\u00e2y d\u1ef1ng c\u1ed9ng \u0111\u1ed3ng gi\u1ea3i tr\u00ed v\u0103n minh<\/b><span class=\"ez-toc-section-end\"><\/span><\/h2>\n<p><span style=\"font-weight: 400;\">PS99 ch\u00fa tr\u1ecdng t\u1ea1o d\u1ef1ng m\u00f4i tr\u01b0\u1eddng gi\u1ea3i tr\u00ed l\u00e0nh m\u1ea1nh, t\u00f4n tr\u1ecdng ng\u01b0\u1eddi d\u00f9ng v\u00e0 \u0111\u1ec1 cao t\u00ednh c\u00f4ng b\u1eb1ng. C\u00e1c ch\u00ednh s\u00e1ch h\u1ed7 tr\u1ee3 \u0111\u01b0\u1ee3c thi\u1ebft k\u1ebf nh\u1eb1m \u0111\u1ea3m b\u1ea3o quy\u1ec1n l\u1ee3i v\u00e0 tr\u1ea3i nghi\u1ec7m t\u1ed1t nh\u1ea5t cho th\u00e0nh vi\u00ean.<\/span><\/p>\n<figure id=\"attachment_115\" aria-describedby=\"caption-attachment-115\" style=\"width: 800px\" class=\"wp-caption aligncenter\"><img loading=\"lazy\" decoding=\"async\" class=\"size-full wp-image-115\" src=\"https:\/\/ps99slot.com\/wp-content\/uploads\/2026\/01\/cong-dong-giai-tri-van-minh_15.webp\" alt=\"cong-dong-giai-tri-van-minh_15\" width=\"800\" height=\"400\" srcset=\"https:\/\/ps99slot.com\/wp-content\/uploads\/2026\/01\/cong-dong-giai-tri-van-minh_15.webp 800w, https:\/\/ps99slot.com\/wp-content\/uploads\/2026\/01\/cong-dong-giai-tri-van-minh_15-300x150.webp 300w, https:\/\/ps99slot.com\/wp-content\/uploads\/2026\/01\/cong-dong-giai-tri-van-minh_15-768x384.webp 768w\" sizes=\"auto, (max-width: 800px) 100vw, 800px\" \/><figcaption id=\"caption-attachment-115\" class=\"wp-caption-text\">C\u1ed9ng \u0111\u1ed3ng gi\u1ea3i tr\u00ed v\u0103n minh<\/figcaption><\/figure>\n<h2><span class=\"ez-toc-section\" id=\"Gia_tri_cot_loi_cua_PS99\"><\/span><b>Gi\u00e1 tr\u1ecb c\u1ed1t l\u00f5i c\u1ee7a PS99<\/b><span class=\"ez-toc-section-end\"><\/span><\/h2>\n<p><span style=\"font-weight: 400;\">Gi\u00e1 tr\u1ecb c\u1ed1t l\u00f5i c\u1ee7a PS99 \u0111\u01b0\u1ee3c x\u00e2y d\u1ef1ng d\u1ef1a tr\u00ean s\u1ef1 minh b\u1ea1ch, uy t\u00edn v\u00e0 tr\u1ea3i nghi\u1ec7m ng\u01b0\u1eddi d\u00f9ng, t\u1ea1o n\u1ec1n t\u1ea3ng v\u1eefng ch\u1eafc cho m\u1ed9t m\u00f4i tr\u01b0\u1eddng gi\u1ea3i tr\u00ed an to\u00e0n, chuy\u00ean nghi\u1ec7p v\u00e0 b\u1ec1n v\u1eefng l\u00e2u d\u00e0i.<\/span><\/p>\n<h3><span class=\"ez-toc-section\" id=\"Minh_bach_trong_moi_giao_dich\"><\/span><b>Minh b\u1ea1ch trong m\u1ecdi giao d\u1ecbch<\/b><span class=\"ez-toc-section-end\"><\/span><\/h3>\n<p><span style=\"font-weight: 400;\">M\u1ecdi giao d\u1ecbch \u0111\u1ec1u c\u00f3 quy tr\u00ecnh r\u00f5 r\u00e0ng, cho ph\u00e9p ng\u01b0\u1eddi d\u00f9ng d\u1ec5 d\u00e0ng ki\u1ec3m tra v\u00e0 theo d\u00f5i l\u1ecbch s\u1eed ho\u1ea1t \u0111\u1ed9ng.<\/span><\/p>\n<h3><span class=\"ez-toc-section\" id=\"Cam_ket_bao_mat_thong_tin\"><\/span><b>Cam k\u1ebft b\u1ea3o m\u1eadt th\u00f4ng tin<\/b><span class=\"ez-toc-section-end\"><\/span><\/h3>\n<p><span style=\"font-weight: 400;\">Gi\u1edbi thi\u1ec7u PS99 lu\u00f4n \u0111i k\u00e8m v\u1edbi h\u1ec7 th\u1ed1ng b\u1ea3o m\u1eadt hi\u1ec7n \u0111\u1ea1i, \u00e1p d\u1ee5ng c\u00f4ng ngh\u1ec7 m\u00e3 h\u00f3a ti\u00ean ti\u1ebfn nh\u1eb1m b\u1ea3o v\u1ec7 tuy\u1ec7t \u0111\u1ed1i d\u1eef li\u1ec7u c\u00e1 nh\u00e2n.<\/span><\/p>\n<h3><span class=\"ez-toc-section\" id=\"Ho_tro_nguoi_dung_tan_tam\"><\/span><b>H\u1ed7 tr\u1ee3 ng\u01b0\u1eddi d\u00f9ng t\u1eadn t\u00e2m<\/b><span class=\"ez-toc-section-end\"><\/span><\/h3>\n<p><span style=\"font-weight: 400;\">\u0110\u1ed9i ng\u0169 CSKH ho\u1ea1t \u0111\u1ed9ng li\u00ean t\u1ee5c, s\u1eb5n s\u00e0ng gi\u1ea3i \u0111\u00e1p th\u1eafc m\u1eafc v\u00e0 x\u1eed l\u00fd v\u1ea5n \u0111\u1ec1 nhanh ch\u00f3ng, gi\u00fap tr\u1ea3i nghi\u1ec7m lu\u00f4n li\u1ec1n m\u1ea1ch.<\/span><\/p>\n<h3><span class=\"ez-toc-section\" id=\"Khong_ngung_cai_tien_he_thong\"><\/span><b>Kh\u00f4ng ng\u1eebng c\u1ea3i ti\u1ebfn h\u1ec7 th\u1ed1ng<\/b><span class=\"ez-toc-section-end\"><\/span><\/h3>\n<p><span style=\"font-weight: 400;\">PS99 li\u00ean t\u1ee5c n\u00e2ng c\u1ea5p c\u00f4ng ngh\u1ec7 v\u00e0 t\u1ed1i \u01b0u t\u00ednh n\u0103ng \u0111\u1ec3 mang \u0111\u1ebfn tr\u1ea3i nghi\u1ec7m hi\u1ec7n \u0111\u1ea1i, m\u01b0\u1ee3t m\u00e0 h\u01a1n m\u1ed7i ng\u00e0y.<\/span><\/p>\n<h2><span class=\"ez-toc-section\" id=\"Triet_ly_kinh_doanh_va_phat_trien\"><\/span><b>Tri\u1ebft l\u00fd kinh doanh v\u00e0 ph\u00e1t tri\u1ec3n<\/b><span class=\"ez-toc-section-end\"><\/span><\/h2>\n<p><span style=\"font-weight: 400;\">Gi\u1edbi thi\u1ec7u PS99 ph\u1ea3n \u00e1nh r\u00f5 tri\u1ebft l\u00fd ph\u00e1t tri\u1ec3n b\u1ec1n v\u1eefng d\u1ef1a tr\u00ean:<\/span><\/p>\n<figure id=\"attachment_96\" aria-describedby=\"caption-attachment-96\" style=\"width: 800px\" class=\"wp-caption aligncenter\"><img loading=\"lazy\" decoding=\"async\" class=\"size-full wp-image-96\" src=\"https:\/\/ps99slot.com\/wp-content\/uploads\/2026\/01\/triet-ly-kinh-doanh-va-phat-trien-cua-ps99_62.webp\" alt=\"triet-ly-kinh-doanh-va-phat-trien-cua-ps99_62\" width=\"800\" height=\"400\" srcset=\"https:\/\/ps99slot.com\/wp-content\/uploads\/2026\/01\/triet-ly-kinh-doanh-va-phat-trien-cua-ps99_62.webp 800w, https:\/\/ps99slot.com\/wp-content\/uploads\/2026\/01\/triet-ly-kinh-doanh-va-phat-trien-cua-ps99_62-300x150.webp 300w, https:\/\/ps99slot.com\/wp-content\/uploads\/2026\/01\/triet-ly-kinh-doanh-va-phat-trien-cua-ps99_62-768x384.webp 768w\" sizes=\"auto, (max-width: 800px) 100vw, 800px\" \/><figcaption id=\"caption-attachment-96\" class=\"wp-caption-text\">Tri\u1ebft l\u00fd kinh doanh v\u00e0 ph\u00e1t tri\u1ec3n c\u1ee7a ps99<\/figcaption><\/figure>\n<ul>\n<li style=\"font-weight: 400;\" aria-level=\"1\"><span style=\"font-weight: 400;\">Ni\u1ec1m tin c\u1ee7a ng\u01b0\u1eddi d\u00f9ng<\/span><\/li>\n<li style=\"font-weight: 400;\" aria-level=\"1\"><span style=\"font-weight: 400;\">Ch\u1ea5t l\u01b0\u1ee3ng d\u1ecbch v\u1ee5<\/span><\/li>\n<li style=\"font-weight: 400;\" aria-level=\"1\"><span style=\"font-weight: 400;\">S\u1ef1 \u0111\u1ed5i m\u1edbi c\u00f4ng ngh\u1ec7 li\u00ean t\u1ee5c<\/span><\/li>\n<\/ul>\n<h3><span class=\"ez-toc-section\" id=\"Lay_nguoi_dung_lam_trung_tam\"><\/span><b>L\u1ea5y ng\u01b0\u1eddi d\u00f9ng l\u00e0m trung t\u00e2m<\/b><span class=\"ez-toc-section-end\"><\/span><\/h3>\n<p><span style=\"font-weight: 400;\">M\u1ecdi c\u1ea3i ti\u1ebfn \u0111\u1ec1u xu\u1ea5t ph\u00e1t t\u1eeb nhu c\u1ea7u v\u00e0 ph\u1ea3n h\u1ed3i c\u1ee7a c\u1ed9ng \u0111\u1ed3ng.<\/span><\/p>\n<h3><span class=\"ez-toc-section\" id=\"Phat_trien_lau_dai_on_dinh\"><\/span><b>Ph\u00e1t tri\u1ec3n l\u00e2u d\u00e0i, \u1ed5n \u0111\u1ecbnh<\/b><span class=\"ez-toc-section-end\"><\/span><\/h3>\n<p><span style=\"font-weight: 400;\">Chi\u1ebfn l\u01b0\u1ee3c m\u1edf r\u1ed9ng \u0111\u01b0\u1ee3c x\u00e2y d\u1ef1ng song song v\u1edbi vi\u1ec7c duy tr\u00ec uy t\u00edn th\u01b0\u01a1ng hi\u1ec7u.<\/span><\/p>\n<h3><span class=\"ez-toc-section\" id=\"Doi_moi_cong_nghe_khong_ngung\"><\/span><b>\u0110\u1ed5i m\u1edbi c\u00f4ng ngh\u1ec7 kh\u00f4ng ng\u1eebng<\/b><span class=\"ez-toc-section-end\"><\/span><\/h3>\n<p><span style=\"font-weight: 400;\">PS99 lu\u00f4n c\u1eadp nh\u1eadt xu h\u01b0\u1edbng m\u1edbi \u0111\u1ec3 gi\u1eef v\u1eefng v\u1ecb th\u1ebf trong ng\u00e0nh gi\u1ea3i tr\u00ed tr\u1ef1c tuy\u1ebfn.<\/span><\/p>\n<h2><span class=\"ez-toc-section\" id=\"Ket_luan\"><\/span><b>K\u1ebft lu\u1eadn<\/b><span class=\"ez-toc-section-end\"><\/span><\/h2>\n<p><span style=\"font-weight: 400;\">Gi\u1edbi thi\u1ec7u PS99 ch\u00ednh l\u00e0 l\u1eddi kh\u1eb3ng \u0111\u1ecbnh v\u1ec1 m\u1ed9t n\u1ec1n t\u1ea3ng gi\u1ea3i tr\u00ed tr\u1ef1c tuy\u1ebfn chu\u1ea9n qu\u1ed1c t\u1ebf, n\u01a1i h\u1ed9i t\u1ee5 \u0111\u1ea7y \u0111\u1ee7 c\u00e1c y\u1ebfu t\u1ed1 an to\u00e0n, minh b\u1ea1ch v\u00e0 chuy\u00ean nghi\u1ec7p. Tham gia PS99 \u0111\u1ed3ng ngh\u0129a v\u1edbi vi\u1ec7c l\u1ef1a ch\u1ecdn m\u1ed9t m\u00f4i tr\u01b0\u1eddng c\u00e1 c\u01b0\u1ee3c uy t\u00edn, hi\u1ec7n \u0111\u1ea1i v\u00e0 b\u1ec1n v\u1eefng.<\/span><\/p>\n","protected":false},"excerpt":{"rendered":"<p>Gi\u1edbi thi\u1ec7u PS99 \u2013 Nh\u00e0 c\u00e1i chu\u1ea9n qu\u1ed1c t\u1ebf \u0111\u01b0\u1ee3c tin d\u00f9ng h\u00e0ng \u0111\u1ea7u Gi\u1edbi thi\u1ec7u PS99 l\u00e0 b\u01b0\u1edbc \u0111\u1ea7u \u0111\u1ec3 kh\u00e1m ph\u00e1 m\u1ed9t n\u1ec1n t\u1ea3ng gi\u1ea3i tr\u00ed tr\u1ef1c tuy\u1ebfn \u0111\u1eb3ng c\u1ea5p, n\u01a1i h\u1ed9i t\u1ee5 \u0111\u1ea7y \u0111\u1ee7 c\u00e1c y\u1ebfu t\u1ed1 v\u1ec1 uy t\u00edn, an to\u00e0n v\u00e0 ch\u1ea5t l\u01b0\u1ee3ng d\u1ecbch v\u1ee5. PS99 n\u1ed5i b\u1eadt v\u1edbi h\u1ec7 [&#8230;]\n","protected":false},"author":1,"featured_media":126,"parent":0,"menu_order":0,"comment_status":"closed","ping_status":"closed","template":"","meta":{"footnotes":""},"class_list":["post-141","page","type-page","status-publish","has-post-thumbnail","hentry"],"_links":{"self":[{"href":"https:\/\/ps99slot.com\/wp-json\/wp\/v2\/pages\/141","targetHints":{"allow":["GET"]}}],"collection":[{"href":"https:\/\/ps99slot.com\/wp-json\/wp\/v2\/pages"}],"about":[{"href":"https:\/\/ps99slot.com\/wp-json\/wp\/v2\/types\/page"}],"author":[{"embeddable":true,"href":"https:\/\/ps99slot.com\/wp-json\/wp\/v2\/users\/1"}],"replies":[{"embeddable":true,"href":"https:\/\/ps99slot.com\/wp-json\/wp\/v2\/comments?post=141"}],"version-history":[{"count":1,"href":"https:\/\/ps99slot.com\/wp-json\/wp\/v2\/pages\/141\/revisions"}],"predecessor-version":[{"id":142,"href":"https:\/\/ps99slot.com\/wp-json\/wp\/v2\/pages\/141\/revisions\/142"}],"wp:featuredmedia":[{"embeddable":true,"href":"https:\/\/ps99slot.com\/wp-json\/wp\/v2\/media\/126"}],"wp:attachment":[{"href":"https:\/\/ps99slot.com\/wp-json\/wp\/v2\/media?parent=141"}],"curies":[{"name":"wp","href":"https:\/\/api.w.org\/{rel}","templated":true}]}}