{"id":147,"date":"2026-01-25T19:14:33","date_gmt":"2026-01-25T12:14:33","guid":{"rendered":"https:\/\/ps99slot.com\/?page_id=147"},"modified":"2026-01-25T19:14:33","modified_gmt":"2026-01-25T12:14:33","slug":"dieu-khoan-dieu-kien-ps99","status":"publish","type":"page","link":"https:\/\/ps99slot.com\/dieu-khoan-dieu-kien-ps99\/","title":{"rendered":"\u0110i\u1ec1u Kho\u1ea3n \u0110i\u1ec1u Ki\u1ec7n PS99"},"content":{"rendered":"<div id=\"ez-toc-container\" class=\"ez-toc-v2_0_79_2 counter-hierarchy ez-toc-counter ez-toc-grey ez-toc-container-direction\">\n<div class=\"ez-toc-title-container\">\n<p class=\"ez-toc-title\" style=\"cursor:inherit\">Table of Contents<\/p>\n<span class=\"ez-toc-title-toggle\"><a href=\"#\" class=\"ez-toc-pull-right ez-toc-btn ez-toc-btn-xs ez-toc-btn-default ez-toc-toggle\" aria-label=\"Toggle Table of Content\"><span class=\"ez-toc-js-icon-con\"><span class=\"\"><span class=\"eztoc-hide\" style=\"display:none;\">Toggle<\/span><span class=\"ez-toc-icon-toggle-span\"><svg style=\"fill: #999;color:#999\" xmlns=\"http:\/\/www.w3.org\/2000\/svg\" class=\"list-377408\" width=\"20px\" height=\"20px\" viewBox=\"0 0 24 24\" fill=\"none\"><path d=\"M6 6H4v2h2V6zm14 0H8v2h12V6zM4 11h2v2H4v-2zm16 0H8v2h12v-2zM4 16h2v2H4v-2zm16 0H8v2h12v-2z\" fill=\"currentColor\"><\/path><\/svg><svg style=\"fill: #999;color:#999\" class=\"arrow-unsorted-368013\" xmlns=\"http:\/\/www.w3.org\/2000\/svg\" width=\"10px\" height=\"10px\" viewBox=\"0 0 24 24\" version=\"1.2\" baseProfile=\"tiny\"><path d=\"M18.2 9.3l-6.2-6.3-6.2 6.3c-.2.2-.3.4-.3.7s.1.5.3.7c.2.2.4.3.7.3h11c.3 0 .5-.1.7-.3.2-.2.3-.5.3-.7s-.1-.5-.3-.7zM5.8 14.7l6.2 6.3 6.2-6.3c.2-.2.3-.5.3-.7s-.1-.5-.3-.7c-.2-.2-.4-.3-.7-.3h-11c-.3 0-.5.1-.7.3-.2.2-.3.5-.3.7s.1.5.3.7z\"\/><\/svg><\/span><\/span><\/span><\/a><\/span><\/div>\n<nav><ul class='ez-toc-list ez-toc-list-level-1 ' ><li class='ez-toc-page-1 ez-toc-heading-level-1'><a class=\"ez-toc-link ez-toc-heading-1\" href=\"https:\/\/ps99slot.com\/dieu-khoan-dieu-kien-ps99\/#Dieu_Khoan_Dieu_Kien_PS99_%E2%80%93_Quy_Dinh_Khi_Tham_Gia_Ca_Cuoc_An_Toan\" >\u0110i\u1ec1u Kho\u1ea3n \u0110i\u1ec1u Ki\u1ec7n PS99 \u2013 Quy \u0110\u1ecbnh Khi Tham Gia C\u00e1 C\u01b0\u1ee3c An To\u00e0n<\/a><ul class='ez-toc-list-level-2' ><li class='ez-toc-heading-level-2'><a class=\"ez-toc-link ez-toc-heading-2\" href=\"https:\/\/ps99slot.com\/dieu-khoan-dieu-kien-ps99\/#Tong_quan_ve_dieu_khoan_dieu_kien_PS99\" >T\u1ed5ng quan v\u1ec1 \u0111i\u1ec1u kho\u1ea3n \u0111i\u1ec1u ki\u1ec7n PS99<\/a><\/li><li class='ez-toc-page-1 ez-toc-heading-level-2'><a class=\"ez-toc-link ez-toc-heading-3\" href=\"https:\/\/ps99slot.com\/dieu-khoan-dieu-kien-ps99\/#Quy_dinh_ve_do_tuoi\" >Quy \u0111\u1ecbnh v\u1ec1 \u0111\u1ed9 tu\u1ed5i<\/a><\/li><li class='ez-toc-page-1 ez-toc-heading-level-2'><a class=\"ez-toc-link ez-toc-heading-4\" href=\"https:\/\/ps99slot.com\/dieu-khoan-dieu-kien-ps99\/#Quy_dinh_dang_ky_tai_khoan\" >Quy \u0111\u1ecbnh \u0111\u0103ng k\u00fd t\u00e0i kho\u1ea3n<\/a><\/li><li class='ez-toc-page-1 ez-toc-heading-level-2'><a class=\"ez-toc-link ez-toc-heading-5\" href=\"https:\/\/ps99slot.com\/dieu-khoan-dieu-kien-ps99\/#Dieu_khoan_dieu_kien_danh_cho_hoi_vien\" >\u0110i\u1ec1u kho\u1ea3n \u0111i\u1ec1u ki\u1ec7n d\u00e0nh cho h\u1ed9i vi\u00ean<\/a><\/li><li class='ez-toc-page-1 ez-toc-heading-level-2'><a class=\"ez-toc-link ez-toc-heading-6\" href=\"https:\/\/ps99slot.com\/dieu-khoan-dieu-kien-ps99\/#Cam_ket_ve_giao_dich_tai_chinh\" >Cam k\u1ebft v\u1ec1 giao d\u1ecbch t\u00e0i ch\u00ednh<\/a><\/li><li class='ez-toc-page-1 ez-toc-heading-level-2'><a class=\"ez-toc-link ez-toc-heading-7\" href=\"https:\/\/ps99slot.com\/dieu-khoan-dieu-kien-ps99\/#Bao_mat_thong_tin_nguoi_dung\" >B\u1ea3o m\u1eadt th\u00f4ng tin ng\u01b0\u1eddi d\u00f9ng<\/a><\/li><li class='ez-toc-page-1 ez-toc-heading-level-2'><a class=\"ez-toc-link ez-toc-heading-8\" href=\"https:\/\/ps99slot.com\/dieu-khoan-dieu-kien-ps99\/#Y_nghia_cua_viec_tuan_thu_dieu_khoan_dieu_kien_PS99\" >\u00dd ngh\u0129a c\u1ee7a vi\u1ec7c tu\u00e2n th\u1ee7 \u0111i\u1ec1u kho\u1ea3n \u0111i\u1ec1u ki\u1ec7n PS99<\/a><ul class='ez-toc-list-level-3' ><li class='ez-toc-heading-level-3'><a class=\"ez-toc-link ez-toc-heading-9\" href=\"https:\/\/ps99slot.com\/dieu-khoan-dieu-kien-ps99\/#Bao_ve_quyen_loi_ca_nhan\" >B\u1ea3o v\u1ec7 quy\u1ec1n l\u1ee3i c\u00e1 nh\u00e2n<\/a><\/li><li class='ez-toc-page-1 ez-toc-heading-level-3'><a class=\"ez-toc-link ez-toc-heading-10\" href=\"https:\/\/ps99slot.com\/dieu-khoan-dieu-kien-ps99\/#Xac_dinh_ro_trach_nhiem_va_nghia_vu\" >X\u00e1c \u0111\u1ecbnh r\u00f5 tr\u00e1ch nhi\u1ec7m v\u00e0 ngh\u0129a v\u1ee5<\/a><\/li><li class='ez-toc-page-1 ez-toc-heading-level-3'><a class=\"ez-toc-link ez-toc-heading-11\" href=\"https:\/\/ps99slot.com\/dieu-khoan-dieu-kien-ps99\/#Duy_tri_moi_truong_giai_tri_lanh_manh\" >Duy tr\u00ec m\u00f4i tr\u01b0\u1eddng gi\u1ea3i tr\u00ed l\u00e0nh m\u1ea1nh<\/a><\/li><\/ul><\/li><li class='ez-toc-page-1 ez-toc-heading-level-2'><a class=\"ez-toc-link ez-toc-heading-12\" href=\"https:\/\/ps99slot.com\/dieu-khoan-dieu-kien-ps99\/#Loi_ket\" >L\u1eddi k\u1ebft<\/a><\/li><\/ul><\/li><\/ul><\/nav><\/div>\n<h1><span class=\"ez-toc-section\" id=\"Dieu_Khoan_Dieu_Kien_PS99_%E2%80%93_Quy_Dinh_Khi_Tham_Gia_Ca_Cuoc_An_Toan\"><\/span><span style=\"font-weight: 400;\">\u0110i\u1ec1u Kho\u1ea3n \u0110i\u1ec1u Ki\u1ec7n PS99 \u2013 Quy \u0110\u1ecbnh Khi Tham Gia C\u00e1 C\u01b0\u1ee3c An To\u00e0n<\/span><span class=\"ez-toc-section-end\"><\/span><\/h1>\n<p><span style=\"font-weight: 400;\">\u0110i\u1ec1u kho\u1ea3n \u0111i\u1ec1u ki\u1ec7n <a href=\"https:\/\/ps99slot.com\/\">PS99<\/a> l\u00e0 h\u1ec7 th\u1ed1ng quy \u0111\u1ecbnh b\u1eaft bu\u1ed9c \u00e1p d\u1ee5ng cho to\u00e0n b\u1ed9 ng\u01b0\u1eddi d\u00f9ng khi truy c\u1eadp v\u00e0 s\u1eed d\u1ee5ng d\u1ecbch v\u1ee5 t\u1ea1i n\u1ec1n t\u1ea3ng. D\u00f9 \u0111\u00e3 \u0111\u0103ng k\u00fd t\u00e0i kho\u1ea3n hay ch\u1ec9 tham kh\u1ea3o th\u00f4ng tin, m\u1ecdi h\u00e0nh vi t\u01b0\u01a1ng t\u00e1c \u0111\u1ec1u ph\u1ea3i tu\u00e2n th\u1ee7 \u0111\u00fang c\u00e1c quy \u0111\u1ecbnh \u0111\u01b0\u1ee3c \u0111\u1ec1 ra. Vi\u1ec7c n\u1eafm r\u00f5 c\u00e1c \u0111i\u1ec1u kho\u1ea3n n\u00e0y gi\u00fap ng\u01b0\u1eddi ch\u01a1i b\u1ea3o v\u1ec7 quy\u1ec1n l\u1ee3i c\u00e1 nh\u00e2n, \u0111\u1ed3ng th\u1eddi g\u00f3p ph\u1ea7n x\u00e2y d\u1ef1ng m\u00f4i tr\u01b0\u1eddng gi\u1ea3i tr\u00ed minh b\u1ea1ch v\u00e0 c\u00f4ng b\u1eb1ng.<\/span><\/p>\n<h2><span class=\"ez-toc-section\" id=\"Tong_quan_ve_dieu_khoan_dieu_kien_PS99\"><\/span><b>T\u1ed5ng quan v\u1ec1 \u0111i\u1ec1u kho\u1ea3n \u0111i\u1ec1u ki\u1ec7n PS99<\/b><span class=\"ez-toc-section-end\"><\/span><\/h2>\n<p><span style=\"font-weight: 400;\">\u0110i\u1ec1u kho\u1ea3n \u0111i\u1ec1u ki\u1ec7n PS99 \u0111\u00f3ng vai tr\u00f2 nh\u01b0 m\u1ed9t b\u1ea3n th\u1ecfa thu\u1eadn gi\u1eefa n\u1ec1n t\u1ea3ng v\u00e0 ng\u01b0\u1eddi s\u1eed d\u1ee5ng, l\u00e0 c\u01a1 s\u1edf ph\u00e1p l\u00fd \u0111\u1ec3 x\u00e1c \u0111\u1ecbnh r\u00f5 quy\u1ec1n h\u1ea1n, ngh\u0129a v\u1ee5 v\u00e0 tr\u00e1ch nhi\u1ec7m c\u1ee7a hai b\u00ean trong su\u1ed1t qu\u00e1 tr\u00ecnh tr\u1ea3i nghi\u1ec7m d\u1ecbch v\u1ee5, \u0111\u1ed3ng th\u1eddi \u0111\u1ea3m b\u1ea3o m\u1ecdi giao d\u1ecbch v\u00e0 ho\u1ea1t \u0111\u1ed9ng c\u00e1 c\u01b0\u1ee3c di\u1ec5n ra an to\u00e0n, minh b\u1ea1ch v\u00e0 \u1ed5n \u0111\u1ecbnh.<\/span><\/p>\n<figure id=\"attachment_101\" aria-describedby=\"caption-attachment-101\" style=\"width: 800px\" class=\"wp-caption aligncenter\"><img loading=\"lazy\" decoding=\"async\" class=\"size-full wp-image-101\" src=\"https:\/\/ps99slot.com\/wp-content\/uploads\/2026\/01\/vai-net-ve-dieu-khoan-dieu-kien-tai-nha-cai_3.webp\" alt=\"vai-net-ve-dieu-khoan-dieu-kien-PS99\" width=\"800\" height=\"400\" srcset=\"https:\/\/ps99slot.com\/wp-content\/uploads\/2026\/01\/vai-net-ve-dieu-khoan-dieu-kien-tai-nha-cai_3.webp 800w, https:\/\/ps99slot.com\/wp-content\/uploads\/2026\/01\/vai-net-ve-dieu-khoan-dieu-kien-tai-nha-cai_3-300x150.webp 300w, https:\/\/ps99slot.com\/wp-content\/uploads\/2026\/01\/vai-net-ve-dieu-khoan-dieu-kien-tai-nha-cai_3-768x384.webp 768w\" sizes=\"auto, (max-width: 800px) 100vw, 800px\" \/><figcaption id=\"caption-attachment-101\" class=\"wp-caption-text\">V\u00e0i n\u00e9t v\u1ec1 \u0111i\u1ec1u kho\u1ea3n \u0111i\u1ec1u ki\u1ec7n PS99<\/figcaption><\/figure>\n<h2><span class=\"ez-toc-section\" id=\"Quy_dinh_ve_do_tuoi\"><\/span><b>Quy \u0111\u1ecbnh v\u1ec1 \u0111\u1ed9 tu\u1ed5i<\/b><span class=\"ez-toc-section-end\"><\/span><\/h2>\n<p><span style=\"font-weight: 400;\">Theo \u0111i\u1ec1u kho\u1ea3n \u0111i\u1ec1u ki\u1ec7n PS99, ng\u01b0\u1eddi d\u00f9ng ph\u1ea3i \u0111\u1ee7 18 tu\u1ed5i v\u00e0 c\u00f3 \u0111\u1ea7y \u0111\u1ee7 n\u0103ng l\u1ef1c h\u00e0nh vi d\u00e2n s\u1ef1 m\u1edbi \u0111\u01b0\u1ee3c ph\u00e9p tham gia. \u0110\u00e2y l\u00e0 y\u00eau c\u1ea7u b\u1eaft bu\u1ed9c nh\u1eb1m tu\u00e2n th\u1ee7 quy \u0111\u1ecbnh ph\u00e1p l\u00fd c\u0169ng nh\u01b0 b\u1ea3o v\u1ec7 quy\u1ec1n l\u1ee3i c\u00e1 nh\u00e2n c\u1ee7a m\u1ed7i ng\u01b0\u1eddi.<\/span><\/p>\n<p><span style=\"font-weight: 400;\">M\u1ecdi tr\u01b0\u1eddng h\u1ee3p vi ph\u1ea1m \u0111\u1ed9 tu\u1ed5i quy \u0111\u1ecbnh \u0111\u1ec1u c\u00f3 th\u1ec3 b\u1ecb t\u1eeb ch\u1ed1i cung c\u1ea5p d\u1ecbch v\u1ee5 ho\u1eb7c kh\u00f3a t\u00e0i kho\u1ea3n v\u0129nh vi\u1ec5n.<\/span><\/p>\n<h2><span class=\"ez-toc-section\" id=\"Quy_dinh_dang_ky_tai_khoan\"><\/span><b>Quy \u0111\u1ecbnh \u0111\u0103ng k\u00fd t\u00e0i kho\u1ea3n<\/b><span class=\"ez-toc-section-end\"><\/span><\/h2>\n<p><span style=\"font-weight: 400;\">\u0110\u1ec3 s\u1eed d\u1ee5ng c\u00e1c d\u1ecbch v\u1ee5 t\u1ea1i PS99, ng\u01b0\u1eddi d\u00f9ng b\u1eaft bu\u1ed9c ph\u1ea3i t\u1ea1o t\u00e0i kho\u1ea3n v\u00e0 tu\u00e2n th\u1ee7 c\u00e1c n\u1ed9i dung trong \u0111i\u1ec1u kho\u1ea3n \u0111i\u1ec1u ki\u1ec7n PS99 nh\u01b0 sau:<\/span><\/p>\n<figure id=\"attachment_83\" aria-describedby=\"caption-attachment-83\" style=\"width: 800px\" class=\"wp-caption aligncenter\"><img loading=\"lazy\" decoding=\"async\" class=\"size-full wp-image-83\" src=\"https:\/\/ps99slot.com\/wp-content\/uploads\/2026\/01\/quy-dinh-dang-ky-tai-khoan-tai-ps99_49.webp\" alt=\"quy-dinh-dang-ky-tai-khoan-tai-ps99_49\" width=\"800\" height=\"400\" srcset=\"https:\/\/ps99slot.com\/wp-content\/uploads\/2026\/01\/quy-dinh-dang-ky-tai-khoan-tai-ps99_49.webp 800w, https:\/\/ps99slot.com\/wp-content\/uploads\/2026\/01\/quy-dinh-dang-ky-tai-khoan-tai-ps99_49-300x150.webp 300w, https:\/\/ps99slot.com\/wp-content\/uploads\/2026\/01\/quy-dinh-dang-ky-tai-khoan-tai-ps99_49-768x384.webp 768w\" sizes=\"auto, (max-width: 800px) 100vw, 800px\" \/><figcaption id=\"caption-attachment-83\" class=\"wp-caption-text\">Quy \u0111\u1ecbnh \u0111\u0103ng k\u00fd t\u00e0i kho\u1ea3n t\u1ea1i ps99<\/figcaption><\/figure>\n<ul>\n<li style=\"font-weight: 400;\" aria-level=\"1\"><span style=\"font-weight: 400;\">Cung c\u1ea5p th\u00f4ng tin c\u00e1 nh\u00e2n ch\u00ednh x\u00e1c: h\u1ecd t\u00ean, s\u1ed1 \u0111i\u1ec7n tho\u1ea1i, email, t\u00e0i kho\u1ea3n ng\u00e2n h\u00e0ng.<\/span><\/li>\n<li style=\"font-weight: 400;\" aria-level=\"1\"><span style=\"font-weight: 400;\">Kh\u00f4ng s\u1eed d\u1ee5ng th\u00f4ng tin gi\u1ea3 m\u1ea1o ho\u1eb7c tr\u00f9ng l\u1eb7p v\u1edbi t\u00e0i kho\u1ea3n kh\u00e1c.<\/span><\/li>\n<li style=\"font-weight: 400;\" aria-level=\"1\"><span style=\"font-weight: 400;\">M\u1ed7i ng\u01b0\u1eddi ch\u1ec9 \u0111\u01b0\u1ee3c ph\u00e9p s\u1edf h\u1eefu m\u1ed9t t\u00e0i kho\u1ea3n duy nh\u1ea5t.<\/span><\/li>\n<li style=\"font-weight: 400;\" aria-level=\"1\"><span style=\"font-weight: 400;\">Vi\u1ec7c khai b\u00e1o sai th\u00f4ng tin c\u00f3 th\u1ec3 d\u1eabn \u0111\u1ebfn m\u1ea5t quy\u1ec1n l\u1ee3i ho\u1eb7c kh\u00f3a t\u00e0i kho\u1ea3n.<\/span><\/li>\n<\/ul>\n<p><span style=\"font-weight: 400;\">Th\u00f4ng tin \u0111\u0103ng k\u00fd l\u00e0 c\u01a1 s\u1edf \u0111\u1ec3 PS99 x\u00e1c minh danh t\u00ednh v\u00e0 \u0111\u1ea3m b\u1ea3o t\u00ednh minh b\u1ea1ch trong m\u1ecdi giao d\u1ecbch.<\/span><\/p>\n<h2><span class=\"ez-toc-section\" id=\"Dieu_khoan_dieu_kien_danh_cho_hoi_vien\"><\/span><b>\u0110i\u1ec1u kho\u1ea3n \u0111i\u1ec1u ki\u1ec7n d\u00e0nh cho h\u1ed9i vi\u00ean<\/b><span class=\"ez-toc-section-end\"><\/span><\/h2>\n<p><span style=\"font-weight: 400;\">Khi tr\u1edf th\u00e0nh h\u1ed9i vi\u00ean, ng\u01b0\u1eddi d\u00f9ng c\u1ea7n tu\u00e2n th\u1ee7 to\u00e0n b\u1ed9 c\u00e1c quy \u0111\u1ecbnh \u0111\u01b0\u1ee3c \u0111\u1ec1 ra trong \u0111i\u1ec1u kho\u1ea3n \u0111i\u1ec1u ki\u1ec7n PS99, bao g\u1ed3m:<\/span><\/p>\n<ul>\n<li style=\"font-weight: 400;\" aria-level=\"1\"><span style=\"font-weight: 400;\">Quy \u0111\u1ecbnh v\u1ec1 t\u1eebng tr\u00f2 ch\u01a1i: m\u1ed7i game c\u00f3 lu\u1eadt ch\u01a1i v\u00e0 c\u00e1ch t\u00ednh th\u01b0\u1edfng ri\u00eang.<\/span><\/li>\n<li style=\"font-weight: 400;\" aria-level=\"1\"><span style=\"font-weight: 400;\">Quy \u0111\u1ecbnh v\u1ec1 c\u00e1 c\u01b0\u1ee3c th\u1ec3 thao: \u00e1p d\u1ee5ng c\u00e1c nguy\u00ean t\u1eafc x\u00e1c \u0111\u1ecbnh k\u1ebft qu\u1ea3 v\u00e0 x\u1eed l\u00fd v\u00e9 c\u01b0\u1ee3c.<\/span><\/li>\n<li style=\"font-weight: 400;\" aria-level=\"1\"><span style=\"font-weight: 400;\">Quy \u0111\u1ecbnh v\u1ec1 ch\u01b0\u01a1ng tr\u00ecnh khuy\u1ebfn m\u00e3i: m\u1ed7i \u01b0u \u0111\u00e3i c\u00f3 \u0111i\u1ec1u ki\u1ec7n \u00e1p d\u1ee5ng ri\u00eang.<\/span><\/li>\n<li style=\"font-weight: 400;\" aria-level=\"1\"><span style=\"font-weight: 400;\">Quy \u0111\u1ecbnh v\u1ec1 h\u00e0nh vi s\u1eed d\u1ee5ng: kh\u00f4ng gian l\u1eadn, kh\u00f4ng s\u1eed d\u1ee5ng ph\u1ea7n m\u1ec1m th\u1ee9 ba, kh\u00f4ng l\u1ee3i d\u1ee5ng l\u1ed7 h\u1ed5ng h\u1ec7 th\u1ed1ng.<\/span><\/li>\n<\/ul>\n<p><span style=\"font-weight: 400;\">Vi\u1ec7c tu\u00e2n th\u1ee7 \u0111\u1ea7y \u0111\u1ee7 s\u1ebd gi\u00fap \u0111\u1ea3m b\u1ea3o tr\u1ea3i nghi\u1ec7m \u1ed5n \u0111\u1ecbnh v\u00e0 c\u00f4ng b\u1eb1ng cho t\u1ea5t c\u1ea3 ng\u01b0\u1eddi ch\u01a1i.<\/span><\/p>\n<h2><span class=\"ez-toc-section\" id=\"Cam_ket_ve_giao_dich_tai_chinh\"><\/span><b>Cam k\u1ebft v\u1ec1 giao d\u1ecbch t\u00e0i ch\u00ednh<\/b><span class=\"ez-toc-section-end\"><\/span><\/h2>\n<p><span style=\"font-weight: 400;\">Theo \u0111i\u1ec1u kho\u1ea3n \u0111i\u1ec1u ki\u1ec7n PS99, m\u1ecdi giao d\u1ecbch n\u1ea1p v\u00e0 r\u00fat ti\u1ec1n ph\u1ea3i tu\u00e2n theo c\u00e1c quy \u0111\u1ecbnh nghi\u00eam ng\u1eb7t v\u1ec1 x\u00e1c minh v\u00e0 b\u1ea3o m\u1eadt:<\/span><\/p>\n<ul>\n<li style=\"font-weight: 400;\" aria-level=\"1\"><span style=\"font-weight: 400;\">Th\u00f4ng tin ng\u00e2n h\u00e0ng ph\u1ea3i tr\u00f9ng kh\u1edbp v\u1edbi th\u00f4ng tin \u0111\u0103ng k\u00fd t\u00e0i kho\u1ea3n.<\/span><\/li>\n<li style=\"font-weight: 400;\" aria-level=\"1\"><span style=\"font-weight: 400;\">Giao d\u1ecbch ch\u1ec9 \u0111\u01b0\u1ee3c x\u1eed l\u00fd khi ng\u01b0\u1eddi d\u00f9ng \u0111\u00e3 x\u00e1c minh danh t\u00ednh.<\/span><\/li>\n<li style=\"font-weight: 400;\" aria-level=\"1\"><span style=\"font-weight: 400;\">Tr\u01b0\u1eddng h\u1ee3p ch\u1eadm tr\u1ec5 c\u00f3 th\u1ec3 do l\u1ed7i h\u1ec7 th\u1ed1ng ho\u1eb7c k\u1ebft n\u1ed1i m\u1ea1ng.<\/span><\/li>\n<li style=\"font-weight: 400;\" aria-level=\"1\"><span style=\"font-weight: 400;\">M\u1ed7i t\u00e0i kho\u1ea3n c\u00f3 gi\u1edbi h\u1ea1n s\u1ed1 l\u1ea7n v\u00e0 h\u1ea1n m\u1ee9c r\u00fat ti\u1ec1n trong ng\u00e0y.<\/span><\/li>\n<li style=\"font-weight: 400;\" aria-level=\"1\"><span style=\"font-weight: 400;\">Th\u00e0nh vi\u00ean c\u00f3 th\u1ec3 n\u00e2ng c\u1ea5p c\u1ea5p \u0111\u1ed9 \u0111\u1ec3 t\u0103ng h\u1ea1n m\u1ee9c giao d\u1ecbch.<\/span><\/li>\n<\/ul>\n<p><span style=\"font-weight: 400;\">PS99 cam k\u1ebft \u0111\u1ea3m b\u1ea3o an to\u00e0n tuy\u1ec7t \u0111\u1ed1i cho m\u1ecdi giao d\u1ecbch t\u00e0i ch\u00ednh.<\/span><\/p>\n<h2><span class=\"ez-toc-section\" id=\"Bao_mat_thong_tin_nguoi_dung\"><\/span><b>B\u1ea3o m\u1eadt th\u00f4ng tin ng\u01b0\u1eddi d\u00f9ng<\/b><span class=\"ez-toc-section-end\"><\/span><\/h2>\n<p><span style=\"font-weight: 400;\">M\u1ed9t ph\u1ea7n quan tr\u1ecdng trong \u0111i\u1ec1u kho\u1ea3n \u0111i\u1ec1u ki\u1ec7n PS99 l\u00e0 cam k\u1ebft b\u1ea3o m\u1eadt d\u1eef li\u1ec7u c\u00e1 nh\u00e2n.<\/span><\/p>\n<figure id=\"attachment_105\" aria-describedby=\"caption-attachment-105\" style=\"width: 800px\" class=\"wp-caption aligncenter\"><img loading=\"lazy\" decoding=\"async\" class=\"size-full wp-image-105\" src=\"https:\/\/ps99slot.com\/wp-content\/uploads\/2026\/01\/bao-mat-thong-tin-nguoi-dung-tai-ps99_7.webp\" alt=\"bao-mat-thong-tin-nguoi-dung-tai-ps99_7\" width=\"800\" height=\"400\" srcset=\"https:\/\/ps99slot.com\/wp-content\/uploads\/2026\/01\/bao-mat-thong-tin-nguoi-dung-tai-ps99_7.webp 800w, https:\/\/ps99slot.com\/wp-content\/uploads\/2026\/01\/bao-mat-thong-tin-nguoi-dung-tai-ps99_7-300x150.webp 300w, https:\/\/ps99slot.com\/wp-content\/uploads\/2026\/01\/bao-mat-thong-tin-nguoi-dung-tai-ps99_7-768x384.webp 768w\" sizes=\"auto, (max-width: 800px) 100vw, 800px\" \/><figcaption id=\"caption-attachment-105\" class=\"wp-caption-text\">B\u1ea3o m\u1eadt th\u00f4ng tin ng\u01b0\u1eddi d\u00f9ng t\u1ea1i ps99<\/figcaption><\/figure>\n<ul>\n<li style=\"font-weight: 400;\" aria-level=\"1\"><span style=\"font-weight: 400;\">M\u1ecdi th\u00f4ng tin ng\u01b0\u1eddi d\u00f9ng \u0111\u1ec1u \u0111\u01b0\u1ee3c m\u00e3 h\u00f3a v\u00e0 l\u01b0u tr\u1eef an to\u00e0n.<\/span><\/li>\n<li style=\"font-weight: 400;\" aria-level=\"1\"><span style=\"font-weight: 400;\">Kh\u00f4ng chia s\u1ebb cho b\u00ean th\u1ee9 ba khi ch\u01b0a c\u00f3 s\u1ef1 \u0111\u1ed3ng \u00fd.<\/span><\/li>\n<li style=\"font-weight: 400;\" aria-level=\"1\"><span style=\"font-weight: 400;\">\u00c1p d\u1ee5ng c\u00f4ng ngh\u1ec7 b\u1ea3o m\u1eadt cao \u0111\u1ec3 ch\u1ed1ng truy c\u1eadp tr\u00e1i ph\u00e9p.<\/span><\/li>\n<\/ul>\n<p><span style=\"font-weight: 400;\">\u0110i\u1ec1u n\u00e0y gi\u00fap ng\u01b0\u1eddi d\u00f9ng y\u00ean t\u00e2m khi tham gia gi\u1ea3i tr\u00ed v\u00e0 giao d\u1ecbch.<\/span><\/p>\n<h2><span class=\"ez-toc-section\" id=\"Y_nghia_cua_viec_tuan_thu_dieu_khoan_dieu_kien_PS99\"><\/span><b>\u00dd ngh\u0129a c\u1ee7a vi\u1ec7c tu\u00e2n th\u1ee7 \u0111i\u1ec1u kho\u1ea3n \u0111i\u1ec1u ki\u1ec7n PS99<\/b><span class=\"ez-toc-section-end\"><\/span><\/h2>\n<p><span style=\"font-weight: 400;\">Vi\u1ec7c tu\u00e2n th\u1ee7 \u0111i\u1ec1u kho\u1ea3n \u0111i\u1ec1u ki\u1ec7n PS99 kh\u00f4ng ch\u1ec9 gi\u00fap b\u1ea3o v\u1ec7 quy\u1ec1n l\u1ee3i c\u00e1 nh\u00e2n m\u00e0 c\u00f2n \u0111\u1ea3m b\u1ea3o qu\u00e1 tr\u00ecnh tr\u1ea3i nghi\u1ec7m di\u1ec5n ra minh b\u1ea1ch, an to\u00e0n v\u00e0 c\u00f4ng b\u1eb1ng cho t\u1ea5t c\u1ea3 ng\u01b0\u1eddi tham gia.<\/span><\/p>\n<h3><span class=\"ez-toc-section\" id=\"Bao_ve_quyen_loi_ca_nhan\"><\/span><b>B\u1ea3o v\u1ec7 quy\u1ec1n l\u1ee3i c\u00e1 nh\u00e2n<\/b><span class=\"ez-toc-section-end\"><\/span><\/h3>\n<p><span style=\"font-weight: 400;\">\u0110i\u1ec1u kho\u1ea3n \u0111i\u1ec1u ki\u1ec7n PS99 gi\u00fap ng\u01b0\u1eddi d\u00f9ng \u0111\u01b0\u1ee3c b\u1ea3o v\u1ec7 v\u1ec1 quy\u1ec1n ri\u00eang t\u01b0, d\u1eef li\u1ec7u c\u00e1 nh\u00e2n v\u00e0 quy\u1ec1n l\u1ee3i t\u00e0i ch\u00ednh.<\/span><\/p>\n<h3><span class=\"ez-toc-section\" id=\"Xac_dinh_ro_trach_nhiem_va_nghia_vu\"><\/span><b>X\u00e1c \u0111\u1ecbnh r\u00f5 tr\u00e1ch nhi\u1ec7m v\u00e0 ngh\u0129a v\u1ee5<\/b><span class=\"ez-toc-section-end\"><\/span><\/h3>\n<p><span style=\"font-weight: 400;\">Ng\u01b0\u1eddi d\u00f9ng c\u00f3 tr\u00e1ch nhi\u1ec7m t\u00ecm hi\u1ec3u, hi\u1ec3u r\u00f5 v\u00e0 tu\u00e2n th\u1ee7 to\u00e0n b\u1ed9 quy \u0111\u1ecbnh khi tham gia.<\/span><\/p>\n<h3><span class=\"ez-toc-section\" id=\"Duy_tri_moi_truong_giai_tri_lanh_manh\"><\/span><b>Duy tr\u00ec m\u00f4i tr\u01b0\u1eddng gi\u1ea3i tr\u00ed l\u00e0nh m\u1ea1nh<\/b><span class=\"ez-toc-section-end\"><\/span><\/h3>\n<p><span style=\"font-weight: 400;\">H\u1ec7 th\u1ed1ng quy \u0111\u1ecbnh gi\u00fap \u0111\u1ea3m b\u1ea3o kh\u00f4ng gian c\u00e1 c\u01b0\u1ee3c minh b\u1ea1ch, c\u00f4ng b\u1eb1ng, kh\u00f4ng gian l\u1eadn hay l\u1ee3i d\u1ee5ng k\u1ebd h\u1edf h\u1ec7 th\u1ed1ng.<\/span><\/p>\n<h2><span class=\"ez-toc-section\" id=\"Loi_ket\"><\/span><b>L\u1eddi k\u1ebft<\/b><span class=\"ez-toc-section-end\"><\/span><\/h2>\n<p><span style=\"font-weight: 400;\">\u0110i\u1ec1u kho\u1ea3n \u0111i\u1ec1u ki\u1ec7n PS99 ch\u00ednh l\u00e0 n\u1ec1n t\u1ea3ng gi\u00fap x\u00e2y d\u1ef1ng m\u00f4i tr\u01b0\u1eddng c\u00e1 c\u01b0\u1ee3c an to\u00e0n, minh b\u1ea1ch v\u00e0 chuy\u00ean nghi\u1ec7p. Vi\u1ec7c n\u1eafm r\u00f5 v\u00e0 tu\u00e2n th\u1ee7 \u0111\u1ea7y \u0111\u1ee7 c\u00e1c quy \u0111\u1ecbnh kh\u00f4ng ch\u1ec9 b\u1ea3o v\u1ec7 quy\u1ec1n l\u1ee3i c\u1ee7a ng\u01b0\u1eddi d\u00f9ng m\u00e0 c\u00f2n g\u00f3p ph\u1ea7n duy tr\u00ec s\u1ef1 \u1ed5n \u0111\u1ecbnh v\u00e0 uy t\u00edn l\u00e2u d\u00e0i cho to\u00e0n b\u1ed9 h\u1ec7 th\u1ed1ng PS99.<\/span><\/p>\n","protected":false},"excerpt":{"rendered":"<p>\u0110i\u1ec1u Kho\u1ea3n \u0110i\u1ec1u Ki\u1ec7n PS99 \u2013 Quy \u0110\u1ecbnh Khi Tham Gia C\u00e1 C\u01b0\u1ee3c An To\u00e0n \u0110i\u1ec1u kho\u1ea3n \u0111i\u1ec1u ki\u1ec7n PS99 l\u00e0 h\u1ec7 th\u1ed1ng quy \u0111\u1ecbnh b\u1eaft bu\u1ed9c \u00e1p d\u1ee5ng cho to\u00e0n b\u1ed9 ng\u01b0\u1eddi d\u00f9ng khi truy c\u1eadp v\u00e0 s\u1eed d\u1ee5ng d\u1ecbch v\u1ee5 t\u1ea1i n\u1ec1n t\u1ea3ng. D\u00f9 \u0111\u00e3 \u0111\u0103ng k\u00fd t\u00e0i kho\u1ea3n hay ch\u1ec9 tham kh\u1ea3o [&#8230;]\n","protected":false},"author":1,"featured_media":118,"parent":0,"menu_order":0,"comment_status":"closed","ping_status":"closed","template":"","meta":{"footnotes":""},"class_list":["post-147","page","type-page","status-publish","has-post-thumbnail","hentry"],"_links":{"self":[{"href":"https:\/\/ps99slot.com\/wp-json\/wp\/v2\/pages\/147","targetHints":{"allow":["GET"]}}],"collection":[{"href":"https:\/\/ps99slot.com\/wp-json\/wp\/v2\/pages"}],"about":[{"href":"https:\/\/ps99slot.com\/wp-json\/wp\/v2\/types\/page"}],"author":[{"embeddable":true,"href":"https:\/\/ps99slot.com\/wp-json\/wp\/v2\/users\/1"}],"replies":[{"embeddable":true,"href":"https:\/\/ps99slot.com\/wp-json\/wp\/v2\/comments?post=147"}],"version-history":[{"count":1,"href":"https:\/\/ps99slot.com\/wp-json\/wp\/v2\/pages\/147\/revisions"}],"predecessor-version":[{"id":148,"href":"https:\/\/ps99slot.com\/wp-json\/wp\/v2\/pages\/147\/revisions\/148"}],"wp:featuredmedia":[{"embeddable":true,"href":"https:\/\/ps99slot.com\/wp-json\/wp\/v2\/media\/118"}],"wp:attachment":[{"href":"https:\/\/ps99slot.com\/wp-json\/wp\/v2\/media?parent=147"}],"curies":[{"name":"wp","href":"https:\/\/api.w.org\/{rel}","templated":true}]}}