{"id":153,"date":"2026-01-25T19:25:43","date_gmt":"2026-01-25T12:25:43","guid":{"rendered":"https:\/\/ps99slot.com\/?page_id=153"},"modified":"2026-01-25T19:25:43","modified_gmt":"2026-01-25T12:25:43","slug":"no-hu-ps99","status":"publish","type":"page","link":"https:\/\/ps99slot.com\/no-hu-ps99\/","title":{"rendered":"N\u1ed5 H\u0169 PS99"},"content":{"rendered":"<div id=\"ez-toc-container\" class=\"ez-toc-v2_0_79_2 counter-hierarchy ez-toc-counter ez-toc-grey ez-toc-container-direction\">\n<div class=\"ez-toc-title-container\">\n<p class=\"ez-toc-title\" style=\"cursor:inherit\">Table of Contents<\/p>\n<span class=\"ez-toc-title-toggle\"><a href=\"#\" class=\"ez-toc-pull-right ez-toc-btn ez-toc-btn-xs ez-toc-btn-default ez-toc-toggle\" aria-label=\"Toggle Table of Content\"><span class=\"ez-toc-js-icon-con\"><span class=\"\"><span class=\"eztoc-hide\" style=\"display:none;\">Toggle<\/span><span class=\"ez-toc-icon-toggle-span\"><svg style=\"fill: #999;color:#999\" xmlns=\"http:\/\/www.w3.org\/2000\/svg\" class=\"list-377408\" width=\"20px\" height=\"20px\" viewBox=\"0 0 24 24\" fill=\"none\"><path d=\"M6 6H4v2h2V6zm14 0H8v2h12V6zM4 11h2v2H4v-2zm16 0H8v2h12v-2zM4 16h2v2H4v-2zm16 0H8v2h12v-2z\" fill=\"currentColor\"><\/path><\/svg><svg style=\"fill: #999;color:#999\" class=\"arrow-unsorted-368013\" xmlns=\"http:\/\/www.w3.org\/2000\/svg\" width=\"10px\" height=\"10px\" viewBox=\"0 0 24 24\" version=\"1.2\" baseProfile=\"tiny\"><path d=\"M18.2 9.3l-6.2-6.3-6.2 6.3c-.2.2-.3.4-.3.7s.1.5.3.7c.2.2.4.3.7.3h11c.3 0 .5-.1.7-.3.2-.2.3-.5.3-.7s-.1-.5-.3-.7zM5.8 14.7l6.2 6.3 6.2-6.3c.2-.2.3-.5.3-.7s-.1-.5-.3-.7c-.2-.2-.4-.3-.7-.3h-11c-.3 0-.5.1-.7.3-.2.2-.3.5-.3.7s.1.5.3.7z\"\/><\/svg><\/span><\/span><\/span><\/a><\/span><\/div>\n<nav><ul class='ez-toc-list ez-toc-list-level-1 ' ><li class='ez-toc-page-1 ez-toc-heading-level-2'><a class=\"ez-toc-link ez-toc-heading-1\" href=\"https:\/\/ps99slot.com\/no-hu-ps99\/#No_Hu_PS99_%E2%80%93_Quay_Slot_Cuc_Da_San_Jackpot_Ve_Tay_Trong_Tich_Tac\" >N\u1ed5 H\u0169 PS99 \u2013 Quay Slot C\u1ef1c \u0110\u00e3, S\u0103n Jackpot V\u1ec1 Tay Trong T\u00edch T\u1eafc<\/a><\/li><li class='ez-toc-page-1 ez-toc-heading-level-2'><a class=\"ez-toc-link ez-toc-heading-2\" href=\"https:\/\/ps99slot.com\/no-hu-ps99\/#Tong_quan_chuyen_muc_no_hu_PS99\" >T\u1ed5ng quan chuy\u00ean m\u1ee5c n\u1ed5 h\u0169 PS99<\/a><\/li><li class='ez-toc-page-1 ez-toc-heading-level-2'><a class=\"ez-toc-link ez-toc-heading-3\" href=\"https:\/\/ps99slot.com\/no-hu-ps99\/#Diem_noi_bat_tai_sanh_no_hu_PS99\" >\u0110i\u1ec3m n\u1ed5i b\u1eadt t\u1ea1i s\u1ea3nh n\u1ed5 h\u0169 PS99<\/a><\/li><li class='ez-toc-page-1 ez-toc-heading-level-2'><a class=\"ez-toc-link ez-toc-heading-4\" href=\"https:\/\/ps99slot.com\/no-hu-ps99\/#Cac_sanh_no_hu_noi_bat_tai_PS99\" >C\u00e1c s\u1ea3nh n\u1ed5 h\u0169 n\u1ed5i b\u1eadt t\u1ea1i PS99<\/a><ul class='ez-toc-list-level-3' ><li class='ez-toc-heading-level-3'><a class=\"ez-toc-link ez-toc-heading-5\" href=\"https:\/\/ps99slot.com\/no-hu-ps99\/#Sanh_JILI_%E2%80%93_Slot_chuyen_nghiep_loi_choi_hien_dai\" >S\u1ea3nh JILI \u2013 Slot chuy\u00ean nghi\u1ec7p, l\u1ed1i ch\u01a1i hi\u1ec7n \u0111\u1ea1i<\/a><\/li><li class='ez-toc-page-1 ez-toc-heading-level-3'><a class=\"ez-toc-link ez-toc-heading-6\" href=\"https:\/\/ps99slot.com\/no-hu-ps99\/#Sanh_PG_%E2%80%93_Slot_dam_chat_chau_A\" >S\u1ea3nh PG \u2013 Slot \u0111\u1eadm ch\u1ea5t ch\u00e2u \u00c1<\/a><\/li><li class='ez-toc-page-1 ez-toc-heading-level-3'><a class=\"ez-toc-link ez-toc-heading-7\" href=\"https:\/\/ps99slot.com\/no-hu-ps99\/#Sanh_PP_%E2%80%93_Thuong_lon_ty_le_tra_cao\" >S\u1ea3nh PP \u2013 Th\u01b0\u1edfng l\u1edbn, t\u1ef7 l\u1ec7 tr\u1ea3 cao<\/a><\/li><\/ul><\/li><li class='ez-toc-page-1 ez-toc-heading-level-2'><a class=\"ez-toc-link ez-toc-heading-8\" href=\"https:\/\/ps99slot.com\/no-hu-ps99\/#Top_game_no_hu_PS99_duoc_yeu_thich\" >Top game n\u1ed5 h\u0169 PS99 \u0111\u01b0\u1ee3c y\u00eau th\u00edch<\/a><ul class='ez-toc-list-level-3' ><li class='ez-toc-heading-level-3'><a class=\"ez-toc-link ez-toc-heading-9\" href=\"https:\/\/ps99slot.com\/no-hu-ps99\/#Duong_Mat_Chuoc\" >\u0110\u01b0\u1eddng M\u1ea1t Ch\u01b0\u1ee3c<\/a><\/li><li class='ez-toc-page-1 ez-toc-heading-level-3'><a class=\"ez-toc-link ez-toc-heading-10\" href=\"https:\/\/ps99slot.com\/no-hu-ps99\/#Kho_Bau_Ai_Cap\" >Kho B\u00e1u Ai C\u1eadp<\/a><\/li><li class='ez-toc-page-1 ez-toc-heading-level-3'><a class=\"ez-toc-link ez-toc-heading-11\" href=\"https:\/\/ps99slot.com\/no-hu-ps99\/#Meo_Phat_Tai\" >M\u00e8o Ph\u00e1t T\u00e0i<\/a><\/li><\/ul><\/li><li class='ez-toc-page-1 ez-toc-heading-level-2'><a class=\"ez-toc-link ez-toc-heading-12\" href=\"https:\/\/ps99slot.com\/no-hu-ps99\/#Huong_dan_tham_gia_no_hu_PS99_trong_4_buoc\" >H\u01b0\u1edbng d\u1eabn tham gia n\u1ed5 h\u0169 PS99 trong 4 b\u01b0\u1edbc<\/a><\/li><li class='ez-toc-page-1 ez-toc-heading-level-2'><a class=\"ez-toc-link ez-toc-heading-13\" href=\"https:\/\/ps99slot.com\/no-hu-ps99\/#Ket_luan\" >K\u1ebft lu\u1eadn<\/a><\/li><\/ul><\/nav><\/div>\n<h2><span class=\"ez-toc-section\" id=\"No_Hu_PS99_%E2%80%93_Quay_Slot_Cuc_Da_San_Jackpot_Ve_Tay_Trong_Tich_Tac\"><\/span><b>N\u1ed5 H\u0169 PS99 \u2013 Quay Slot C\u1ef1c \u0110\u00e3, S\u0103n Jackpot V\u1ec1 Tay Trong T\u00edch T\u1eafc<\/b><span class=\"ez-toc-section-end\"><\/span><\/h2>\n<p><span style=\"font-weight: 400;\">N\u1ed5 h\u0169 PS99 l\u00e0 \u0111i\u1ec3m \u0111\u1ebfn gi\u1ea3i tr\u00ed \u0111\u01b0\u1ee3c \u0111\u00f4ng \u0111\u1ea3o ng\u01b0\u1eddi ch\u01a1i l\u1ef1a ch\u1ecdn khi mu\u1ed1n tr\u1ea3i nghi\u1ec7m slot \u0111\u1ed5i th\u01b0\u1edfng ch\u1ea5t l\u01b0\u1ee3ng cao. S\u1edf h\u1eefu kho game phong ph\u00fa v\u1edbi h\u00e0ng ch\u1ee5c s\u1ea3nh kh\u00e1c nhau, <a href=\"https:\/\/ps99slot.com\/\">PS99<\/a> mang \u0111\u1ebfn kh\u00f4ng gian quay h\u0169 s\u1ed1ng \u0111\u1ed9ng, \u0111\u1ed3 h\u1ecda b\u1eaft m\u1eaft c\u00f9ng h\u1ec7 th\u1ed1ng Jackpot t\u00edch l\u0169y li\u00ean t\u1ee5c, t\u1ea1o c\u01a1 h\u1ed9i tr\u00fang th\u01b0\u1edfng l\u1edbn cho m\u1ecdi h\u1ed9i vi\u00ean.<\/span><\/p>\n<h2><span class=\"ez-toc-section\" id=\"Tong_quan_chuyen_muc_no_hu_PS99\"><\/span><b>T\u1ed5ng quan chuy\u00ean m\u1ee5c n\u1ed5 h\u0169 PS99<\/b><span class=\"ez-toc-section-end\"><\/span><\/h2>\n<p><span style=\"font-weight: 400;\">Nh\u1eafc \u0111\u1ebfn n\u1ec1n t\u1ea3ng cung c\u1ea5p slot game uy t\u00edn hi\u1ec7n nay, PS99 l\u00e0 c\u00e1i t\u00ean kh\u00f4ng th\u1ec3 b\u1ecf qua. Nh\u00e0 c\u00e1i \u0111\u1ea7u t\u01b0 m\u1ea1nh v\u00e0o m\u1ea3ng n\u1ed5 h\u0169 v\u1edbi c\u00f4ng ngh\u1ec7 3D hi\u1ec7n \u0111\u1ea1i, hi\u1ec7u \u1ee9ng h\u00ecnh \u1ea3nh s\u1eafc n\u00e9t v\u00e0 l\u1ed1i ch\u01a1i m\u01b0\u1ee3t m\u00e0, ph\u00f9 h\u1ee3p c\u1ea3 ng\u01b0\u1eddi m\u1edbi l\u1eabn cao th\u1ee7.<\/span><\/p>\n<figure id=\"attachment_100\" aria-describedby=\"caption-attachment-100\" style=\"width: 800px\" class=\"wp-caption aligncenter\"><img loading=\"lazy\" decoding=\"async\" class=\"size-full wp-image-100\" src=\"https:\/\/ps99slot.com\/wp-content\/uploads\/2026\/01\/vai-net-ve-danh-muc-no-hu-ps99_2.webp\" alt=\"vai-net-ve-danh-muc-no-hu-ps99_2\" width=\"800\" height=\"400\" srcset=\"https:\/\/ps99slot.com\/wp-content\/uploads\/2026\/01\/vai-net-ve-danh-muc-no-hu-ps99_2.webp 800w, https:\/\/ps99slot.com\/wp-content\/uploads\/2026\/01\/vai-net-ve-danh-muc-no-hu-ps99_2-300x150.webp 300w, https:\/\/ps99slot.com\/wp-content\/uploads\/2026\/01\/vai-net-ve-danh-muc-no-hu-ps99_2-768x384.webp 768w\" sizes=\"auto, (max-width: 800px) 100vw, 800px\" \/><figcaption id=\"caption-attachment-100\" class=\"wp-caption-text\">V\u00e0i n\u00e9t v\u1ec1 danh m\u1ee5c n\u1ed5 h\u0169 ps99<\/figcaption><\/figure>\n<p><span style=\"font-weight: 400;\">C\u00e1c tr\u00f2 ch\u01a1i t\u1ea1i \u0111\u00e2y ch\u1ee7 y\u1ebfu \u0111\u01b0\u1ee3c ph\u00e1t tri\u1ec3n b\u1edfi nh\u1eefng nh\u00e0 cung c\u1ea5p danh ti\u1ebfng nh\u01b0 JILI, PG, PP\u2026, \u0111\u1ea3m b\u1ea3o t\u00ednh minh b\u1ea1ch, c\u00f4ng b\u1eb1ng v\u00e0 tr\u1ea3i nghi\u1ec7m gi\u1ea3i tr\u00ed ch\u1ea5t l\u01b0\u1ee3ng cao cho ng\u01b0\u1eddi ch\u01a1i.<\/span><\/p>\n<h2><span class=\"ez-toc-section\" id=\"Diem_noi_bat_tai_sanh_no_hu_PS99\"><\/span><b>\u0110i\u1ec3m n\u1ed5i b\u1eadt t\u1ea1i s\u1ea3nh n\u1ed5 h\u0169 PS99<\/b><span class=\"ez-toc-section-end\"><\/span><\/h2>\n<p><span style=\"font-weight: 400;\">Chuy\u00ean m\u1ee5c n\u1ed5 h\u0169 PS99 ghi \u0111i\u1ec3m m\u1ea1nh nh\u1edd h\u00e0ng lo\u1ea1t \u01b0u th\u1ebf v\u01b0\u1ee3t tr\u1ed9i:<\/span><\/p>\n<ul>\n<li style=\"font-weight: 400;\" aria-level=\"1\"><span style=\"font-weight: 400;\">H\u1ec7 th\u1ed1ng h\u01a1n <\/span><b>10 s\u1ea3nh c\u01b0\u1ee3c l\u1edbn nh\u1ecf<\/b><span style=\"font-weight: 400;\">, quy t\u1ee5 <\/span><b>80+ m\u00e1y slot<\/b><span style=\"font-weight: 400;\"> v\u1edbi ch\u1ee7 \u0111\u1ec1 \u0111a d\u1ea1ng.<\/span><\/li>\n<li style=\"font-weight: 400;\" aria-level=\"1\"><span style=\"font-weight: 400;\">\u0110\u1ed3 h\u1ecda hi\u1ec7n \u0111\u1ea1i, hi\u1ec7u \u1ee9ng chuy\u1ec3n \u0111\u1ed9ng m\u01b0\u1ee3t, \u00e2m thanh s\u1ed1ng \u0111\u1ed9ng, t\u1ea1o c\u1ea3m gi\u00e1c cu\u1ed1n h\u00fat khi quay h\u0169.<\/span><\/li>\n<li style=\"font-weight: 400;\" aria-level=\"1\"><span style=\"font-weight: 400;\">T\u1ef7 l\u1ec7 RNG cao, Jackpot t\u0103ng li\u00ean t\u1ee5c theo th\u1eddi gian th\u1ef1c, mang \u0111\u1ebfn c\u01a1 h\u1ed9i tr\u00fang th\u01b0\u1edfng gi\u00e1 tr\u1ecb ch\u1ec9 sau v\u00e0i l\u01b0\u1ee3t quay.<\/span><\/li>\n<li style=\"font-weight: 400;\" aria-level=\"1\"><span style=\"font-weight: 400;\">Nhi\u1ec1u ch\u01b0\u01a1ng tr\u00ecnh \u01b0u \u0111\u00e3i h\u1ed7 tr\u1ee3 ng\u01b0\u1eddi ch\u01a1i n\u1ed5 h\u0169, gi\u00fap gia t\u0103ng v\u1ed1n c\u01b0\u1ee3c m\u00e0 kh\u00f4ng c\u1ea7n n\u1ea1p qu\u00e1 nhi\u1ec1u.<\/span><\/li>\n<\/ul>\n<h2><span class=\"ez-toc-section\" id=\"Cac_sanh_no_hu_noi_bat_tai_PS99\"><\/span><b>C\u00e1c s\u1ea3nh n\u1ed5 h\u0169 n\u1ed5i b\u1eadt t\u1ea1i PS99<\/b><span class=\"ez-toc-section-end\"><\/span><\/h2>\n<p><span style=\"font-weight: 400;\">Hi\u1ec7n t\u1ea1i, PS99 \u0111ang cung c\u1ea5p nhi\u1ec1u s\u1ea3nh slot kh\u00e1c nhau, trong \u0111\u00f3 n\u1ed5i b\u1eadt nh\u1ea5t l\u00e0 JILI, PG v\u00e0 PP. M\u1ed7i s\u1ea3nh mang m\u1ed9t phong c\u00e1ch ri\u00eang, \u0111\u00e1p \u1ee9ng \u0111a d\u1ea1ng s\u1edf th\u00edch c\u1ee7a ng\u01b0\u1eddi ch\u01a1i.<\/span><\/p>\n<figure id=\"attachment_111\" aria-describedby=\"caption-attachment-111\" style=\"width: 800px\" class=\"wp-caption aligncenter\"><img loading=\"lazy\" decoding=\"async\" class=\"size-full wp-image-111\" src=\"https:\/\/ps99slot.com\/wp-content\/uploads\/2026\/01\/cac-sanh-game-no-hu-noi-bat-tai-nha-cai_10.webp\" alt=\"cac-sanh-game-no-hu-noi-bat-tai-nha-cai_10\" width=\"800\" height=\"400\" srcset=\"https:\/\/ps99slot.com\/wp-content\/uploads\/2026\/01\/cac-sanh-game-no-hu-noi-bat-tai-nha-cai_10.webp 800w, https:\/\/ps99slot.com\/wp-content\/uploads\/2026\/01\/cac-sanh-game-no-hu-noi-bat-tai-nha-cai_10-300x150.webp 300w, https:\/\/ps99slot.com\/wp-content\/uploads\/2026\/01\/cac-sanh-game-no-hu-noi-bat-tai-nha-cai_10-768x384.webp 768w\" sizes=\"auto, (max-width: 800px) 100vw, 800px\" \/><figcaption id=\"caption-attachment-111\" class=\"wp-caption-text\">C\u00e1c s\u1ea3nh game n\u1ed5 h\u0169 n\u1ed5i b\u1eadt t\u1ea1i nh\u00e0 c\u00e1i<\/figcaption><\/figure>\n<h3><span class=\"ez-toc-section\" id=\"Sanh_JILI_%E2%80%93_Slot_chuyen_nghiep_loi_choi_hien_dai\"><\/span><b>S\u1ea3nh JILI \u2013 Slot chuy\u00ean nghi\u1ec7p, l\u1ed1i ch\u01a1i hi\u1ec7n \u0111\u1ea1i<\/b><span class=\"ez-toc-section-end\"><\/span><\/h3>\n<p><b>JILI \u0111\u01b0\u1ee3c xem l\u00e0 nh\u00e0 ph\u00e1t h\u00e0nh slot h\u00e0ng \u0111\u1ea7u t\u1ea1i n\u1ed5 h\u0169 PS99<\/b><span style=\"font-weight: 400;\">, n\u1ed5i b\u1eadt v\u1edbi c\u00e1c s\u1ea3n ph\u1ea9m mang phong c\u00e1ch ch\u00e2u \u00c2u hi\u1ec7n \u0111\u1ea1i. Game do JILI cung c\u1ea5p th\u01b0\u1eddng t\u00edch h\u1ee3p nhi\u1ec1u t\u00ednh n\u0103ng nh\u01b0 quay nhanh, auto spin, bonus round, gi\u00fap ng\u01b0\u1eddi ch\u01a1i t\u1ed1i \u01b0u tr\u1ea3i nghi\u1ec7m v\u00e0 gia t\u0103ng c\u01a1 h\u1ed9i s\u0103n th\u01b0\u1edfng. M\u1ed9t s\u1ed1 t\u1ef1a game ti\u00eau bi\u1ec3u \u0111ang \u0111\u01b0\u1ee3c y\u00eau th\u00edch c\u00f3 th\u1ec3 k\u1ec3 \u0111\u1ebfn nh\u01b0 Si\u00eau C\u1ea5p ACE, Quy\u1ec1n V\u01b0\u01a1ng hay B\u1ea3o Th\u1ea1ch Kala.<\/span><\/p>\n<h3><span class=\"ez-toc-section\" id=\"Sanh_PG_%E2%80%93_Slot_dam_chat_chau_A\"><\/span><b>S\u1ea3nh PG \u2013 Slot \u0111\u1eadm ch\u1ea5t ch\u00e2u \u00c1<\/b><span class=\"ez-toc-section-end\"><\/span><\/h3>\n<p><span style=\"font-weight: 400;\">PG t\u1eadp trung ph\u00e1t tri\u1ec3n c\u00e1c tr\u00f2 ch\u01a1i mang m\u00e0u s\u1eafc \u00c1 \u0110\u00f4ng, h\u00ecnh \u1ea3nh th\u00e2n quen, d\u1ec5 ti\u1ebfp c\u1eadn. Nh\u1eefng c\u00e1i t\u00ean n\u1ed5i b\u1eadt nh\u01b0 \u0110\u01b0\u1eddng M\u1ea1t Ch\u01b0\u1ee3c, Kho B\u00e1u Aztec, Neko May M\u1eafn lu\u00f4n \u0111\u01b0\u1ee3c c\u1ed9ng \u0111\u1ed3ng s\u0103n \u0111\u00f3n nh\u1edd l\u1ed1i ch\u01a1i \u0111\u01a1n gi\u1ea3n nh\u01b0ng t\u1ef7 l\u1ec7 th\u01b0\u1edfng h\u1ea5p d\u1eabn.<\/span><\/p>\n<h3><span class=\"ez-toc-section\" id=\"Sanh_PP_%E2%80%93_Thuong_lon_ty_le_tra_cao\"><\/span><b>S\u1ea3nh PP \u2013 Th\u01b0\u1edfng l\u1edbn, t\u1ef7 l\u1ec7 tr\u1ea3 cao<\/b><span class=\"ez-toc-section-end\"><\/span><\/h3>\n<p><span style=\"font-weight: 400;\">PP l\u00e0 l\u1ef1a ch\u1ecdn l\u00fd t\u01b0\u1edfng cho ng\u01b0\u1eddi ch\u01a1i y\u00eau th\u00edch m\u1ee9c th\u01b0\u1edfng cao. C\u00e1c slot t\u1ea1i \u0111\u00e2y h\u1ed7 tr\u1ee3 nhi\u1ec1u ng\u00f4n ng\u1eef, ti\u1ec1n t\u1ec7 v\u00e0 s\u1edf h\u1eefu c\u01a1 ch\u1ebf tr\u1ea3 th\u01b0\u1edfng c\u1ea1nh tranh. Nh\u1eefng t\u1ef1a game \u0111\u00e1ng tr\u1ea3i nghi\u1ec7m g\u1ed3m Sugar Rush, C\u1ed5ng Olympus hay S\u01b0 T\u1eed Megaways.<\/span><\/p>\n<h2><span class=\"ez-toc-section\" id=\"Top_game_no_hu_PS99_duoc_yeu_thich\"><\/span><b>Top game n\u1ed5 h\u0169 PS99 \u0111\u01b0\u1ee3c y\u00eau th\u00edch<\/b><span class=\"ez-toc-section-end\"><\/span><\/h2>\n<p><span style=\"font-weight: 400;\">V\u1edbi kho slot \u0111\u1ed3 s\u1ed9, PS99 mang \u0111\u1ebfn nhi\u1ec1u l\u1ef1a ch\u1ecdn h\u1ea5p d\u1eabn. D\u01b0\u1edbi \u0111\u00e2y l\u00e0 m\u1ed9t s\u1ed1 tr\u00f2 ch\u01a1i n\u1ed5i b\u1eadt m\u00e0 b\u1ea1n n\u00ean th\u1eed:<\/span><\/p>\n<figure id=\"attachment_123\" aria-describedby=\"caption-attachment-123\" style=\"width: 800px\" class=\"wp-caption aligncenter\"><img loading=\"lazy\" decoding=\"async\" class=\"size-full wp-image-123\" src=\"https:\/\/ps99slot.com\/wp-content\/uploads\/2026\/01\/game-no-hu-duoc-yeu-thich-nhat_25.webp\" alt=\"game-no-hu-duoc-yeu-thich-nhat_25\" width=\"800\" height=\"400\" srcset=\"https:\/\/ps99slot.com\/wp-content\/uploads\/2026\/01\/game-no-hu-duoc-yeu-thich-nhat_25.webp 800w, https:\/\/ps99slot.com\/wp-content\/uploads\/2026\/01\/game-no-hu-duoc-yeu-thich-nhat_25-300x150.webp 300w, https:\/\/ps99slot.com\/wp-content\/uploads\/2026\/01\/game-no-hu-duoc-yeu-thich-nhat_25-768x384.webp 768w\" sizes=\"auto, (max-width: 800px) 100vw, 800px\" \/><figcaption id=\"caption-attachment-123\" class=\"wp-caption-text\">Game n\u1ed5 h\u0169 \u0111\u01b0\u1ee3c y\u00eau th\u00edch nh\u1ea5t<\/figcaption><\/figure>\n<h3><span class=\"ez-toc-section\" id=\"Duong_Mat_Chuoc\"><\/span><b>\u0110\u01b0\u1eddng M\u1ea1t Ch\u01b0\u1ee3c<\/b><span class=\"ez-toc-section-end\"><\/span><\/h3>\n<p><span style=\"font-weight: 400;\">L\u1ea5y c\u1ea3m h\u1ee9ng t\u1eeb tr\u00f2 ch\u01a1i truy\u1ec1n th\u1ed1ng c\u1ee7a Trung Hoa, <\/span><b>\u0110\u01b0\u1eddng M\u1ea1t Ch\u01b0\u1ee3c t\u1ea1i n\u1ed5 h\u0169 PS99<\/b><span style=\"font-weight: 400;\"> s\u1edf h\u1eefu l\u01b0\u1edbi 4\u00d75 c\u00f9ng h\u01a1n 1000 \u0111\u01b0\u1eddng th\u1eafng, mang l\u1ea1i c\u01a1 h\u1ed9i tr\u00fang th\u01b0\u1edfng li\u00ean t\u1ee5c v\u00e0 tr\u1ea3i nghi\u1ec7m quay h\u0169 h\u1ea5p d\u1eabn cho ng\u01b0\u1eddi ch\u01a1i.<\/span><\/p>\n<h3><span class=\"ez-toc-section\" id=\"Kho_Bau_Ai_Cap\"><\/span><b>Kho B\u00e1u Ai C\u1eadp<\/b><span class=\"ez-toc-section-end\"><\/span><\/h3>\n<p><span style=\"font-weight: 400;\">T\u1ef1a game mang ch\u1ee7 \u0111\u1ec1 Ai C\u1eadp c\u1ed5 \u0111\u1ea1i v\u1edbi m\u1ee9c tr\u1ea3 th\u01b0\u1edfng t\u1ed1i \u0111a l\u00ean \u0111\u1ebfn h\u00e0ng ngh\u00ecn l\u1ea7n ti\u1ec1n c\u01b0\u1ee3c. Game h\u1ed7 tr\u1ee3 ch\u1ebf \u0111\u1ed9 auto quay, ph\u00f9 h\u1ee3p cho nh\u1eefng ai mu\u1ed1n s\u0103n Jackpot l\u00e2u d\u00e0i.<\/span><\/p>\n<h3><span class=\"ez-toc-section\" id=\"Meo_Phat_Tai\"><\/span><b>M\u00e8o Ph\u00e1t T\u00e0i<\/b><span class=\"ez-toc-section-end\"><\/span><\/h3>\n<p><span style=\"font-weight: 400;\">M\u00e8o Ph\u00e1t T\u00e0i (Neko May M\u1eafn) \u0111\u01b0\u1ee3c x\u00e2y d\u1ef1ng d\u1ef1a tr\u00ean v\u0103n h\u00f3a Nh\u1eadt B\u1ea3n, n\u1ed5i b\u1eadt v\u1edbi bi\u1ec3u t\u01b0\u1ee3ng m\u00e8o th\u1ea7n t\u00e0i v\u00e0 c\u01a1 h\u1ed9i nh\u1eadn Jackpot c\u1ef1c l\u1edbn khi quay tr\u00fang v\u00f2ng th\u01b0\u1edfng \u0111\u1eb7c bi\u1ec7t.<\/span><\/p>\n<h2><span class=\"ez-toc-section\" id=\"Huong_dan_tham_gia_no_hu_PS99_trong_4_buoc\"><\/span><b>H\u01b0\u1edbng d\u1eabn tham gia n\u1ed5 h\u0169 PS99 trong 4 b\u01b0\u1edbc<\/b><span class=\"ez-toc-section-end\"><\/span><\/h2>\n<p><span style=\"font-weight: 400;\">Vi\u1ec7c tr\u1ea3i nghi\u1ec7m slot t\u1ea1i PS99 kh\u00e1 \u0111\u01a1n gi\u1ea3n, ng\u01b0\u1eddi ch\u01a1i ch\u1ec9 c\u1ea7n th\u1ef1c hi\u1ec7n theo c\u00e1c b\u01b0\u1edbc sau:<\/span><\/p>\n<ol>\n<li style=\"font-weight: 400;\" aria-level=\"1\"><span style=\"font-weight: 400;\">\u0110\u0103ng nh\u1eadp t\u00e0i kho\u1ea3n PS99 ho\u1eb7c \u0111\u0103ng k\u00fd m\u1edbi n\u1ebfu l\u00e0 ng\u01b0\u1eddi ch\u01a1i l\u1ea7n \u0111\u1ea7u.<\/span><\/li>\n<li style=\"font-weight: 400;\" aria-level=\"1\"><span style=\"font-weight: 400;\">N\u1ea1p ti\u1ec1n v\u00e0o t\u00e0i kho\u1ea3n b\u1eb1ng c\u00e1c ph\u01b0\u01a1ng th\u1ee9c \u0111\u01b0\u1ee3c h\u1ed7 tr\u1ee3.<\/span><\/li>\n<li style=\"font-weight: 400;\" aria-level=\"1\"><span style=\"font-weight: 400;\">Truy c\u1eadp danh m\u1ee5c n\u1ed5 h\u0169 v\u00e0 ch\u1ecdn s\u1ea3nh c\u01b0\u1ee3c mong mu\u1ed1n.<\/span><\/li>\n<li style=\"font-weight: 400;\" aria-level=\"1\"><span style=\"font-weight: 400;\">L\u1ef1a ch\u1ecdn tr\u00f2 ch\u01a1i y\u00eau th\u00edch, tham kh\u1ea3o lu\u1eadt v\u00e0 b\u1eaft \u0111\u1ea7u quay \u0111\u1ec3 nh\u1eadn th\u01b0\u1edfng.<\/span><\/li>\n<\/ol>\n<h2><span class=\"ez-toc-section\" id=\"Ket_luan\"><\/span><b>K\u1ebft lu\u1eadn<\/b><span class=\"ez-toc-section-end\"><\/span><\/h2>\n<p><span style=\"font-weight: 400;\">N\u1ed5 h\u0169 PS99 mang \u0111\u1ebfn kh\u00f4ng gian gi\u1ea3i tr\u00ed h\u1ea5p d\u1eabn v\u1edbi kho game \u0111a d\u1ea1ng, t\u1ef7 l\u1ec7 th\u01b0\u1edfng c\u1ea1nh tranh v\u00e0 tr\u1ea3i nghi\u1ec7m m\u01b0\u1ee3t m\u00e0. N\u1ebfu b\u1ea1n \u0111ang t\u00ecm ki\u1ebfm m\u1ed9t \u0111\u1ecba ch\u1ec9 quay slot \u0111\u1ed5i th\u01b0\u1edfng uy t\u00edn, d\u1ec5 ch\u01a1i v\u00e0 nhi\u1ec1u c\u01a1 h\u1ed9i tr\u00fang l\u1edbn, PS99 ch\u1eafc ch\u1eafn l\u00e0 l\u1ef1a ch\u1ecdn \u0111\u00e1ng \u0111\u1ec3 th\u1eed ngay h\u00f4m nay.<\/span><\/p>\n","protected":false},"excerpt":{"rendered":"<p>N\u1ed5 H\u0169 PS99 \u2013 Quay Slot C\u1ef1c \u0110\u00e3, S\u0103n Jackpot V\u1ec1 Tay Trong T\u00edch T\u1eafc N\u1ed5 h\u0169 PS99 l\u00e0 \u0111i\u1ec3m \u0111\u1ebfn gi\u1ea3i tr\u00ed \u0111\u01b0\u1ee3c \u0111\u00f4ng \u0111\u1ea3o ng\u01b0\u1eddi ch\u01a1i l\u1ef1a ch\u1ecdn khi mu\u1ed1n tr\u1ea3i nghi\u1ec7m slot \u0111\u1ed5i th\u01b0\u1edfng ch\u1ea5t l\u01b0\u1ee3ng cao. S\u1edf h\u1eefu kho game phong ph\u00fa v\u1edbi h\u00e0ng ch\u1ee5c s\u1ea3nh kh\u00e1c nhau, PS99 mang \u0111\u1ebfn [&#8230;]\n","protected":false},"author":1,"featured_media":81,"parent":0,"menu_order":0,"comment_status":"closed","ping_status":"closed","template":"","meta":{"footnotes":""},"class_list":["post-153","page","type-page","status-publish","has-post-thumbnail","hentry"],"_links":{"self":[{"href":"https:\/\/ps99slot.com\/wp-json\/wp\/v2\/pages\/153","targetHints":{"allow":["GET"]}}],"collection":[{"href":"https:\/\/ps99slot.com\/wp-json\/wp\/v2\/pages"}],"about":[{"href":"https:\/\/ps99slot.com\/wp-json\/wp\/v2\/types\/page"}],"author":[{"embeddable":true,"href":"https:\/\/ps99slot.com\/wp-json\/wp\/v2\/users\/1"}],"replies":[{"embeddable":true,"href":"https:\/\/ps99slot.com\/wp-json\/wp\/v2\/comments?post=153"}],"version-history":[{"count":1,"href":"https:\/\/ps99slot.com\/wp-json\/wp\/v2\/pages\/153\/revisions"}],"predecessor-version":[{"id":154,"href":"https:\/\/ps99slot.com\/wp-json\/wp\/v2\/pages\/153\/revisions\/154"}],"wp:featuredmedia":[{"embeddable":true,"href":"https:\/\/ps99slot.com\/wp-json\/wp\/v2\/media\/81"}],"wp:attachment":[{"href":"https:\/\/ps99slot.com\/wp-json\/wp\/v2\/media?parent=153"}],"curies":[{"name":"wp","href":"https:\/\/api.w.org\/{rel}","templated":true}]}}