{"id":155,"date":"2026-01-25T19:27:50","date_gmt":"2026-01-25T12:27:50","guid":{"rendered":"https:\/\/ps99slot.com\/?page_id=155"},"modified":"2026-01-25T19:27:50","modified_gmt":"2026-01-25T12:27:50","slug":"the-thao-ps99","status":"publish","type":"page","link":"https:\/\/ps99slot.com\/the-thao-ps99\/","title":{"rendered":"Th\u1ec3 Thao PS99"},"content":{"rendered":"<div id=\"ez-toc-container\" class=\"ez-toc-v2_0_79_2 counter-hierarchy ez-toc-counter ez-toc-grey ez-toc-container-direction\">\n<div class=\"ez-toc-title-container\">\n<p class=\"ez-toc-title\" style=\"cursor:inherit\">Table of Contents<\/p>\n<span class=\"ez-toc-title-toggle\"><a href=\"#\" class=\"ez-toc-pull-right ez-toc-btn ez-toc-btn-xs ez-toc-btn-default ez-toc-toggle\" aria-label=\"Toggle Table of Content\"><span class=\"ez-toc-js-icon-con\"><span class=\"\"><span class=\"eztoc-hide\" style=\"display:none;\">Toggle<\/span><span class=\"ez-toc-icon-toggle-span\"><svg style=\"fill: #999;color:#999\" xmlns=\"http:\/\/www.w3.org\/2000\/svg\" class=\"list-377408\" width=\"20px\" height=\"20px\" viewBox=\"0 0 24 24\" fill=\"none\"><path d=\"M6 6H4v2h2V6zm14 0H8v2h12V6zM4 11h2v2H4v-2zm16 0H8v2h12v-2zM4 16h2v2H4v-2zm16 0H8v2h12v-2z\" fill=\"currentColor\"><\/path><\/svg><svg style=\"fill: #999;color:#999\" class=\"arrow-unsorted-368013\" xmlns=\"http:\/\/www.w3.org\/2000\/svg\" width=\"10px\" height=\"10px\" viewBox=\"0 0 24 24\" version=\"1.2\" baseProfile=\"tiny\"><path d=\"M18.2 9.3l-6.2-6.3-6.2 6.3c-.2.2-.3.4-.3.7s.1.5.3.7c.2.2.4.3.7.3h11c.3 0 .5-.1.7-.3.2-.2.3-.5.3-.7s-.1-.5-.3-.7zM5.8 14.7l6.2 6.3 6.2-6.3c.2-.2.3-.5.3-.7s-.1-.5-.3-.7c-.2-.2-.4-.3-.7-.3h-11c-.3 0-.5.1-.7.3-.2.2-.3.5-.3.7s.1.5.3.7z\"\/><\/svg><\/span><\/span><\/span><\/a><\/span><\/div>\n<nav><ul class='ez-toc-list ez-toc-list-level-1 ' ><li class='ez-toc-page-1 ez-toc-heading-level-2'><a class=\"ez-toc-link ez-toc-heading-1\" href=\"https:\/\/ps99slot.com\/the-thao-ps99\/#The_Thao_PS99_%E2%80%93_San_Choi_Ca_Cuoc_Dinh_Cao_Co_Hoi_Nhan_Thuong_Hap_Dan\" >Th\u1ec3 Thao PS99 \u2013 S\u00e2n Ch\u01a1i C\u00e1 C\u01b0\u1ee3c \u0110\u1ec9nh Cao, C\u01a1 H\u1ed9i Nh\u1eadn Th\u01b0\u1edfng H\u1ea5p D\u1eabn<\/a><\/li><li class='ez-toc-page-1 ez-toc-heading-level-2'><a class=\"ez-toc-link ez-toc-heading-2\" href=\"https:\/\/ps99slot.com\/the-thao-ps99\/#Gioi_thieu_doi_net_ve_chuyen_muc_the_thao_PS99\" >Gi\u1edbi thi\u1ec7u \u0111\u00f4i n\u00e9t v\u1ec1 chuy\u00ean m\u1ee5c th\u1ec3 thao PS99<\/a><\/li><li class='ez-toc-page-1 ez-toc-heading-level-2'><a class=\"ez-toc-link ez-toc-heading-3\" href=\"https:\/\/ps99slot.com\/the-thao-ps99\/#Diem_dac_trung_hap_dan_tai_the_thao_PS99\" >\u0110i\u1ec3m \u0111\u1eb7c tr\u01b0ng h\u1ea5p d\u1eabn t\u1ea1i th\u1ec3 thao PS99<\/a><\/li><li class='ez-toc-page-1 ez-toc-heading-level-2'><a class=\"ez-toc-link ez-toc-heading-4\" href=\"https:\/\/ps99slot.com\/the-thao-ps99\/#Top_sanh_cuoc_the_thao_tai_PS99_dang_trai_nghiem\" >Top s\u1ea3nh c\u01b0\u1ee3c th\u1ec3 thao t\u1ea1i PS99 \u0111\u00e1ng tr\u1ea3i nghi\u1ec7m<\/a><ul class='ez-toc-list-level-3' ><li class='ez-toc-heading-level-3'><a class=\"ez-toc-link ez-toc-heading-5\" href=\"https:\/\/ps99slot.com\/the-thao-ps99\/#SABA_Sport\" >SABA Sport<\/a><\/li><li class='ez-toc-page-1 ez-toc-heading-level-3'><a class=\"ez-toc-link ez-toc-heading-6\" href=\"https:\/\/ps99slot.com\/the-thao-ps99\/#UG_Sport\" >UG Sport<\/a><\/li><li class='ez-toc-page-1 ez-toc-heading-level-3'><a class=\"ez-toc-link ez-toc-heading-7\" href=\"https:\/\/ps99slot.com\/the-thao-ps99\/#CMD_Sport\" >CMD Sport<\/a><\/li><\/ul><\/li><li class='ez-toc-page-1 ez-toc-heading-level-2'><a class=\"ez-toc-link ez-toc-heading-8\" href=\"https:\/\/ps99slot.com\/the-thao-ps99\/#Nhung_bo_mon_the_thao_noi_bat\" >Nh\u1eefng b\u1ed9 m\u00f4n th\u1ec3 thao n\u1ed5i b\u1eadt<\/a><ul class='ez-toc-list-level-3' ><li class='ez-toc-heading-level-3'><a class=\"ez-toc-link ez-toc-heading-9\" href=\"https:\/\/ps99slot.com\/the-thao-ps99\/#Bong_da\" >B\u00f3ng \u0111\u00e1<\/a><\/li><li class='ez-toc-page-1 ez-toc-heading-level-3'><a class=\"ez-toc-link ez-toc-heading-10\" href=\"https:\/\/ps99slot.com\/the-thao-ps99\/#Tennis\" >Tennis<\/a><\/li><li class='ez-toc-page-1 ez-toc-heading-level-3'><a class=\"ez-toc-link ez-toc-heading-11\" href=\"https:\/\/ps99slot.com\/the-thao-ps99\/#Dua_ngua\" >\u0110ua ng\u1ef1a<\/a><\/li><\/ul><\/li><li class='ez-toc-page-1 ez-toc-heading-level-2'><a class=\"ez-toc-link ez-toc-heading-12\" href=\"https:\/\/ps99slot.com\/the-thao-ps99\/#Huong_dan_tham_gia_the_thao_tai_PS99_chi_voi_4_buoc\" >H\u01b0\u1edbng d\u1eabn tham gia th\u1ec3 thao t\u1ea1i PS99 ch\u1ec9 v\u1edbi 4 b\u01b0\u1edbc<\/a><\/li><li class='ez-toc-page-1 ez-toc-heading-level-2'><a class=\"ez-toc-link ez-toc-heading-13\" href=\"https:\/\/ps99slot.com\/the-thao-ps99\/#Ket_luan\" >K\u1ebft lu\u1eadn<\/a><\/li><\/ul><\/nav><\/div>\n<h2><span class=\"ez-toc-section\" id=\"The_Thao_PS99_%E2%80%93_San_Choi_Ca_Cuoc_Dinh_Cao_Co_Hoi_Nhan_Thuong_Hap_Dan\"><\/span><b>Th\u1ec3 Thao PS99 \u2013 S\u00e2n Ch\u01a1i C\u00e1 C\u01b0\u1ee3c \u0110\u1ec9nh Cao, C\u01a1 H\u1ed9i Nh\u1eadn Th\u01b0\u1edfng H\u1ea5p D\u1eabn<\/b><span class=\"ez-toc-section-end\"><\/span><\/h2>\n<p><b>Th\u1ec3 thao <a href=\"https:\/\/ps99slot.com\/\">PS99<\/a><\/b><span style=\"font-weight: 400;\"> mang \u0111\u1ebfn kh\u00f4ng gian c\u00e1 c\u01b0\u1ee3c s\u00f4i \u0111\u1ed9ng v\u1edbi h\u00e0ng lo\u1ea1t tr\u1eadn \u0111\u1ea5u k\u1ecbch t\u00ednh m\u1ed7i ng\u00e0y. Ng\u01b0\u1eddi ch\u01a1i c\u00f3 th\u1ec3 tham gia d\u1ef1 \u0111o\u00e1n k\u1ebft qu\u1ea3 \u1edf nhi\u1ec1u b\u1ed9 m\u00f4n kh\u00e1c nhau v\u1edbi t\u1ef7 l\u1ec7 k\u00e8o c\u1ea1nh tranh, c\u1eadp nh\u1eadt li\u00ean t\u1ee5c theo th\u1eddi gian th\u1ef1c. H\u1ec7 th\u1ed1ng b\u1ea3o m\u1eadt hi\u1ec7n \u0111\u1ea1i c\u00f9ng d\u1ecbch v\u1ee5 h\u1ed7 tr\u1ee3 24\/7 gi\u00fap tr\u1ea3i nghi\u1ec7m c\u00e1 c\u01b0\u1ee3c lu\u00f4n an to\u00e0n v\u00e0 li\u1ec1n m\u1ea1ch.<\/span><\/p>\n<h2><span class=\"ez-toc-section\" id=\"Gioi_thieu_doi_net_ve_chuyen_muc_the_thao_PS99\"><\/span><b>Gi\u1edbi thi\u1ec7u \u0111\u00f4i n\u00e9t v\u1ec1 chuy\u00ean m\u1ee5c th\u1ec3 thao PS99<\/b><span class=\"ez-toc-section-end\"><\/span><\/h2>\n<p><span style=\"font-weight: 400;\">Ngay t\u1eeb khi ra m\u1eaft, <\/span><b>th\u1ec3 thao PS99<\/b><span style=\"font-weight: 400;\"> \u0111\u00e3 \u0111\u01b0\u1ee3c \u0111\u1ecbnh h\u01b0\u1edbng l\u00e0 danh m\u1ee5c tr\u1ecdng t\u00e2m c\u1ee7a n\u1ec1n t\u1ea3ng, t\u1eadp trung m\u1ea1nh v\u00e0o c\u00e1 c\u01b0\u1ee3c tr\u1ef1c tuy\u1ebfn v\u00e0 live betting, cho ph\u00e9p ng\u01b0\u1eddi ch\u01a1i theo d\u00f5i c\u0169ng nh\u01b0 \u0111\u1eb7t c\u01b0\u1ee3c ngay trong l\u00fac tr\u1eadn \u0111\u1ea5u \u0111ang di\u1ec5n ra.<\/span><\/p>\n<figure id=\"attachment_121\" aria-describedby=\"caption-attachment-121\" style=\"width: 800px\" class=\"wp-caption aligncenter\"><img loading=\"lazy\" decoding=\"async\" class=\"size-full wp-image-121\" src=\"https:\/\/ps99slot.com\/wp-content\/uploads\/2026\/01\/doi-net-ve-chuyen-muc-the-thao-ps99_23.webp\" alt=\"doi-net-ve-chuyen-muc-the-thao-ps99_23\" width=\"800\" height=\"400\" srcset=\"https:\/\/ps99slot.com\/wp-content\/uploads\/2026\/01\/doi-net-ve-chuyen-muc-the-thao-ps99_23.webp 800w, https:\/\/ps99slot.com\/wp-content\/uploads\/2026\/01\/doi-net-ve-chuyen-muc-the-thao-ps99_23-300x150.webp 300w, https:\/\/ps99slot.com\/wp-content\/uploads\/2026\/01\/doi-net-ve-chuyen-muc-the-thao-ps99_23-768x384.webp 768w\" sizes=\"auto, (max-width: 800px) 100vw, 800px\" \/><figcaption id=\"caption-attachment-121\" class=\"wp-caption-text\">\u0110\u00f4i n\u00e9t v\u1ec1 chuy\u00ean m\u1ee5c th\u1ec3 thao ps99<\/figcaption><\/figure>\n<p><span style=\"font-weight: 400;\">Kh\u00f4ng ch\u1ec9 mang t\u00ednh gi\u1ea3i tr\u00ed, chuy\u00ean m\u1ee5c n\u00e0y c\u00f2n gi\u00fap gia t\u0103ng c\u01a1 h\u1ed9i sinh l\u1ee3i th\u00f4ng qua vi\u1ec7c ph\u00e2n t\u00edch k\u00e8o, n\u1eafm b\u1eaft di\u1ec5n bi\u1ebfn v\u00e0 \u0111\u01b0a ra l\u1ef1a ch\u1ecdn ph\u00f9 h\u1ee3p v\u1edbi th\u1ef1c t\u1ebf thi \u0111\u1ea5u.<\/span><\/p>\n<h2><span class=\"ez-toc-section\" id=\"Diem_dac_trung_hap_dan_tai_the_thao_PS99\"><\/span><b>\u0110i\u1ec3m \u0111\u1eb7c tr\u01b0ng h\u1ea5p d\u1eabn t\u1ea1i th\u1ec3 thao PS99<\/b><span class=\"ez-toc-section-end\"><\/span><\/h2>\n<p><span style=\"font-weight: 400;\">S\u1edf d\u0129 <\/span><b>th\u1ec3 thao PS99<\/b><span style=\"font-weight: 400;\"> \u0111\u01b0\u1ee3c nhi\u1ec1u ng\u01b0\u1eddi l\u1ef1a ch\u1ecdn l\u00e0 nh\u1edd s\u1edf h\u1eefu nh\u1eefng \u01b0u \u0111i\u1ec3m n\u1ed5i b\u1eadt sau:<\/span><\/p>\n<ul>\n<li style=\"font-weight: 400;\" aria-level=\"1\"><span style=\"font-weight: 400;\">H\u1ed7 tr\u1ee3 h\u01a1n <\/span><b>40 b\u1ed9 m\u00f4n th\u1ec3 thao<\/b><span style=\"font-weight: 400;\">, v\u1edbi tr\u00ean <\/span><b>200.000 s\u1ef1 ki\u1ec7n thi \u0111\u1ea5u m\u1ed7i n\u0103m<\/b><span style=\"font-weight: 400;\">.<\/span><\/li>\n<li style=\"font-weight: 400;\" aria-level=\"1\"><span style=\"font-weight: 400;\">H\u1ec7 th\u1ed1ng <\/span><b>k\u00e8o c\u01b0\u1ee3c \u0111a d\u1ea1ng<\/b><span style=\"font-weight: 400;\">, bao g\u1ed3m k\u00e8o ch\u00e2u \u00c1, ch\u00e2u \u00c2u v\u00e0 nhi\u1ec1u k\u00e8o ph\u1ee5 h\u1ea5p d\u1eabn.<\/span><\/li>\n<li style=\"font-weight: 400;\" aria-level=\"1\"><b>Livestream 24\/7<\/b><span style=\"font-weight: 400;\"> ch\u1ea5t l\u01b0\u1ee3ng Full HD, nhi\u1ec1u g\u00f3c quay gi\u00fap theo d\u00f5i tr\u1eadn \u0111\u1ea5u r\u00f5 n\u00e9t.<\/span><\/li>\n<li style=\"font-weight: 400;\" aria-level=\"1\"><span style=\"font-weight: 400;\">T\u00edch h\u1ee3p <\/span><b>soi k\u00e8o, nh\u1eadn \u0111\u1ecbnh, b\u1ea3ng x\u1ebfp h\u1ea1ng<\/b><span style=\"font-weight: 400;\"> h\u1ed7 tr\u1ee3 ng\u01b0\u1eddi ch\u01a1i ra quy\u1ebft \u0111\u1ecbnh ch\u00ednh x\u00e1c.<\/span><\/li>\n<li style=\"font-weight: 400;\" aria-level=\"1\"><span style=\"font-weight: 400;\">C\u00e1c <\/span><b>ch\u01b0\u01a1ng tr\u00ecnh khuy\u1ebfn m\u00e3i<\/b><span style=\"font-weight: 400;\"> \u0111\u01b0\u1ee3c c\u1eadp nh\u1eadt th\u01b0\u1eddng xuy\u00ean, mang l\u1ea1i nhi\u1ec1u l\u1ee3i \u00edch khi tham gia.<\/span><\/li>\n<\/ul>\n<h2><span class=\"ez-toc-section\" id=\"Top_sanh_cuoc_the_thao_tai_PS99_dang_trai_nghiem\"><\/span><b>Top s\u1ea3nh c\u01b0\u1ee3c th\u1ec3 thao t\u1ea1i PS99 \u0111\u00e1ng tr\u1ea3i nghi\u1ec7m<\/b><span class=\"ez-toc-section-end\"><\/span><\/h2>\n<p><span style=\"font-weight: 400;\">\u0110\u1ec3 mang \u0111\u1ebfn tr\u1ea3i nghi\u1ec7m ch\u1ea5t l\u01b0\u1ee3ng, <\/span><b>th\u1ec3 thao PS99<\/b><span style=\"font-weight: 400;\"> h\u1ee3p t\u00e1c v\u1edbi nhi\u1ec1u nh\u00e0 cung c\u1ea5p uy t\u00edn tr\u00ean th\u1ecb tr\u01b0\u1eddng. N\u1ed5i b\u1eadt nh\u1ea5t hi\u1ec7n nay l\u00e0 ba s\u1ea3nh c\u01b0\u1ee3c \u0111\u01b0\u1ee3c \u0111\u00f4ng \u0111\u1ea3o ng\u01b0\u1eddi ch\u01a1i l\u1ef1a ch\u1ecdn.<\/span><\/p>\n<figure id=\"attachment_95\" aria-describedby=\"caption-attachment-95\" style=\"width: 800px\" class=\"wp-caption aligncenter\"><img loading=\"lazy\" decoding=\"async\" class=\"size-full wp-image-95\" src=\"https:\/\/ps99slot.com\/wp-content\/uploads\/2026\/01\/top-sanh-cuoc-dang-trai-nghiem-tai-ps99_59.webp\" alt=\"top-sanh-cuoc-dang-trai-nghiem-tai-ps99_59\" width=\"800\" height=\"400\" srcset=\"https:\/\/ps99slot.com\/wp-content\/uploads\/2026\/01\/top-sanh-cuoc-dang-trai-nghiem-tai-ps99_59.webp 800w, https:\/\/ps99slot.com\/wp-content\/uploads\/2026\/01\/top-sanh-cuoc-dang-trai-nghiem-tai-ps99_59-300x150.webp 300w, https:\/\/ps99slot.com\/wp-content\/uploads\/2026\/01\/top-sanh-cuoc-dang-trai-nghiem-tai-ps99_59-768x384.webp 768w\" sizes=\"auto, (max-width: 800px) 100vw, 800px\" \/><figcaption id=\"caption-attachment-95\" class=\"wp-caption-text\">Top s\u1ea3nh c\u01b0\u1ee3c \u0111\u00e1ng tr\u1ea3i nghi\u1ec7m t\u1ea1i ps99<\/figcaption><\/figure>\n<h3><span class=\"ez-toc-section\" id=\"SABA_Sport\"><\/span><b>SABA Sport<\/b><span class=\"ez-toc-section-end\"><\/span><\/h3>\n<p><span style=\"font-weight: 400;\">SABA l\u00e0 m\u1ed9t trong nh\u1eefng th\u01b0\u01a1ng hi\u1ec7u l\u00e2u \u0111\u1eddi trong l\u0129nh v\u1ef1c c\u00e1 c\u01b0\u1ee3c th\u1ec3 thao tr\u1ef1c tuy\u1ebfn. S\u1ea3nh c\u01b0\u1ee3c n\u00e0y n\u1ed5i b\u1eadt v\u1edbi t\u1ef7 l\u1ec7 k\u00e8o \u1ed5n \u0111\u1ecbnh, \u0111a d\u1ea1ng gi\u1ea3i \u0111\u1ea5u v\u00e0 kh\u1ea3 n\u0103ng \u0111i\u1ec1u ch\u1ec9nh odds linh ho\u1ea1t theo t\u1eebng khu v\u1ef1c, gi\u00fap ng\u01b0\u1eddi ch\u01a1i t\u1ea1i <\/span><b>th\u1ec3 thao PS99<\/b><span style=\"font-weight: 400;\"> t\u1ed1i \u01b0u l\u1ee3i nhu\u1eadn.<\/span><\/p>\n<h3><span class=\"ez-toc-section\" id=\"UG_Sport\"><\/span><b>UG Sport<\/b><span class=\"ez-toc-section-end\"><\/span><\/h3>\n<p><span style=\"font-weight: 400;\">UG Sport ph\u00f9 h\u1ee3p v\u1edbi ng\u01b0\u1eddi ch\u01a1i y\u00eau th\u00edch s\u1ef1 m\u1edbi m\u1ebb v\u00e0 n\u0103ng \u0111\u1ed9ng. S\u1ea3nh c\u01b0\u1ee3c t\u1eadp trung nhi\u1ec1u v\u00e0o c\u00e1c b\u1ed9 m\u00f4n ph\u1ed5 bi\u1ebfn nh\u01b0 b\u00f3ng \u0111\u00e1, b\u00f3ng r\u1ed5, c\u1ea7u l\u00f4ng, \u0111\u1ed3ng th\u1eddi t\u00edch h\u1ee3p tr\u1ea3i nghi\u1ec7m xem tr\u1eadn \u0111\u1ea5u tr\u1ef1c ti\u1ebfp m\u01b0\u1ee3t m\u00e0.<\/span><\/p>\n<h3><span class=\"ez-toc-section\" id=\"CMD_Sport\"><\/span><b>CMD Sport<\/b><span class=\"ez-toc-section-end\"><\/span><\/h3>\n<p><span style=\"font-weight: 400;\">CMD l\u00e0 l\u1ef1a ch\u1ecdn l\u00fd t\u01b0\u1edfng cho ng\u01b0\u1eddi ch\u01a1i m\u1edbi nh\u1edd m\u1ee9c v\u1ed1n tham gia th\u1ea5p. Ch\u1ec9 t\u1eeb s\u1ed1 ti\u1ec1n nh\u1ecf, ng\u01b0\u1eddi ch\u01a1i t\u1ea1i <\/span><b>th\u1ec3 thao PS99<\/b><span style=\"font-weight: 400;\"> v\u1eabn c\u00f3 th\u1ec3 tr\u1ea3i nghi\u1ec7m nhi\u1ec1u k\u00e8o c\u01b0\u1ee3c h\u1ea5p d\u1eabn v\u1edbi t\u1ef7 l\u1ec7 tr\u1ea3 th\u01b0\u1edfng c\u1ea1nh tranh.<\/span><\/p>\n<h2><span class=\"ez-toc-section\" id=\"Nhung_bo_mon_the_thao_noi_bat\"><\/span><b>Nh\u1eefng b\u1ed9 m\u00f4n th\u1ec3 thao n\u1ed5i b\u1eadt<\/b><span class=\"ez-toc-section-end\"><\/span><\/h2>\n<p><span style=\"font-weight: 400;\">S\u1ef1 \u0111a d\u1ea1ng trong danh m\u1ee5c s\u1ea3n ph\u1ea9m l\u00e0 y\u1ebfu t\u1ed1 gi\u00fap <\/span><b>th\u1ec3 thao PS99<\/b><span style=\"font-weight: 400;\"> gi\u1eef ch\u00e2n ng\u01b0\u1eddi ch\u01a1i l\u00e2u d\u00e0i. D\u01b0\u1edbi \u0111\u00e2y l\u00e0 nh\u1eefng b\u1ed9 m\u00f4n \u0111\u01b0\u1ee3c quan t\u00e2m nhi\u1ec1u nh\u1ea5t.<\/span><\/p>\n<h3><span class=\"ez-toc-section\" id=\"Bong_da\"><\/span><b>B\u00f3ng \u0111\u00e1<\/b><span class=\"ez-toc-section-end\"><\/span><\/h3>\n<p><span style=\"font-weight: 400;\">B\u00f3ng \u0111\u00e1 lu\u00f4n l\u00e0 t\u00e2m \u0111i\u1ec3m c\u1ee7a<\/span><b> PS99<\/b><span style=\"font-weight: 400;\"> v\u1edbi h\u00e0ng lo\u1ea1t gi\u1ea3i \u0111\u1ea5u l\u1edbn nh\u1ecf tr\u00ean to\u00e0n c\u1ea7u. Ng\u01b0\u1eddi ch\u01a1i c\u00f3 th\u1ec3 tham gia c\u00e1 c\u01b0\u1ee3c t\u1ea1i c\u00e1c gi\u1ea3i nh\u01b0 World Cup, Euro, Ngo\u1ea1i h\u1ea1ng Anh, Champions League v\u00e0 nhi\u1ec1u gi\u1ea3i qu\u1ed1c n\u1ed9i kh\u00e1c.<\/span><\/p>\n<h3><span class=\"ez-toc-section\" id=\"Tennis\"><\/span><b>Tennis<\/b><span class=\"ez-toc-section-end\"><\/span><\/h3>\n<p><span style=\"font-weight: 400;\">Tennis mang \u0111\u1ebfn h\u00ecnh th\u1ee9c c\u00e1 c\u01b0\u1ee3c r\u00f5 r\u00e0ng, d\u1ec5 theo d\u00f5i. Ng\u01b0\u1eddi ch\u01a1i d\u1ef1 \u0111o\u00e1n k\u1ebft qu\u1ea3 tr\u1eadn \u0111\u1ea5u \u0111\u01a1n ho\u1eb7c \u0111\u00f4i, d\u1ef1a tr\u00ean phong \u0111\u1ed9 v\u00e0 chi\u1ebfn thu\u1eadt c\u1ee7a t\u1eebng tay v\u1ee3t \u0111\u1ec3 gia t\u0103ng c\u01a1 h\u1ed9i chi\u1ebfn th\u1eafng t\u1ea1i <\/span><b>th\u1ec3 thao PS99<\/b><span style=\"font-weight: 400;\">.<\/span><\/p>\n<h3><span class=\"ez-toc-section\" id=\"Dua_ngua\"><\/span><b>\u0110ua ng\u1ef1a<\/b><span class=\"ez-toc-section-end\"><\/span><\/h3>\n<p><span style=\"font-weight: 400;\">\u0110ua ng\u1ef1a l\u00e0 b\u1ed9 m\u00f4n gi\u00e0u t\u00ednh c\u1ea1nh tranh, thu h\u00fat \u0111\u00f4ng \u0111\u1ea3o ng\u01b0\u1eddi ch\u01a1i t\u1ea1i th\u1ec3 thao c\u1ee7a nh\u00e0 c\u00e1i PS99. M\u1ed7i cu\u1ed9c \u0111ua \u0111\u00f2i h\u1ecfi s\u1ef1 k\u1ebft h\u1ee3p \u0103n \u00fd gi\u1eefa jockey v\u00e0 ng\u1ef1a, t\u1ea1o n\u00ean nh\u1eefng m\u00e0n v\u1ec1 \u0111\u00edch \u0111\u1ea7y k\u1ecbch t\u00ednh.<\/span><\/p>\n<h2><span class=\"ez-toc-section\" id=\"Huong_dan_tham_gia_the_thao_tai_PS99_chi_voi_4_buoc\"><\/span><b>H\u01b0\u1edbng d\u1eabn tham gia th\u1ec3 thao t\u1ea1i PS99 ch\u1ec9 v\u1edbi 4 b\u01b0\u1edbc<\/b><span class=\"ez-toc-section-end\"><\/span><\/h2>\n<p><span style=\"font-weight: 400;\">Vi\u1ec7c tr\u1ea3i nghi\u1ec7m <\/span><b>th\u1ec3 thao PS99<\/b><span style=\"font-weight: 400;\"> kh\u00e1 \u0111\u01a1n gi\u1ea3n, ng\u01b0\u1eddi ch\u01a1i ch\u1ec9 c\u1ea7n th\u1ef1c hi\u1ec7n theo c\u00e1c b\u01b0\u1edbc sau:<\/span><\/p>\n<figure id=\"attachment_129\" aria-describedby=\"caption-attachment-129\" style=\"width: 800px\" class=\"wp-caption aligncenter\"><img loading=\"lazy\" decoding=\"async\" class=\"size-full wp-image-129\" src=\"https:\/\/ps99slot.com\/wp-content\/uploads\/2026\/01\/huong-dan-4-buoc-tham-gia-the-thao-ps99_31.webp\" alt=\"huong-dan-4-buoc-tham-gia-the-thao-ps99_31\" width=\"800\" height=\"400\" srcset=\"https:\/\/ps99slot.com\/wp-content\/uploads\/2026\/01\/huong-dan-4-buoc-tham-gia-the-thao-ps99_31.webp 800w, https:\/\/ps99slot.com\/wp-content\/uploads\/2026\/01\/huong-dan-4-buoc-tham-gia-the-thao-ps99_31-300x150.webp 300w, https:\/\/ps99slot.com\/wp-content\/uploads\/2026\/01\/huong-dan-4-buoc-tham-gia-the-thao-ps99_31-768x384.webp 768w\" sizes=\"auto, (max-width: 800px) 100vw, 800px\" \/><figcaption id=\"caption-attachment-129\" class=\"wp-caption-text\">H\u01b0\u1edbng d\u1eabn 4 b\u01b0\u1edbc tham gia th\u1ec3 thao ps99<\/figcaption><\/figure>\n<ol>\n<li style=\"font-weight: 400;\" aria-level=\"1\"><span style=\"font-weight: 400;\">Truy c\u1eadp website PS99 v\u00e0 \u0111\u0103ng k\u00fd ho\u1eb7c \u0111\u0103ng nh\u1eadp t\u00e0i kho\u1ea3n.<\/span><\/li>\n<li style=\"font-weight: 400;\" aria-level=\"1\"><span style=\"font-weight: 400;\">N\u1ea1p ti\u1ec1n v\u00e0o t\u00e0i kho\u1ea3n v\u00e0 ch\u1ecdn danh m\u1ee5c th\u1ec3 thao.<\/span><\/li>\n<li style=\"font-weight: 400;\" aria-level=\"1\"><span style=\"font-weight: 400;\">L\u1ef1a ch\u1ecdn s\u1ea3nh c\u01b0\u1ee3c, b\u1ed9 m\u00f4n v\u00e0 tr\u1eadn \u0111\u1ea5u mong mu\u1ed1n.<\/span><\/li>\n<li style=\"font-weight: 400;\" aria-level=\"1\"><span style=\"font-weight: 400;\">\u0110\u1eb7t c\u01b0\u1ee3c, theo d\u00f5i di\u1ec5n bi\u1ebfn v\u00e0 nh\u1eadn th\u01b0\u1edfng n\u1ebfu d\u1ef1 \u0111o\u00e1n ch\u00ednh x\u00e1c.<\/span><\/li>\n<\/ol>\n<h2><span class=\"ez-toc-section\" id=\"Ket_luan\"><\/span><b>K\u1ebft lu\u1eadn<\/b><span class=\"ez-toc-section-end\"><\/span><\/h2>\n<p><span style=\"font-weight: 400;\">V\u1edbi h\u1ec7 th\u1ed1ng k\u00e8o phong ph\u00fa, s\u1ea3nh c\u01b0\u1ee3c uy t\u00edn v\u00e0 tr\u1ea3i nghi\u1ec7m m\u01b0\u1ee3t m\u00e0, <\/span><b>th\u1ec3 thao PS99<\/b><span style=\"font-weight: 400;\"> mang \u0111\u1ebfn m\u00f4i tr\u01b0\u1eddng c\u00e1 c\u01b0\u1ee3c h\u1ea5p d\u1eabn cho ng\u01b0\u1eddi ch\u01a1i \u1edf m\u1ecdi c\u1ea5p \u0111\u1ed9, ph\u00f9 h\u1ee3p \u0111\u1ec3 tr\u1ea3i nghi\u1ec7m l\u00e2u d\u00e0i v\u00e0 gia t\u0103ng c\u01a1 h\u1ed9i chi\u1ebfn th\u1eafng.<\/span><\/p>\n","protected":false},"excerpt":{"rendered":"<p>Th\u1ec3 Thao PS99 \u2013 S\u00e2n Ch\u01a1i C\u00e1 C\u01b0\u1ee3c \u0110\u1ec9nh Cao, C\u01a1 H\u1ed9i Nh\u1eadn Th\u01b0\u1edfng H\u1ea5p D\u1eabn Th\u1ec3 thao PS99 mang \u0111\u1ebfn kh\u00f4ng gian c\u00e1 c\u01b0\u1ee3c s\u00f4i \u0111\u1ed9ng v\u1edbi h\u00e0ng lo\u1ea1t tr\u1eadn \u0111\u1ea5u k\u1ecbch t\u00ednh m\u1ed7i ng\u00e0y. Ng\u01b0\u1eddi ch\u01a1i c\u00f3 th\u1ec3 tham gia d\u1ef1 \u0111o\u00e1n k\u1ebft qu\u1ea3 \u1edf nhi\u1ec1u b\u1ed9 m\u00f4n kh\u00e1c nhau v\u1edbi t\u1ef7 l\u1ec7 [&#8230;]\n","protected":false},"author":1,"featured_media":88,"parent":0,"menu_order":0,"comment_status":"closed","ping_status":"closed","template":"","meta":{"footnotes":""},"class_list":["post-155","page","type-page","status-publish","has-post-thumbnail","hentry"],"_links":{"self":[{"href":"https:\/\/ps99slot.com\/wp-json\/wp\/v2\/pages\/155","targetHints":{"allow":["GET"]}}],"collection":[{"href":"https:\/\/ps99slot.com\/wp-json\/wp\/v2\/pages"}],"about":[{"href":"https:\/\/ps99slot.com\/wp-json\/wp\/v2\/types\/page"}],"author":[{"embeddable":true,"href":"https:\/\/ps99slot.com\/wp-json\/wp\/v2\/users\/1"}],"replies":[{"embeddable":true,"href":"https:\/\/ps99slot.com\/wp-json\/wp\/v2\/comments?post=155"}],"version-history":[{"count":2,"href":"https:\/\/ps99slot.com\/wp-json\/wp\/v2\/pages\/155\/revisions"}],"predecessor-version":[{"id":157,"href":"https:\/\/ps99slot.com\/wp-json\/wp\/v2\/pages\/155\/revisions\/157"}],"wp:featuredmedia":[{"embeddable":true,"href":"https:\/\/ps99slot.com\/wp-json\/wp\/v2\/media\/88"}],"wp:attachment":[{"href":"https:\/\/ps99slot.com\/wp-json\/wp\/v2\/media?parent=155"}],"curies":[{"name":"wp","href":"https:\/\/api.w.org\/{rel}","templated":true}]}}