{"id":158,"date":"2026-01-25T19:30:26","date_gmt":"2026-01-25T12:30:26","guid":{"rendered":"https:\/\/ps99slot.com\/?page_id=158"},"modified":"2026-01-25T19:30:26","modified_gmt":"2026-01-25T12:30:26","slug":"da-ga-ps99","status":"publish","type":"page","link":"https:\/\/ps99slot.com\/da-ga-ps99\/","title":{"rendered":"\u0110\u00e1 G\u00e0 PS99"},"content":{"rendered":"<div id=\"ez-toc-container\" class=\"ez-toc-v2_0_79_2 counter-hierarchy ez-toc-counter ez-toc-grey ez-toc-container-direction\">\n<div class=\"ez-toc-title-container\">\n<p class=\"ez-toc-title\" style=\"cursor:inherit\">Table of Contents<\/p>\n<span class=\"ez-toc-title-toggle\"><a href=\"#\" class=\"ez-toc-pull-right ez-toc-btn ez-toc-btn-xs ez-toc-btn-default ez-toc-toggle\" aria-label=\"Toggle Table of Content\"><span class=\"ez-toc-js-icon-con\"><span class=\"\"><span class=\"eztoc-hide\" style=\"display:none;\">Toggle<\/span><span class=\"ez-toc-icon-toggle-span\"><svg style=\"fill: #999;color:#999\" xmlns=\"http:\/\/www.w3.org\/2000\/svg\" class=\"list-377408\" width=\"20px\" height=\"20px\" viewBox=\"0 0 24 24\" fill=\"none\"><path d=\"M6 6H4v2h2V6zm14 0H8v2h12V6zM4 11h2v2H4v-2zm16 0H8v2h12v-2zM4 16h2v2H4v-2zm16 0H8v2h12v-2z\" fill=\"currentColor\"><\/path><\/svg><svg style=\"fill: #999;color:#999\" class=\"arrow-unsorted-368013\" xmlns=\"http:\/\/www.w3.org\/2000\/svg\" width=\"10px\" height=\"10px\" viewBox=\"0 0 24 24\" version=\"1.2\" baseProfile=\"tiny\"><path d=\"M18.2 9.3l-6.2-6.3-6.2 6.3c-.2.2-.3.4-.3.7s.1.5.3.7c.2.2.4.3.7.3h11c.3 0 .5-.1.7-.3.2-.2.3-.5.3-.7s-.1-.5-.3-.7zM5.8 14.7l6.2 6.3 6.2-6.3c.2-.2.3-.5.3-.7s-.1-.5-.3-.7c-.2-.2-.4-.3-.7-.3h-11c-.3 0-.5.1-.7.3-.2.2-.3.5-.3.7s.1.5.3.7z\"\/><\/svg><\/span><\/span><\/span><\/a><\/span><\/div>\n<nav><ul class='ez-toc-list ez-toc-list-level-1 ' ><li class='ez-toc-page-1 ez-toc-heading-level-2'><a class=\"ez-toc-link ez-toc-heading-1\" href=\"https:\/\/ps99slot.com\/da-ga-ps99\/#Da_Ga_PS99_%E2%80%93_San_Cuoc_Truc_Tiep_Uy_Tin_Hang_Dau_Chau_A\" >\u0110\u00e1 G\u00e0 PS99 \u2013 S\u00e0n C\u01b0\u1ee3c Tr\u1ef1c Ti\u1ebfp Uy T\u00edn H\u00e0ng \u0110\u1ea7u Ch\u00e2u \u00c1<\/a><\/li><li class='ez-toc-page-1 ez-toc-heading-level-2'><a class=\"ez-toc-link ez-toc-heading-2\" href=\"https:\/\/ps99slot.com\/da-ga-ps99\/#Da_ga_PS99_%E2%80%93_Noi_dam_me_hoi_tu_cung_cong_nghe_hien_dai\" >\u0110\u00e1 g\u00e0 PS99 \u2013 N\u01a1i \u0111am m\u00ea h\u1ed9i t\u1ee5 c\u00f9ng c\u00f4ng ngh\u1ec7 hi\u1ec7n \u0111\u1ea1i<\/a><\/li><li class='ez-toc-page-1 ez-toc-heading-level-2'><a class=\"ez-toc-link ez-toc-heading-3\" href=\"https:\/\/ps99slot.com\/da-ga-ps99\/#Nhung_uu_diem_noi_bat_cua_da_ga_tai_PS99\" >Nh\u1eefng \u01b0u \u0111i\u1ec3m n\u1ed5i b\u1eadt c\u1ee7a \u0111\u00e1 g\u00e0 t\u1ea1i PS99<\/a><\/li><li class='ez-toc-page-1 ez-toc-heading-level-2'><a class=\"ez-toc-link ez-toc-heading-4\" href=\"https:\/\/ps99slot.com\/da-ga-ps99\/#Cac_hinh_thuc_da_ga_pho_bien_tai_PS99\" >C\u00e1c h\u00ecnh th\u1ee9c \u0111\u00e1 g\u00e0 ph\u1ed5 bi\u1ebfn t\u1ea1i PS99<\/a><ul class='ez-toc-list-level-3' ><li class='ez-toc-heading-level-3'><a class=\"ez-toc-link ez-toc-heading-5\" href=\"https:\/\/ps99slot.com\/da-ga-ps99\/#Da_ga_cua_sat\" >\u0110\u00e1 g\u00e0 c\u1ef1a s\u1eaft<\/a><\/li><li class='ez-toc-page-1 ez-toc-heading-level-3'><a class=\"ez-toc-link ez-toc-heading-6\" href=\"https:\/\/ps99slot.com\/da-ga-ps99\/#Da_ga_cua_dao\" >\u0110\u00e1 g\u00e0 c\u1ef1a dao<\/a><\/li><\/ul><\/li><li class='ez-toc-page-1 ez-toc-heading-level-2'><a class=\"ez-toc-link ez-toc-heading-7\" href=\"https:\/\/ps99slot.com\/da-ga-ps99\/#Cac_giai_dau_da_ga_hap_dan_tai_PS99\" >C\u00e1c gi\u1ea3i \u0111\u1ea5u \u0111\u00e1 g\u00e0 h\u1ea5p d\u1eabn t\u1ea1i PS99<\/a><\/li><li class='ez-toc-page-1 ez-toc-heading-level-2'><a class=\"ez-toc-link ez-toc-heading-8\" href=\"https:\/\/ps99slot.com\/da-ga-ps99\/#Doi_tac_truong_ga_uy_tin_cua_PS99\" >\u0110\u1ed1i t\u00e1c tr\u01b0\u1eddng g\u00e0 uy t\u00edn c\u1ee7a PS99<\/a><ul class='ez-toc-list-level-3' ><li class='ez-toc-heading-level-3'><a class=\"ez-toc-link ez-toc-heading-9\" href=\"https:\/\/ps99slot.com\/da-ga-ps99\/#SV388\" >SV388<\/a><\/li><li class='ez-toc-page-1 ez-toc-heading-level-3'><a class=\"ez-toc-link ez-toc-heading-10\" href=\"https:\/\/ps99slot.com\/da-ga-ps99\/#S128\" >S128<\/a><\/li><\/ul><\/li><li class='ez-toc-page-1 ez-toc-heading-level-2'><a class=\"ez-toc-link ez-toc-heading-11\" href=\"https:\/\/ps99slot.com\/da-ga-ps99\/#Luat_choi_co_ban_khi_tham_gia_da_ga_tai_PS99\" >Lu\u1eadt ch\u01a1i c\u01a1 b\u1ea3n khi tham gia \u0111\u00e1 g\u00e0 t\u1ea1i PS99<\/a><\/li><li class='ez-toc-page-1 ez-toc-heading-level-2'><a class=\"ez-toc-link ez-toc-heading-12\" href=\"https:\/\/ps99slot.com\/da-ga-ps99\/#Ket_luan\" >K\u1ebft lu\u1eadn<\/a><\/li><\/ul><\/nav><\/div>\n<h2><span class=\"ez-toc-section\" id=\"Da_Ga_PS99_%E2%80%93_San_Cuoc_Truc_Tiep_Uy_Tin_Hang_Dau_Chau_A\"><\/span><b>\u0110\u00e1 G\u00e0 PS99 \u2013 S\u00e0n C\u01b0\u1ee3c Tr\u1ef1c Ti\u1ebfp Uy T\u00edn H\u00e0ng \u0110\u1ea7u Ch\u00e2u \u00c1<\/b><span class=\"ez-toc-section-end\"><\/span><\/h2>\n<p><b>\u0110\u00e1 g\u00e0 PS99<\/b><span style=\"font-weight: 400;\"> l\u00e0 l\u1ef1a ch\u1ecdn h\u00e0ng \u0111\u1ea7u d\u00e0nh cho nh\u1eefng ai \u0111am m\u00ea c\u00e1c tr\u1eadn ch\u1ecdi k\u00ea k\u1ecbch t\u00ednh \u0111\u1ebfn t\u1eeb nh\u1eefng tr\u01b0\u1eddng \u0111\u1ea5u danh ti\u1ebfng. <a href=\"https:\/\/ps99slot.com\/\">PS99<\/a> mang \u0111\u1ebfn tr\u1ea3i nghi\u1ec7m xem \u0111\u00e1 g\u00e0 tr\u1ef1c ti\u1ebfp s\u1eafc n\u00e9t, t\u1ed1c \u0111\u1ed9 cao, \u0111\u1ea3m b\u1ea3o t\u00ednh minh b\u1ea1ch v\u00e0 c\u00f4ng b\u1eb1ng tuy\u1ec7t \u0111\u1ed1i. V\u1edbi h\u1ec7 th\u1ed1ng k\u00e8o c\u01b0\u1ee3c \u0111a d\u1ea1ng c\u00f9ng t\u1ef7 l\u1ec7 th\u01b0\u1edfng c\u1ea1nh tranh, ng\u01b0\u1eddi ch\u01a1i c\u00f3 nhi\u1ec1u c\u01a1 h\u1ed9i s\u0103n th\u01b0\u1edfng gi\u00e1 tr\u1ecb m\u1ed7i ng\u00e0y.<\/span><\/p>\n<h2><span class=\"ez-toc-section\" id=\"Da_ga_PS99_%E2%80%93_Noi_dam_me_hoi_tu_cung_cong_nghe_hien_dai\"><\/span><b>\u0110\u00e1 g\u00e0 PS99 \u2013 N\u01a1i \u0111am m\u00ea h\u1ed9i t\u1ee5 c\u00f9ng c\u00f4ng ngh\u1ec7 hi\u1ec7n \u0111\u1ea1i<\/b><span class=\"ez-toc-section-end\"><\/span><\/h2>\n<p><span style=\"font-weight: 400;\">Nh\u1eafc \u0111\u1ebfn \u0111\u1ea5u tr\u01b0\u1eddng ch\u1ecdi k\u00ea tr\u1ef1c tuy\u1ebfn, <\/span><b>\u0111\u00e1 g\u00e0 PS99<\/b><span style=\"font-weight: 400;\"> lu\u00f4n n\u1eb1m trong nh\u00f3m n\u1ec1n t\u1ea3ng \u0111\u01b0\u1ee3c c\u1ed9ng \u0111\u1ed3ng k\u00ea th\u1ee7 \u0111\u00e1nh gi\u00e1 cao. H\u1ec7 th\u1ed1ng ph\u00e1t s\u00f3ng h\u01a1n 300 tr\u1eadn \u0111\u1ea5u m\u1ed7i ng\u00e0y, quy t\u1ee5 c\u00e1c chi\u1ebfn k\u00ea ch\u1ea5t l\u01b0\u1ee3ng t\u1eeb nhi\u1ec1u tr\u01b0\u1eddng g\u00e0 l\u1edbn t\u1ea1i khu v\u1ef1c \u0110\u00f4ng Nam \u00c1. V\u1edbi \u0111\u1ecbnh h\u01b0\u1edbng minh b\u1ea1ch v\u00e0 chuy\u00ean nghi\u1ec7p, PS99 x\u00e2y d\u1ef1ng m\u00f4i tr\u01b0\u1eddng c\u00e1 c\u01b0\u1ee3c \u1ed5n \u0111\u1ecbnh, an to\u00e0n v\u00e0 d\u1ec5 ti\u1ebfp c\u1eadn.<\/span><\/p>\n<figure id=\"attachment_94\" aria-describedby=\"caption-attachment-94\" style=\"width: 800px\" class=\"wp-caption aligncenter\"><img loading=\"lazy\" decoding=\"async\" class=\"size-full wp-image-94\" src=\"https:\/\/ps99slot.com\/wp-content\/uploads\/2026\/01\/tong-quan-ve-da-ga-ps99_58.webp\" alt=\"tong-quan-ve-da-ga-ps99_58\" width=\"800\" height=\"400\" srcset=\"https:\/\/ps99slot.com\/wp-content\/uploads\/2026\/01\/tong-quan-ve-da-ga-ps99_58.webp 800w, https:\/\/ps99slot.com\/wp-content\/uploads\/2026\/01\/tong-quan-ve-da-ga-ps99_58-300x150.webp 300w, https:\/\/ps99slot.com\/wp-content\/uploads\/2026\/01\/tong-quan-ve-da-ga-ps99_58-768x384.webp 768w\" sizes=\"auto, (max-width: 800px) 100vw, 800px\" \/><figcaption id=\"caption-attachment-94\" class=\"wp-caption-text\">T\u1ed5ng quan v\u1ec1 \u0111\u00e1 g\u00e0 ps99<\/figcaption><\/figure>\n<h2><span class=\"ez-toc-section\" id=\"Nhung_uu_diem_noi_bat_cua_da_ga_tai_PS99\"><\/span><b>Nh\u1eefng \u01b0u \u0111i\u1ec3m n\u1ed5i b\u1eadt c\u1ee7a \u0111\u00e1 g\u00e0 t\u1ea1i PS99<\/b><span class=\"ez-toc-section-end\"><\/span><\/h2>\n<p><span style=\"font-weight: 400;\">\u0110\u1ec3 gi\u1eef v\u1eefng v\u1ecb th\u1ebf tr\u00ean th\u1ecb tr\u01b0\u1eddng, <\/span><b>\u0111\u00e1 g\u00e0 PS99<\/b><span style=\"font-weight: 400;\"> s\u1edf h\u1eefu nhi\u1ec1u l\u1ee3i th\u1ebf v\u01b0\u1ee3t tr\u1ed9i nh\u1edd \u0111\u1ea7u t\u01b0 m\u1ea1nh v\u00e0o c\u00f4ng ngh\u1ec7 v\u00e0 tr\u1ea3i nghi\u1ec7m ng\u01b0\u1eddi d\u00f9ng:<\/span><\/p>\n<ul>\n<li style=\"font-weight: 400;\" aria-level=\"1\"><b>Livestream ch\u1ea5t l\u01b0\u1ee3ng cao<\/b><span style=\"font-weight: 400;\">: Tr\u1ef1c ti\u1ebfp t\u1eeb c\u00e1c tr\u01b0\u1eddng g\u00e0 uy t\u00edn, h\u00ecnh \u1ea3nh Full HD, \u0111\u1ed9 tr\u1ec5 th\u1ea5p, nhi\u1ec1u g\u00f3c quay gi\u00fap ng\u01b0\u1eddi ch\u01a1i theo d\u00f5i tr\u1eadn \u0111\u1ea5u r\u00f5 r\u00e0ng.<\/span><\/li>\n<li style=\"font-weight: 400;\" aria-level=\"1\"><b>Minh b\u1ea1ch v\u00e0 c\u00f4ng b\u1eb1ng<\/b><span style=\"font-weight: 400;\">: M\u1ecdi tr\u1eadn \u0111\u1ea5u \u0111\u1ec1u c\u00f3 tr\u1ecdng t\u00e0i gi\u00e1m s\u00e1t, l\u1ecbch s\u1eed c\u01b0\u1ee3c \u0111\u01b0\u1ee3c l\u01b0u tr\u1eef r\u00f5 r\u00e0ng, d\u1ec5 ki\u1ec3m tra.<\/span><\/li>\n<li style=\"font-weight: 400;\" aria-level=\"1\"><b>K\u00e8o c\u01b0\u1ee3c \u0111a d\u1ea1ng<\/b><span style=\"font-weight: 400;\">: \u0110\u1ea7y \u0111\u1ee7 c\u00e1c c\u1eeda Meron, Wala, BDD v\u1edbi t\u1ef7 l\u1ec7 th\u01b0\u1edfng h\u1ea5p d\u1eabn, c\u1eadp nh\u1eadt li\u00ean t\u1ee5c theo di\u1ec5n bi\u1ebfn tr\u1eadn \u0111\u1ea5u.<\/span><\/li>\n<\/ul>\n<p><span style=\"font-weight: 400;\">Nh\u1edd \u0111\u00f3, <\/span><b>\u0111\u00e1 g\u00e0 PS99<\/b><span style=\"font-weight: 400;\"> mang l\u1ea1i c\u1ea3m gi\u00e1c ch\u00e2n th\u1ef1c v\u00e0 \u0111\u00e1ng tin c\u1eady cho m\u1ecdi k\u00ea th\u1ee7.<\/span><\/p>\n<h2><span class=\"ez-toc-section\" id=\"Cac_hinh_thuc_da_ga_pho_bien_tai_PS99\"><\/span><b>C\u00e1c h\u00ecnh th\u1ee9c \u0111\u00e1 g\u00e0 ph\u1ed5 bi\u1ebfn t\u1ea1i PS99<\/b><span class=\"ez-toc-section-end\"><\/span><\/h2>\n<p><span style=\"font-weight: 400;\">Tham gia <\/span><b>\u0111\u00e1 g\u00e0 PS99<\/b><span style=\"font-weight: 400;\">, ng\u01b0\u1eddi ch\u01a1i c\u00f3 th\u1ec3 l\u1ef1a ch\u1ecdn nhi\u1ec1u h\u00ecnh th\u1ee9c ch\u1ecdi k\u00ea kh\u00e1c nhau, m\u1ed7i lo\u1ea1i \u0111\u1ec1u mang n\u00e9t k\u1ecbch t\u00ednh ri\u00eang.<\/span><\/p>\n<h3><span class=\"ez-toc-section\" id=\"Da_ga_cua_sat\"><\/span><b>\u0110\u00e1 g\u00e0 c\u1ef1a s\u1eaft<\/b><span class=\"ez-toc-section-end\"><\/span><\/h3>\n<p><span style=\"font-weight: 400;\">\u0110\u00e2y l\u00e0 h\u00ecnh th\u1ee9c truy\u1ec1n th\u1ed1ng, n\u01a1i c\u00e1c chi\u1ebfn k\u00ea \u0111\u01b0\u1ee3c trang b\u1ecb c\u1ef1a s\u1eaft m\u00e0i nh\u1ecdn theo ti\u00eau chu\u1ea9n. Tr\u1eadn \u0111\u1ea5u th\u01b0\u1eddng k\u00e9o d\u00e0i t\u1eeb 5\u201315 ph\u00fat, \u0111\u00f2i h\u1ecfi s\u1ef1 b\u1ec1n b\u1ec9, k\u1ef9 thu\u1eadt v\u00e0 kh\u1ea3 n\u0103ng ra \u0111\u00f2n ch\u00ednh x\u00e1c \u0111\u1ec3 gi\u00e0nh chi\u1ebfn th\u1eafng.<\/span><\/p>\n<h3><span class=\"ez-toc-section\" id=\"Da_ga_cua_dao\"><\/span><b>\u0110\u00e1 g\u00e0 c\u1ef1a dao<\/b><span class=\"ez-toc-section-end\"><\/span><\/h3>\n<p><span style=\"font-weight: 400;\">Xu\u1ea5t ph\u00e1t t\u1eeb Philippines, \u0111\u00e1 g\u00e0 c\u1ef1a dao n\u1ed5i b\u1eadt v\u1edbi t\u1ed1c \u0111\u1ed9 c\u1ef1c nhanh. Ch\u1ec9 c\u1ea7n m\u1ed9t pha ra \u0111\u00f2n chu\u1ea9n x\u00e1c, tr\u1eadn \u0111\u1ea5u c\u00f3 th\u1ec3 k\u1ebft th\u00fac trong v\u00e0i gi\u00e2y, mang \u0111\u1ebfn c\u1ea3m gi\u00e1c h\u1ed3i h\u1ed9p cao \u0111\u1ed9 cho ng\u01b0\u1eddi xem v\u00e0 ng\u01b0\u1eddi \u0111\u1eb7t c\u01b0\u1ee3c t\u1ea1i <\/span><b>\u0111\u00e1 g\u00e0 PS99<\/b><span style=\"font-weight: 400;\">.<\/span><\/p>\n<h2><span class=\"ez-toc-section\" id=\"Cac_giai_dau_da_ga_hap_dan_tai_PS99\"><\/span><b>C\u00e1c gi\u1ea3i \u0111\u1ea5u \u0111\u00e1 g\u00e0 h\u1ea5p d\u1eabn t\u1ea1i PS99<\/b><span class=\"ez-toc-section-end\"><\/span><\/h2>\n<p><span style=\"font-weight: 400;\">Ngo\u00e0i c\u00e1c tr\u1eadn \u0111\u1ea5u th\u01b0\u1eddng ng\u00e0y, <\/span><b>\u0111\u00e1 g\u00e0 PS99<\/b><span style=\"font-weight: 400;\"> c\u00f2n th\u01b0\u1eddng xuy\u00ean ph\u00e1t s\u00f3ng nh\u1eefng gi\u1ea3i \u0111\u1ea5u l\u1edbn v\u1edbi gi\u00e1 tr\u1ecb th\u01b0\u1edfng cao. \u0110\u00e2y l\u00e0 n\u01a1i quy t\u1ee5 c\u00e1c chi\u1ebfn k\u00ea c\u00f3 th\u00e0nh t\u00edch \u1ea5n t\u01b0\u1ee3ng, mang \u0111\u1ebfn nh\u1eefng m\u00e0n so t\u00e0i \u0111\u1ec9nh cao, thu h\u00fat \u0111\u00f4ng \u0111\u1ea3o k\u00ea th\u1ee7 theo d\u00f5i v\u00e0 tham gia \u0111\u1eb7t c\u01b0\u1ee3c.<\/span><\/p>\n<figure id=\"attachment_106\" aria-describedby=\"caption-attachment-106\" style=\"width: 800px\" class=\"wp-caption aligncenter\"><img loading=\"lazy\" decoding=\"async\" class=\"size-full wp-image-106\" src=\"https:\/\/ps99slot.com\/wp-content\/uploads\/2026\/01\/cac-giai-dau-da-ga-hap-dan-tai-ps99_8.webp\" alt=\"cac-giai-dau-da-ga-hap-dan-tai-ps99_8\" width=\"800\" height=\"400\" srcset=\"https:\/\/ps99slot.com\/wp-content\/uploads\/2026\/01\/cac-giai-dau-da-ga-hap-dan-tai-ps99_8.webp 800w, https:\/\/ps99slot.com\/wp-content\/uploads\/2026\/01\/cac-giai-dau-da-ga-hap-dan-tai-ps99_8-300x150.webp 300w, https:\/\/ps99slot.com\/wp-content\/uploads\/2026\/01\/cac-giai-dau-da-ga-hap-dan-tai-ps99_8-768x384.webp 768w\" sizes=\"auto, (max-width: 800px) 100vw, 800px\" \/><figcaption id=\"caption-attachment-106\" class=\"wp-caption-text\">C\u00e1c gi\u1ea3i \u0111\u1ea5u \u0111\u00e1 g\u00e0 h\u1ea5p d\u1eabn t\u1ea1i ps99<\/figcaption><\/figure>\n<h2><span class=\"ez-toc-section\" id=\"Doi_tac_truong_ga_uy_tin_cua_PS99\"><\/span><b>\u0110\u1ed1i t\u00e1c tr\u01b0\u1eddng g\u00e0 uy t\u00edn c\u1ee7a PS99<\/b><span class=\"ez-toc-section-end\"><\/span><\/h2>\n<p><span style=\"font-weight: 400;\">Ch\u1ea5t l\u01b0\u1ee3ng c\u1ee7a <\/span><b>\u0111\u00e1 g\u00e0 PS99<\/b><span style=\"font-weight: 400;\"> \u0111\u01b0\u1ee3c b\u1ea3o ch\u1ee9ng th\u00f4ng qua vi\u1ec7c h\u1ee3p t\u00e1c v\u1edbi nhi\u1ec1u \u0111\u1ed1i t\u00e1c danh ti\u1ebfng trong ng\u00e0nh.<\/span><\/p>\n<h3><span class=\"ez-toc-section\" id=\"SV388\"><\/span><b>SV388<\/b><span class=\"ez-toc-section-end\"><\/span><\/h3>\n<p><span style=\"font-weight: 400;\">SV388 l\u00e0 nh\u00e0 cung c\u1ea5p \u0111\u00e1 g\u00e0 tr\u1ef1c tuy\u1ebfn n\u1ed5i ti\u1ebfng t\u1ea1i ch\u00e2u \u00c1, cung c\u1ea5p h\u00e0ng tr\u0103m tr\u1eadn \u0111\u1ea5u m\u1ed7i ng\u00e0y. V\u1edbi s\u1ef1 h\u1eadu thu\u1eabn t\u1eeb c\u00e1c tr\u01b0\u1eddng g\u00e0 l\u1edbn, SV388 mang \u0111\u1ebfn nh\u1eefng tr\u1eadn \u0111\u1ea5u \u0111\u01b0\u1ee3c t\u1ed5 ch\u1ee9c b\u00e0i b\u1ea3n v\u00e0 minh b\u1ea1ch.<\/span><\/p>\n<h3><span class=\"ez-toc-section\" id=\"S128\"><\/span><b>S128<\/b><span class=\"ez-toc-section-end\"><\/span><\/h3>\n<p><span style=\"font-weight: 400;\">S128 chuy\u00ean v\u1ec1 \u0111\u00e1 g\u00e0 c\u1ef1a dao, ho\u1ea1t \u0111\u1ed9ng h\u1ee3p ph\u00e1p d\u01b0\u1edbi s\u1ef1 gi\u00e1m s\u00e1t c\u1ee7a c\u00e1c c\u01a1 quan qu\u1ea3n l\u00fd qu\u1ed1c t\u1ebf. \u0110\u00e2y l\u00e0 m\u1ed9t trong nh\u1eefng s\u1ea3nh c\u01b0\u1ee3c \u0111\u01b0\u1ee3c nhi\u1ec1u ng\u01b0\u1eddi ch\u01a1i t\u1ea1i <\/span><b>\u0111\u00e1 g\u00e0 PS99<\/b><span style=\"font-weight: 400;\"> tin t\u01b0\u1edfng l\u1ef1a ch\u1ecdn.<\/span><\/p>\n<h2><span class=\"ez-toc-section\" id=\"Luat_choi_co_ban_khi_tham_gia_da_ga_tai_PS99\"><\/span><b>Lu\u1eadt ch\u01a1i c\u01a1 b\u1ea3n khi tham gia \u0111\u00e1 g\u00e0 t\u1ea1i PS99<\/b><span class=\"ez-toc-section-end\"><\/span><\/h2>\n<p><span style=\"font-weight: 400;\">\u0110\u1ec3 tham gia hi\u1ec7u qu\u1ea3 t\u1ea1i <\/span><b>\u0111\u00e1 g\u00e0 PS99<\/b><span style=\"font-weight: 400;\">, ng\u01b0\u1eddi ch\u01a1i c\u1ea7n n\u1eafm r\u00f5 c\u00e1c c\u1eeda c\u01b0\u1ee3c ph\u1ed5 bi\u1ebfn:<\/span><\/p>\n<figure id=\"attachment_74\" aria-describedby=\"caption-attachment-74\" style=\"width: 800px\" class=\"wp-caption aligncenter\"><img loading=\"lazy\" decoding=\"async\" class=\"size-full wp-image-74\" src=\"https:\/\/ps99slot.com\/wp-content\/uploads\/2026\/01\/luat-choi-da-ga-co-ban-khi-tham-gia-nha-cai_40.webp\" alt=\"luat-choi-da-ga-co-ban-khi-tham-gia-nha-cai_40\" width=\"800\" height=\"400\" srcset=\"https:\/\/ps99slot.com\/wp-content\/uploads\/2026\/01\/luat-choi-da-ga-co-ban-khi-tham-gia-nha-cai_40.webp 800w, https:\/\/ps99slot.com\/wp-content\/uploads\/2026\/01\/luat-choi-da-ga-co-ban-khi-tham-gia-nha-cai_40-300x150.webp 300w, https:\/\/ps99slot.com\/wp-content\/uploads\/2026\/01\/luat-choi-da-ga-co-ban-khi-tham-gia-nha-cai_40-768x384.webp 768w\" sizes=\"auto, (max-width: 800px) 100vw, 800px\" \/><figcaption id=\"caption-attachment-74\" class=\"wp-caption-text\">Lu\u1eadt ch\u01a1i \u0111\u00e1 g\u00e0 c\u01a1 b\u1ea3n khi tham gia nh\u00e0 c\u00e1i<\/figcaption><\/figure>\n<ul>\n<li style=\"font-weight: 400;\" aria-level=\"1\"><b>MERON (\u0110\u1ecf)<\/b><span style=\"font-weight: 400;\">: C\u01b0\u1ee3c cho chi\u1ebfn k\u00ea c\u1ee7a nh\u00e0 c\u00e1i, t\u1ef7 l\u1ec7 \u0103n th\u01b0\u1eddng dao \u0111\u1ed9ng t\u1eeb 1:0.90 \u0111\u1ebfn 1:0.98.<\/span><\/li>\n<li style=\"font-weight: 400;\" aria-level=\"1\"><b>WALA (Xanh)<\/b><span style=\"font-weight: 400;\">: C\u01b0\u1ee3c cho chi\u1ebfn k\u00ea \u0111\u1ed1i th\u1ee7, t\u1ef7 l\u1ec7 th\u01b0\u1edfng th\u01b0\u1eddng ngang ho\u1eb7c cao h\u01a1n MERON.<\/span><\/li>\n<li style=\"font-weight: 400;\" aria-level=\"1\"><b>BDD (H\u00f2a)<\/b><span style=\"font-weight: 400;\">: D\u1ef1 \u0111o\u00e1n c\u1ea3 hai chi\u1ebfn k\u00ea \u0111\u1ec1u kh\u00f4ng th\u1ec3 ti\u1ebfp t\u1ee5c thi \u0111\u1ea5u, m\u1ee9c th\u01b0\u1edfng cao, c\u00f3 th\u1ec3 l\u00ean t\u1edbi 1:8.<\/span><\/li>\n<\/ul>\n<p><span style=\"font-weight: 400;\">C\u00e1ch x\u00e1c \u0111\u1ecbnh th\u1eafng thua \u0111\u01b0\u1ee3c quy \u0111\u1ecbnh r\u00f5 r\u00e0ng, \u0111\u1ea3m b\u1ea3o s\u1ef1 c\u00f4ng b\u1eb1ng cho t\u1ea5t c\u1ea3 ng\u01b0\u1eddi ch\u01a1i.<\/span><\/p>\n<h2><span class=\"ez-toc-section\" id=\"Ket_luan\"><\/span><b>K\u1ebft lu\u1eadn<\/b><span class=\"ez-toc-section-end\"><\/span><\/h2>\n<p><span style=\"font-weight: 400;\">V\u1edbi h\u1ec7 th\u1ed1ng ph\u00e1t s\u00f3ng ch\u1ea5t l\u01b0\u1ee3ng, k\u00e8o c\u01b0\u1ee3c \u0111a d\u1ea1ng v\u00e0 \u0111\u1ed1i t\u00e1c uy t\u00edn, <\/span><b>\u0111\u00e1 g\u00e0 PS99<\/b><span style=\"font-weight: 400;\"> l\u00e0 \u0111i\u1ec3m \u0111\u1ebfn ph\u00f9 h\u1ee3p cho nh\u1eefng ai y\u00eau th\u00edch b\u1ed9 m\u00f4n ch\u1ecdi k\u00ea tr\u1ef1c tuy\u1ebfn, mang l\u1ea1i tr\u1ea3i nghi\u1ec7m minh b\u1ea1ch, k\u1ecbch t\u00ednh v\u00e0 nhi\u1ec1u c\u01a1 h\u1ed9i tr\u00fang th\u01b0\u1edfng h\u1ea5p d\u1eabn.<\/span><\/p>\n","protected":false},"excerpt":{"rendered":"<p>\u0110\u00e1 G\u00e0 PS99 \u2013 S\u00e0n C\u01b0\u1ee3c Tr\u1ef1c Ti\u1ebfp Uy T\u00edn H\u00e0ng \u0110\u1ea7u Ch\u00e2u \u00c1 \u0110\u00e1 g\u00e0 PS99 l\u00e0 l\u1ef1a ch\u1ecdn h\u00e0ng \u0111\u1ea7u d\u00e0nh cho nh\u1eefng ai \u0111am m\u00ea c\u00e1c tr\u1eadn ch\u1ecdi k\u00ea k\u1ecbch t\u00ednh \u0111\u1ebfn t\u1eeb nh\u1eefng tr\u01b0\u1eddng \u0111\u1ea5u danh ti\u1ebfng. PS99 mang \u0111\u1ebfn tr\u1ea3i nghi\u1ec7m xem \u0111\u00e1 g\u00e0 tr\u1ef1c ti\u1ebfp s\u1eafc n\u00e9t, t\u1ed1c \u0111\u1ed9 [&#8230;]\n","protected":false},"author":1,"featured_media":117,"parent":0,"menu_order":0,"comment_status":"closed","ping_status":"closed","template":"","meta":{"footnotes":""},"class_list":["post-158","page","type-page","status-publish","has-post-thumbnail","hentry"],"_links":{"self":[{"href":"https:\/\/ps99slot.com\/wp-json\/wp\/v2\/pages\/158","targetHints":{"allow":["GET"]}}],"collection":[{"href":"https:\/\/ps99slot.com\/wp-json\/wp\/v2\/pages"}],"about":[{"href":"https:\/\/ps99slot.com\/wp-json\/wp\/v2\/types\/page"}],"author":[{"embeddable":true,"href":"https:\/\/ps99slot.com\/wp-json\/wp\/v2\/users\/1"}],"replies":[{"embeddable":true,"href":"https:\/\/ps99slot.com\/wp-json\/wp\/v2\/comments?post=158"}],"version-history":[{"count":1,"href":"https:\/\/ps99slot.com\/wp-json\/wp\/v2\/pages\/158\/revisions"}],"predecessor-version":[{"id":159,"href":"https:\/\/ps99slot.com\/wp-json\/wp\/v2\/pages\/158\/revisions\/159"}],"wp:featuredmedia":[{"embeddable":true,"href":"https:\/\/ps99slot.com\/wp-json\/wp\/v2\/media\/117"}],"wp:attachment":[{"href":"https:\/\/ps99slot.com\/wp-json\/wp\/v2\/media?parent=158"}],"curies":[{"name":"wp","href":"https:\/\/api.w.org\/{rel}","templated":true}]}}