{"id":160,"date":"2026-01-25T19:42:48","date_gmt":"2026-01-25T12:42:48","guid":{"rendered":"https:\/\/ps99slot.com\/?page_id=160"},"modified":"2026-01-26T12:36:53","modified_gmt":"2026-01-26T05:36:53","slug":"ban-ca-ps99","status":"publish","type":"page","link":"https:\/\/ps99slot.com\/ban-ca-ps99\/","title":{"rendered":"B\u1eafn C\u00e1 PS99"},"content":{"rendered":"<div id=\"ez-toc-container\" class=\"ez-toc-v2_0_79_2 counter-hierarchy ez-toc-counter ez-toc-grey ez-toc-container-direction\">\n<div class=\"ez-toc-title-container\">\n<p class=\"ez-toc-title\" style=\"cursor:inherit\">Table of Contents<\/p>\n<span class=\"ez-toc-title-toggle\"><a href=\"#\" class=\"ez-toc-pull-right ez-toc-btn ez-toc-btn-xs ez-toc-btn-default ez-toc-toggle\" aria-label=\"Toggle Table of Content\"><span class=\"ez-toc-js-icon-con\"><span class=\"\"><span class=\"eztoc-hide\" style=\"display:none;\">Toggle<\/span><span class=\"ez-toc-icon-toggle-span\"><svg style=\"fill: #999;color:#999\" xmlns=\"http:\/\/www.w3.org\/2000\/svg\" class=\"list-377408\" width=\"20px\" height=\"20px\" viewBox=\"0 0 24 24\" fill=\"none\"><path d=\"M6 6H4v2h2V6zm14 0H8v2h12V6zM4 11h2v2H4v-2zm16 0H8v2h12v-2zM4 16h2v2H4v-2zm16 0H8v2h12v-2z\" fill=\"currentColor\"><\/path><\/svg><svg style=\"fill: #999;color:#999\" class=\"arrow-unsorted-368013\" xmlns=\"http:\/\/www.w3.org\/2000\/svg\" width=\"10px\" height=\"10px\" viewBox=\"0 0 24 24\" version=\"1.2\" baseProfile=\"tiny\"><path d=\"M18.2 9.3l-6.2-6.3-6.2 6.3c-.2.2-.3.4-.3.7s.1.5.3.7c.2.2.4.3.7.3h11c.3 0 .5-.1.7-.3.2-.2.3-.5.3-.7s-.1-.5-.3-.7zM5.8 14.7l6.2 6.3 6.2-6.3c.2-.2.3-.5.3-.7s-.1-.5-.3-.7c-.2-.2-.4-.3-.7-.3h-11c-.3 0-.5.1-.7.3-.2.2-.3.5-.3.7s.1.5.3.7z\"\/><\/svg><\/span><\/span><\/span><\/a><\/span><\/div>\n<nav><ul class='ez-toc-list ez-toc-list-level-1 ' ><li class='ez-toc-page-1 ez-toc-heading-level-2'><a class=\"ez-toc-link ez-toc-heading-1\" href=\"https:\/\/ps99slot.com\/ban-ca-ps99\/#Ban_Ca_PS99_%E2%80%93_Ngu_Truong_3D_Soi_Dong_San_Thuong_Cuc_Da\" >B\u1eafn C\u00e1 PS99 \u2013 Ng\u01b0 Tr\u01b0\u1eddng 3D S\u00f4i \u0110\u1ed9ng, S\u0103n Th\u01b0\u1edfng C\u1ef1c \u0110\u00e3<\/a><\/li><li class='ez-toc-page-1 ez-toc-heading-level-2'><a class=\"ez-toc-link ez-toc-heading-2\" href=\"https:\/\/ps99slot.com\/ban-ca-ps99\/#Gioi_thieu_tong_quan_ve_chuyen_muc_ban_ca_PS99\" >Gi\u1edbi thi\u1ec7u t\u1ed5ng quan v\u1ec1 chuy\u00ean m\u1ee5c b\u1eafn c\u00e1 PS99<\/a><\/li><li class='ez-toc-page-1 ez-toc-heading-level-2'><a class=\"ez-toc-link ez-toc-heading-3\" href=\"https:\/\/ps99slot.com\/ban-ca-ps99\/#Diem_khac_biet_cua_ban_ca_PS99\" >\u0110i\u1ec3m kh\u00e1c bi\u1ec7t c\u1ee7a b\u1eafn c\u00e1 PS99<\/a><\/li><li class='ez-toc-page-1 ez-toc-heading-level-2'><a class=\"ez-toc-link ez-toc-heading-4\" href=\"https:\/\/ps99slot.com\/ban-ca-ps99\/#Nhung_tro_choi_ban_ca_noi_bat_tai_PS99\" >Nh\u1eefng tr\u00f2 ch\u01a1i b\u1eafn c\u00e1 n\u1ed5i b\u1eadt t\u1ea1i PS99<\/a><ul class='ez-toc-list-level-3' ><li class='ez-toc-heading-level-3'><a class=\"ez-toc-link ez-toc-heading-5\" href=\"https:\/\/ps99slot.com\/ban-ca-ps99\/#Fishing_Hunter\" >Fishing Hunter<\/a><\/li><li class='ez-toc-page-1 ez-toc-heading-level-3'><a class=\"ez-toc-link ez-toc-heading-6\" href=\"https:\/\/ps99slot.com\/ban-ca-ps99\/#Ban_Con_Trung\" >B\u1eafn C\u00f4n Tr\u00f9ng<\/a><\/li><li class='ez-toc-page-1 ez-toc-heading-level-3'><a class=\"ez-toc-link ez-toc-heading-7\" href=\"https:\/\/ps99slot.com\/ban-ca-ps99\/#TP_Nhi_Gia_Ban_Ca\" >TP Nh\u1ecb Gia B\u1eafn C\u00e1<\/a><\/li><\/ul><\/li><li class='ez-toc-page-1 ez-toc-heading-level-2'><a class=\"ez-toc-link ez-toc-heading-8\" href=\"https:\/\/ps99slot.com\/ban-ca-ps99\/#Cac_sanh_ban_ca_uy_tin_tai_PS99\" >C\u00e1c s\u1ea3nh b\u1eafn c\u00e1 uy t\u00edn t\u1ea1i PS99<\/a><ul class='ez-toc-list-level-3' ><li class='ez-toc-heading-level-3'><a class=\"ez-toc-link ez-toc-heading-9\" href=\"https:\/\/ps99slot.com\/ban-ca-ps99\/#Sanh_JILI\" >S\u1ea3nh JILI<\/a><\/li><li class='ez-toc-page-1 ez-toc-heading-level-3'><a class=\"ez-toc-link ez-toc-heading-10\" href=\"https:\/\/ps99slot.com\/ban-ca-ps99\/#Sanh_FaChai\" >S\u1ea3nh FaChai<\/a><\/li><li class='ez-toc-page-1 ez-toc-heading-level-3'><a class=\"ez-toc-link ez-toc-heading-11\" href=\"https:\/\/ps99slot.com\/ban-ca-ps99\/#Sanh_CQ9\" >S\u1ea3nh CQ9<\/a><\/li><\/ul><\/li><li class='ez-toc-page-1 ez-toc-heading-level-2'><a class=\"ez-toc-link ez-toc-heading-12\" href=\"https:\/\/ps99slot.com\/ban-ca-ps99\/#Huong_dan_tham_gia_ban_ca_PS99_don_gian\" >H\u01b0\u1edbng d\u1eabn tham gia b\u1eafn c\u00e1 PS99 \u0111\u01a1n gi\u1ea3n<\/a><\/li><li class='ez-toc-page-1 ez-toc-heading-level-2'><a class=\"ez-toc-link ez-toc-heading-13\" href=\"https:\/\/ps99slot.com\/ban-ca-ps99\/#Ket_luan\" >K\u1ebft lu\u1eadn<\/a><\/li><\/ul><\/nav><\/div>\n<h2><span class=\"ez-toc-section\" id=\"Ban_Ca_PS99_%E2%80%93_Ngu_Truong_3D_Soi_Dong_San_Thuong_Cuc_Da\"><\/span><b>B\u1eafn C\u00e1 PS99 \u2013 Ng\u01b0 Tr\u01b0\u1eddng 3D S\u00f4i \u0110\u1ed9ng, S\u0103n Th\u01b0\u1edfng C\u1ef1c \u0110\u00e3<\/b><span class=\"ez-toc-section-end\"><\/span><\/h2>\n<p><span style=\"font-weight: 400;\">B\u1eafn c\u00e1 PS99 \u0111ang l\u00e0 m\u1ed9t trong nh\u1eefng chuy\u00ean m\u1ee5c gi\u1ea3i tr\u00ed \u0111\u01b0\u1ee3c quan t\u00e2m nhi\u1ec1u tr\u00ean th\u1ecb tr\u01b0\u1eddng n\u0103m 2025. N\u1ec1n t\u1ea3ng mang \u0111\u1ebfn h\u1ec7 th\u1ed1ng ng\u01b0 tr\u01b0\u1eddng 3D s\u1ed1ng \u0111\u1ed9ng v\u1edbi h\u01a1n 10 s\u1ea3nh kh\u00e1c nhau v\u00e0 h\u00e0ng tr\u0103m t\u1ef1a game s\u0103n c\u00e1 h\u1ea5p d\u1eabn. Kh\u00f4ng ch\u1ec9 d\u1eebng l\u1ea1i \u1edf y\u1ebfu t\u1ed1 gi\u1ea3i tr\u00ed, ng\u01b0\u1eddi ch\u01a1i c\u00f2n c\u00f3 c\u01a1 h\u1ed9i gia t\u0103ng thu nh\u1eadp nh\u1edd m\u1ee9c th\u01b0\u1edfng cao v\u00e0 c\u01a1 ch\u1ebf tr\u1ea3 th\u01b0\u1edfng minh b\u1ea1ch.<\/span><\/p>\n<h2><span class=\"ez-toc-section\" id=\"Gioi_thieu_tong_quan_ve_chuyen_muc_ban_ca_PS99\"><\/span><b>Gi\u1edbi thi\u1ec7u t\u1ed5ng quan v\u1ec1 chuy\u00ean m\u1ee5c b\u1eafn c\u00e1 PS99<\/b><span class=\"ez-toc-section-end\"><\/span><\/h2>\n<p><span style=\"font-weight: 400;\">B\u1eafn c\u00e1 l\u00e0 m\u1ed9t trong nh\u1eefng danh m\u1ee5c tr\u1ecdng t\u00e2m \u0111\u01b0\u1ee3c <a href=\"https:\/\/ps99slot.com\/\">PS99<\/a> \u0111\u1ea7u t\u01b0 b\u00e0i b\u1ea3n. Chuy\u00ean m\u1ee5c quy t\u1ee5 nhi\u1ec1u tr\u00f2 ch\u01a1i s\u0103n c\u00e1 \u0111\u1ed5i th\u01b0\u1edfng l\u1ea5y c\u1ea3m h\u1ee9ng t\u1eeb \u0111\u1ea1i d\u01b0\u01a1ng, v\u0169 tr\u1ee5 v\u00e0 th\u1ebf gi\u1edbi gi\u1ea3 t\u01b0\u1edfng. To\u00e0n b\u1ed9 game \u0111\u01b0\u1ee3c x\u00e2y d\u1ef1ng tr\u00ean n\u1ec1n \u0111\u1ed3 h\u1ecda 3D hi\u1ec7n \u0111\u1ea1i, lu\u1eadt ch\u01a1i \u0111\u01a1n gi\u1ea3n, d\u1ec5 ti\u1ebfp c\u1eadn, ph\u00f9 h\u1ee3p cho c\u1ea3 ng\u01b0\u1eddi m\u1edbi l\u1eabn ng\u01b0\u1eddi ch\u01a1i l\u00e2u n\u0103m.<\/span><\/p>\n<figure id=\"attachment_93\" aria-describedby=\"caption-attachment-93\" style=\"width: 800px\" class=\"wp-caption aligncenter\"><img loading=\"lazy\" decoding=\"async\" class=\"size-full wp-image-93\" src=\"https:\/\/ps99slot.com\/wp-content\/uploads\/2026\/01\/tong-quan-ve-chuyen-muc-ban-ca-ps99_57.webp\" alt=\"tong-quan-ve-chuyen-muc-ban-ca-ps99_57\" width=\"800\" height=\"400\" srcset=\"https:\/\/ps99slot.com\/wp-content\/uploads\/2026\/01\/tong-quan-ve-chuyen-muc-ban-ca-ps99_57.webp 800w, https:\/\/ps99slot.com\/wp-content\/uploads\/2026\/01\/tong-quan-ve-chuyen-muc-ban-ca-ps99_57-300x150.webp 300w, https:\/\/ps99slot.com\/wp-content\/uploads\/2026\/01\/tong-quan-ve-chuyen-muc-ban-ca-ps99_57-768x384.webp 768w\" sizes=\"auto, (max-width: 800px) 100vw, 800px\" \/><figcaption id=\"caption-attachment-93\" class=\"wp-caption-text\">T\u1ed5ng quan v\u1ec1 chuy\u00ean m\u1ee5c b\u1eafn c\u00e1 ps99<\/figcaption><\/figure>\n<h2><span class=\"ez-toc-section\" id=\"Diem_khac_biet_cua_ban_ca_PS99\"><\/span><b>\u0110i\u1ec3m kh\u00e1c bi\u1ec7t c\u1ee7a b\u1eafn c\u00e1 PS99<\/b><span class=\"ez-toc-section-end\"><\/span><\/h2>\n<p><span style=\"font-weight: 400;\">Gi\u1eefa r\u1ea5t nhi\u1ec1u n\u1ec1n t\u1ea3ng cung c\u1ea5p game b\u1eafn c\u00e1 hi\u1ec7n nay, PS99 v\u1eabn t\u1ea1o \u0111\u01b0\u1ee3c d\u1ea5u \u1ea5n ri\u00eang nh\u1edd nh\u1eefng \u01b0u th\u1ebf n\u1ed5i b\u1eadt:<\/span><\/p>\n<ul>\n<li style=\"font-weight: 400;\" aria-level=\"1\"><span style=\"font-weight: 400;\">B\u1ed1i c\u1ea3nh v\u00e0 c\u1ed1t truy\u1ec7n \u0111a d\u1ea1ng, kh\u00f4ng b\u1ecb gi\u1edbi h\u1ea1n trong m\u1ed9t ch\u1ee7 \u0111\u1ec1 c\u1ed1 \u0111\u1ecbnh, mang \u0111\u1ebfn tr\u1ea3i nghi\u1ec7m m\u1edbi m\u1ebb cho ng\u01b0\u1eddi ch\u01a1i.<\/span><\/li>\n<li style=\"font-weight: 400;\" aria-level=\"1\"><span style=\"font-weight: 400;\">H\u1ec7 th\u1ed1ng ph\u00f2ng ch\u01a1i ph\u00e2n c\u1ea5p r\u00f5 r\u00e0ng, t\u1eeb ph\u00f2ng c\u01a1 b\u1ea3n \u0111\u1ebfn ph\u00f2ng cao c\u1ea5p, gi\u00fap ng\u01b0\u1eddi ch\u01a1i l\u1ef1a ch\u1ecdn theo k\u1ef9 n\u0103ng v\u00e0 m\u1ee9c v\u1ed1n.<\/span><\/li>\n<li style=\"font-weight: 400;\" aria-level=\"1\"><span style=\"font-weight: 400;\">T\u1ef7 l\u1ec7 tr\u1ea3 th\u01b0\u1edfng c\u1ea1nh tranh, cao h\u01a1n m\u1eb7t b\u1eb1ng chung, t\u1ea1o c\u01a1 h\u1ed9i s\u0103n th\u01b0\u1edfng hi\u1ec7u qu\u1ea3.<\/span><\/li>\n<li style=\"font-weight: 400;\" aria-level=\"1\"><span style=\"font-weight: 400;\">C\u00e1c ch\u01b0\u01a1ng tr\u00ecnh \u01b0u \u0111\u00e3i d\u00e0nh ri\u00eang cho b\u1eafn c\u00e1 \u0111\u01b0\u1ee3c c\u1eadp nh\u1eadt th\u01b0\u1eddng xuy\u00ean, h\u1ed7 tr\u1ee3 t\u1ed1i \u0111a qu\u00e1 tr\u00ecnh tr\u1ea3i nghi\u1ec7m.<\/span><\/li>\n<\/ul>\n<h2><span class=\"ez-toc-section\" id=\"Nhung_tro_choi_ban_ca_noi_bat_tai_PS99\"><\/span><b>Nh\u1eefng tr\u00f2 ch\u01a1i b\u1eafn c\u00e1 n\u1ed5i b\u1eadt t\u1ea1i PS99<\/b><span class=\"ez-toc-section-end\"><\/span><\/h2>\n<p><span style=\"font-weight: 400;\">V\u1edbi kho game phong ph\u00fa, b\u1eafn c\u00e1 PS99 \u0111\u00e1p \u1ee9ng \u0111a d\u1ea1ng s\u1edf th\u00edch c\u1ee7a ng\u01b0\u1eddi ch\u01a1i. M\u1ed9t s\u1ed1 t\u1ef1a game \u0111\u01b0\u1ee3c \u0111\u00e1nh gi\u00e1 cao c\u00f3 th\u1ec3 k\u1ec3 \u0111\u1ebfn:<\/span><\/p>\n<p><i><span style=\"font-weight: 400;\">Nh\u1eefng tr\u00f2 b\u1eafn c\u00e1 n\u1ed5i b\u1eadt t\u1ea1i ps99<\/span><\/i><\/p>\n<h3><span class=\"ez-toc-section\" id=\"Fishing_Hunter\"><\/span><b>Fishing Hunter<\/b><span class=\"ez-toc-section-end\"><\/span><\/h3>\n<p><span style=\"font-weight: 400;\">Fishing Hunter \u0111\u01b0a ng\u01b0\u1eddi ch\u01a1i b\u01b0\u1edbc v\u00e0o kh\u00f4ng gian s\u0103n c\u00e1 mang m\u00e0u s\u1eafc khoa h\u1ecdc vi\u1ec5n t\u01b0\u1edfng. Nhi\u1ec7m v\u1ee5 c\u1ee7a ng\u01b0\u1eddi ch\u01a1i l\u00e0 ti\u00eau di\u1ec7t m\u1ee5c ti\u00eau, thu th\u1eadp v\u1eadt ph\u1ea9m v\u00e0 m\u1edf r\u01b0\u01a1ng th\u01b0\u1edfng gi\u00e1 tr\u1ecb. Tr\u00f2 ch\u01a1i s\u1edf h\u1eefu nh\u1ecbp \u0111\u1ed9 nhanh, hi\u1ec7u \u1ee9ng b\u1eaft m\u1eaft v\u00e0 t\u1ef7 l\u1ec7 th\u01b0\u1edfng h\u1ea5p d\u1eabn.<\/span><\/p>\n<h3><span class=\"ez-toc-section\" id=\"Ban_Con_Trung\"><\/span><b>B\u1eafn C\u00f4n Tr\u00f9ng<\/b><span class=\"ez-toc-section-end\"><\/span><\/h3>\n<p><span style=\"font-weight: 400;\">Kh\u00e1c v\u1edbi b\u1ed1i c\u1ea3nh \u0111\u1ea1i d\u01b0\u01a1ng quen thu\u1ed9c, <\/span><b>B\u1eafn C\u00f4n Tr\u00f9ng t\u1ea1i b\u1eafn c\u00e1 PS99<\/b><span style=\"font-weight: 400;\"> mang ng\u01b0\u1eddi ch\u01a1i \u0111\u1ebfn khu r\u1eebng nhi\u1ec7t \u0111\u1edbi v\u1edbi nhi\u1ec1u lo\u00e0i sinh v\u1eadt \u0111\u1ed9c \u0111\u00e1o. Tr\u00f2 ch\u01a1i th\u01b0\u1eddng xuy\u00ean t\u1ed5 ch\u1ee9c c\u00e1c s\u1ef1 ki\u1ec7n mini game, gi\u00fap t\u0103ng t\u00ednh c\u1ea1nh tranh v\u00e0 m\u1edf r\u1ed9ng c\u01a1 h\u1ed9i nh\u1eadn th\u01b0\u1edfng h\u1ea5p d\u1eabn.<\/span><\/p>\n<h3><span class=\"ez-toc-section\" id=\"TP_Nhi_Gia_Ban_Ca\"><\/span><b>TP Nh\u1ecb Gia B\u1eafn C\u00e1<\/b><span class=\"ez-toc-section-end\"><\/span><\/h3>\n<p><b>TP Nh\u1ecb Gia B\u1eafn C\u00e1 t\u1ea1i b\u1eafn c\u00e1 PS99<\/b><span style=\"font-weight: 400;\"> l\u00e0 m\u1ed9t trong nh\u1eefng tr\u00f2 ch\u01a1i \u0111\u01b0\u1ee3c y\u00eau th\u00edch nh\u1edd c\u01a1 ch\u1ebf th\u01b0\u1edfng l\u1edbn. Ng\u01b0\u1eddi ch\u01a1i c\u00f3 th\u1ec3 s\u0103n c\u00e1c v\u1eadt ph\u1ea9m \u0111\u1eb7c bi\u1ec7t \u0111\u1ec3 nh\u1eadn m\u1ee9c th\u01b0\u1edfng cao, mang l\u1ea1i c\u1ea3m gi\u00e1c chinh ph\u1ee5c v\u00e0 k\u1ecbch t\u00ednh trong t\u1eebng l\u01b0\u1ee3t b\u1eafn.<\/span><\/p>\n<h2><span class=\"ez-toc-section\" id=\"Cac_sanh_ban_ca_uy_tin_tai_PS99\"><\/span><b>C\u00e1c s\u1ea3nh b\u1eafn c\u00e1 uy t\u00edn t\u1ea1i PS99<\/b><span class=\"ez-toc-section-end\"><\/span><\/h2>\n<p><span style=\"font-weight: 400;\">\u0110\u1ec3 n\u00e2ng cao ch\u1ea5t l\u01b0\u1ee3ng tr\u1ea3i nghi\u1ec7m, PS99 h\u1ee3p t\u00e1c v\u1edbi nhi\u1ec1u nh\u00e0 cung c\u1ea5p game danh ti\u1ebfng tr\u00ean th\u1ecb tr\u01b0\u1eddng.<\/span><\/p>\n<p><i><span style=\"font-weight: 400;\">S\u1ea3nh b\u1eafn c\u00e1 uy t\u00edn t\u1ea1i nh\u00e0 c\u00e1i<\/span><\/i><\/p>\n<h3><span class=\"ez-toc-section\" id=\"Sanh_JILI\"><\/span><b>S\u1ea3nh JILI<\/b><span class=\"ez-toc-section-end\"><\/span><\/h3>\n<p><b>JILI t\u1ea1i b\u1eafn c\u00e1 PS99<\/b><span style=\"font-weight: 400;\"> n\u1ed5i b\u1eadt v\u1edbi c\u00e1c t\u1ef1a game b\u1eafn c\u00e1 3D c\u00f3 m\u00e0u s\u1eafc sinh \u0111\u1ed9ng, thi\u1ebft k\u1ebf hi\u1ec7n \u0111\u1ea1i v\u00e0 l\u1ed1i ch\u01a1i m\u01b0\u1ee3t m\u00e0. C\u00e1c s\u1ea3n ph\u1ea9m do JILI cung c\u1ea5p th\u01b0\u1eddng c\u00f3 m\u1ee9c th\u01b0\u1edfng cao, d\u1ec5 ti\u1ebfp c\u1eadn v\u00e0 ph\u00f9 h\u1ee3p v\u1edbi nhi\u1ec1u \u0111\u1ed1i t\u01b0\u1ee3ng ng\u01b0\u1eddi ch\u01a1i.<\/span><\/p>\n<h3><span class=\"ez-toc-section\" id=\"Sanh_FaChai\"><\/span><b>S\u1ea3nh FaChai<\/b><span class=\"ez-toc-section-end\"><\/span><\/h3>\n<p><b>FaChai t\u1ea1i b\u1eafn c\u00e1 PS99<\/b><span style=\"font-weight: 400;\"> mang \u0111\u1ebfn nh\u1eefng tr\u00f2 ch\u01a1i b\u1eafn c\u00e1 \u0111\u01b0\u1ee3c \u0111\u1ea7u t\u01b0 k\u1ef9 v\u1ec1 v\u0169 kh\u00ed, hi\u1ec7u \u1ee9ng v\u00e0 \u0111\u1ed9 kh\u00f3 linh ho\u1ea1t. H\u1ec7 th\u1ed1ng c\u00f2n h\u1ed7 tr\u1ee3 nhi\u1ec1u ng\u00f4n ng\u1eef, ph\u00f9 h\u1ee3p v\u1edbi \u0111\u00f4ng \u0111\u1ea3o ng\u01b0\u1eddi ch\u01a1i \u1edf nhi\u1ec1u khu v\u1ef1c kh\u00e1c nhau.<\/span><\/p>\n<h3><span class=\"ez-toc-section\" id=\"Sanh_CQ9\"><\/span><b>S\u1ea3nh CQ9<\/b><span class=\"ez-toc-section-end\"><\/span><\/h3>\n<p><span style=\"font-weight: 400;\">CQ9 ghi \u0111i\u1ec3m nh\u1edd n\u1ed9i dung k\u1ecbch t\u00ednh, quy tr\u00ecnh v\u1eadn h\u00e0nh \u1ed5n \u0111\u1ecbnh v\u00e0 d\u1ecbch v\u1ee5 h\u1ed7 tr\u1ee3 t\u1ed1t. C\u00e1c ch\u01b0\u01a1ng tr\u00ecnh khuy\u1ebfn m\u00e3i \u0111i k\u00e8m c\u0169ng l\u00e0 y\u1ebfu t\u1ed1 gi\u00fap s\u1ea3nh n\u00e0y thu h\u00fat ng\u01b0\u1eddi ch\u01a1i l\u00e2u d\u00e0i.<\/span><\/p>\n<h2><span class=\"ez-toc-section\" id=\"Huong_dan_tham_gia_ban_ca_PS99_don_gian\"><\/span><b>H\u01b0\u1edbng d\u1eabn tham gia b\u1eafn c\u00e1 PS99 \u0111\u01a1n gi\u1ea3n<\/b><span class=\"ez-toc-section-end\"><\/span><\/h2>\n<p><span style=\"font-weight: 400;\">\u0110\u1ec3 b\u1eaft \u0111\u1ea7u tr\u1ea3i nghi\u1ec7m, ng\u01b0\u1eddi ch\u01a1i ch\u1ec9 c\u1ea7n th\u1ef1c hi\u1ec7n theo c\u00e1c b\u01b0\u1edbc sau:<\/span><\/p>\n<ol>\n<li style=\"font-weight: 400;\" aria-level=\"1\"><span style=\"font-weight: 400;\">Truy c\u1eadp website PS99 v\u00e0 \u0111\u0103ng nh\u1eadp ho\u1eb7c \u0111\u0103ng k\u00fd t\u00e0i kho\u1ea3n m\u1edbi.<\/span><\/li>\n<li style=\"font-weight: 400;\" aria-level=\"1\"><span style=\"font-weight: 400;\">N\u1ea1p ti\u1ec1n v\u00e0o t\u00e0i kho\u1ea3n v\u00e0 ch\u1ecdn danh m\u1ee5c b\u1eafn c\u00e1.<\/span><\/li>\n<li style=\"font-weight: 400;\" aria-level=\"1\"><span style=\"font-weight: 400;\">L\u1ef1a ch\u1ecdn s\u1ea3nh c\u01b0\u1ee3c v\u00e0 c\u1ea5p \u0111\u1ed9 ph\u00f9 h\u1ee3p v\u1edbi k\u1ef9 n\u0103ng.<\/span><\/li>\n<li style=\"font-weight: 400;\" aria-level=\"1\"><span style=\"font-weight: 400;\">T\u00ecm hi\u1ec3u lu\u1eadt ch\u01a1i v\u00e0 b\u1eaft \u0111\u1ea7u h\u00e0nh tr\u00ecnh s\u0103n th\u01b0\u1edfng.<\/span><\/li>\n<\/ol>\n<h2><span class=\"ez-toc-section\" id=\"Ket_luan\"><\/span><b>K\u1ebft lu\u1eadn<\/b><span class=\"ez-toc-section-end\"><\/span><\/h2>\n<p><span style=\"font-weight: 400;\">B\u1eafn c\u00e1 PS99 mang \u0111\u1ebfn kh\u00f4ng gian gi\u1ea3i tr\u00ed hi\u1ec7n \u0111\u1ea1i v\u1edbi \u0111\u1ed3 h\u1ecda \u0111\u1eb9p m\u1eaft, l\u1ed1i ch\u01a1i \u0111a d\u1ea1ng v\u00e0 c\u01a1 h\u1ed9i nh\u1eadn th\u01b0\u1edfng h\u1ea5p d\u1eabn. V\u1edbi s\u1ef1 \u0111\u1ea7u t\u01b0 nghi\u00eam t\u00fac v\u1ec1 s\u1ea3n ph\u1ea9m v\u00e0 d\u1ecbch v\u1ee5, \u0111\u00e2y l\u00e0 chuy\u00ean m\u1ee5c \u0111\u00e1ng \u0111\u1ec3 ng\u01b0\u1eddi ch\u01a1i tr\u1ea3i nghi\u1ec7m v\u00e0 th\u1eed th\u00e1ch k\u1ef9 n\u0103ng s\u0103n c\u00e1 c\u1ee7a m\u00ecnh.<\/span><\/p>\n","protected":false},"excerpt":{"rendered":"<p>B\u1eafn C\u00e1 PS99 \u2013 Ng\u01b0 Tr\u01b0\u1eddng 3D S\u00f4i \u0110\u1ed9ng, S\u0103n Th\u01b0\u1edfng C\u1ef1c \u0110\u00e3 B\u1eafn c\u00e1 PS99 \u0111ang l\u00e0 m\u1ed9t trong nh\u1eefng chuy\u00ean m\u1ee5c gi\u1ea3i tr\u00ed \u0111\u01b0\u1ee3c quan t\u00e2m nhi\u1ec1u tr\u00ean th\u1ecb tr\u01b0\u1eddng n\u0103m 2025. N\u1ec1n t\u1ea3ng mang \u0111\u1ebfn h\u1ec7 th\u1ed1ng ng\u01b0 tr\u01b0\u1eddng 3D s\u1ed1ng \u0111\u1ed9ng v\u1edbi h\u01a1n 10 s\u1ea3nh kh\u00e1c nhau v\u00e0 h\u00e0ng tr\u0103m t\u1ef1a [&#8230;]\n","protected":false},"author":1,"featured_media":104,"parent":0,"menu_order":0,"comment_status":"closed","ping_status":"closed","template":"","meta":{"footnotes":""},"class_list":["post-160","page","type-page","status-publish","has-post-thumbnail","hentry"],"_links":{"self":[{"href":"https:\/\/ps99slot.com\/wp-json\/wp\/v2\/pages\/160","targetHints":{"allow":["GET"]}}],"collection":[{"href":"https:\/\/ps99slot.com\/wp-json\/wp\/v2\/pages"}],"about":[{"href":"https:\/\/ps99slot.com\/wp-json\/wp\/v2\/types\/page"}],"author":[{"embeddable":true,"href":"https:\/\/ps99slot.com\/wp-json\/wp\/v2\/users\/1"}],"replies":[{"embeddable":true,"href":"https:\/\/ps99slot.com\/wp-json\/wp\/v2\/comments?post=160"}],"version-history":[{"count":1,"href":"https:\/\/ps99slot.com\/wp-json\/wp\/v2\/pages\/160\/revisions"}],"predecessor-version":[{"id":161,"href":"https:\/\/ps99slot.com\/wp-json\/wp\/v2\/pages\/160\/revisions\/161"}],"wp:featuredmedia":[{"embeddable":true,"href":"https:\/\/ps99slot.com\/wp-json\/wp\/v2\/media\/104"}],"wp:attachment":[{"href":"https:\/\/ps99slot.com\/wp-json\/wp\/v2\/media?parent=160"}],"curies":[{"name":"wp","href":"https:\/\/api.w.org\/{rel}","templated":true}]}}