{"id":3,"date":"2025-12-28T05:22:46","date_gmt":"2025-12-28T05:22:46","guid":{"rendered":"http:\/\/ps99slot.com\/?page_id=3"},"modified":"2026-01-25T19:17:49","modified_gmt":"2026-01-25T12:17:49","slug":"chinh-sach-bao-mat-ps99","status":"publish","type":"page","link":"https:\/\/ps99slot.com\/chinh-sach-bao-mat-ps99\/","title":{"rendered":"Ch\u00ednh S\u00e1ch B\u1ea3o M\u1eadt PS99"},"content":{"rendered":"\r\n<div id=\"ez-toc-container\" class=\"ez-toc-v2_0_79_2 counter-hierarchy ez-toc-counter ez-toc-grey ez-toc-container-direction\">\n<div class=\"ez-toc-title-container\">\n<p class=\"ez-toc-title\" style=\"cursor:inherit\">Table of Contents<\/p>\n<span class=\"ez-toc-title-toggle\"><a href=\"#\" class=\"ez-toc-pull-right ez-toc-btn ez-toc-btn-xs ez-toc-btn-default ez-toc-toggle\" aria-label=\"Toggle Table of Content\"><span class=\"ez-toc-js-icon-con\"><span class=\"\"><span class=\"eztoc-hide\" style=\"display:none;\">Toggle<\/span><span class=\"ez-toc-icon-toggle-span\"><svg style=\"fill: #999;color:#999\" xmlns=\"http:\/\/www.w3.org\/2000\/svg\" class=\"list-377408\" width=\"20px\" height=\"20px\" viewBox=\"0 0 24 24\" fill=\"none\"><path d=\"M6 6H4v2h2V6zm14 0H8v2h12V6zM4 11h2v2H4v-2zm16 0H8v2h12v-2zM4 16h2v2H4v-2zm16 0H8v2h12v-2z\" fill=\"currentColor\"><\/path><\/svg><svg style=\"fill: #999;color:#999\" class=\"arrow-unsorted-368013\" xmlns=\"http:\/\/www.w3.org\/2000\/svg\" width=\"10px\" height=\"10px\" viewBox=\"0 0 24 24\" version=\"1.2\" baseProfile=\"tiny\"><path d=\"M18.2 9.3l-6.2-6.3-6.2 6.3c-.2.2-.3.4-.3.7s.1.5.3.7c.2.2.4.3.7.3h11c.3 0 .5-.1.7-.3.2-.2.3-.5.3-.7s-.1-.5-.3-.7zM5.8 14.7l6.2 6.3 6.2-6.3c.2-.2.3-.5.3-.7s-.1-.5-.3-.7c-.2-.2-.4-.3-.7-.3h-11c-.3 0-.5.1-.7.3-.2.2-.3.5-.3.7s.1.5.3.7z\"\/><\/svg><\/span><\/span><\/span><\/a><\/span><\/div>\n<nav><ul class='ez-toc-list ez-toc-list-level-1 ' ><li class='ez-toc-page-1 ez-toc-heading-level-1'><a class=\"ez-toc-link ez-toc-heading-1\" href=\"https:\/\/ps99slot.com\/chinh-sach-bao-mat-ps99\/#Chinh_Sach_Bao_Mat_PS99_%E2%80%93_Cam_Ket_An_Toan_Bao_Mat_Tuyet_Doi\" >Ch\u00ednh S\u00e1ch B\u1ea3o M\u1eadt PS99 \u2013 Cam K\u1ebft An To\u00e0n &amp; B\u1ea3o M\u1eadt Tuy\u1ec7t \u0110\u1ed1i<\/a><ul class='ez-toc-list-level-2' ><li class='ez-toc-heading-level-2'><a class=\"ez-toc-link ez-toc-heading-2\" href=\"https:\/\/ps99slot.com\/chinh-sach-bao-mat-ps99\/#Khai_niem_ve_chinh_sach_bao_mat_PS99\" >Kh\u00e1i ni\u1ec7m v\u1ec1 ch\u00ednh s\u00e1ch b\u1ea3o m\u1eadt PS99<\/a><\/li><li class='ez-toc-page-1 ez-toc-heading-level-2'><a class=\"ez-toc-link ez-toc-heading-3\" href=\"https:\/\/ps99slot.com\/chinh-sach-bao-mat-ps99\/#Cap_nhat_cac_quy_dinh_trong_chinh_sach_bao_mat_PS99\" >C\u1eadp nh\u1eadt c\u00e1c quy \u0111\u1ecbnh trong ch\u00ednh s\u00e1ch b\u1ea3o m\u1eadt PS99<\/a><ul class='ez-toc-list-level-3' ><li class='ez-toc-heading-level-3'><a class=\"ez-toc-link ez-toc-heading-4\" href=\"https:\/\/ps99slot.com\/chinh-sach-bao-mat-ps99\/#Thu_thap_thong_tin\" >Thu th\u1eadp th\u00f4ng tin<\/a><\/li><li class='ez-toc-page-1 ez-toc-heading-level-3'><a class=\"ez-toc-link ez-toc-heading-5\" href=\"https:\/\/ps99slot.com\/chinh-sach-bao-mat-ps99\/#Bao_ve_thong_tin_ca_nhan\" >B\u1ea3o v\u1ec7 th\u00f4ng tin c\u00e1 nh\u00e2n<\/a><\/li><li class='ez-toc-page-1 ez-toc-heading-level-3'><a class=\"ez-toc-link ez-toc-heading-6\" href=\"https:\/\/ps99slot.com\/chinh-sach-bao-mat-ps99\/#Su_dung_du_lieu\" >S\u1eed d\u1ee5ng d\u1eef li\u1ec7u<\/a><\/li><li class='ez-toc-page-1 ez-toc-heading-level-3'><a class=\"ez-toc-link ez-toc-heading-7\" href=\"https:\/\/ps99slot.com\/chinh-sach-bao-mat-ps99\/#Cam_ket_khong_chia_se_thong_tin\" >Cam k\u1ebft kh\u00f4ng chia s\u1ebb th\u00f4ng tin<\/a><\/li><\/ul><\/li><li class='ez-toc-page-1 ez-toc-heading-level-2'><a class=\"ez-toc-link ez-toc-heading-8\" href=\"https:\/\/ps99slot.com\/chinh-sach-bao-mat-ps99\/#Nhung_quy_dinh_thiet_yeu_trong_chinh_sach_bao_mat_PS99\" >Nh\u1eefng quy \u0111\u1ecbnh thi\u1ebft y\u1ebfu trong ch\u00ednh s\u00e1ch b\u1ea3o m\u1eadt PS99<\/a><\/li><li class='ez-toc-page-1 ez-toc-heading-level-2'><a class=\"ez-toc-link ez-toc-heading-9\" href=\"https:\/\/ps99slot.com\/chinh-sach-bao-mat-ps99\/#Uu_diem_khi_ap_dung_chinh_sach_bao_mat_PS99\" >\u01afu \u0111i\u1ec3m khi \u00e1p d\u1ee5ng ch\u00ednh s\u00e1ch b\u1ea3o m\u1eadt PS99<\/a><\/li><li class='ez-toc-page-1 ez-toc-heading-level-2'><a class=\"ez-toc-link ez-toc-heading-10\" href=\"https:\/\/ps99slot.com\/chinh-sach-bao-mat-ps99\/#Quy_dinh_xu_ly_cac_van_de_phat_sinh\" >Quy \u0111\u1ecbnh x\u1eed l\u00fd c\u00e1c v\u1ea5n \u0111\u1ec1 ph\u00e1t sinh<\/a><\/li><li class='ez-toc-page-1 ez-toc-heading-level-2'><a class=\"ez-toc-link ez-toc-heading-11\" href=\"https:\/\/ps99slot.com\/chinh-sach-bao-mat-ps99\/#Loi_ket\" >L\u1eddi k\u1ebft<\/a><\/li><\/ul><\/li><\/ul><\/nav><\/div>\n<h1 class=\"wp-block-heading\"><span class=\"ez-toc-section\" id=\"Chinh_Sach_Bao_Mat_PS99_%E2%80%93_Cam_Ket_An_Toan_Bao_Mat_Tuyet_Doi\"><\/span><b>Ch\u00ednh S\u00e1ch B\u1ea3o M\u1eadt PS99 \u2013 Cam K\u1ebft An To\u00e0n &amp; B\u1ea3o M\u1eadt Tuy\u1ec7t \u0110\u1ed1i<\/b><span class=\"ez-toc-section-end\"><\/span><\/h1>\r\n<p><span style=\"font-weight: 400;\">Ch\u00ednh s\u00e1ch b\u1ea3o m\u1eadt PS99 l\u00e0 y\u1ebfu t\u1ed1 then ch\u1ed1t gi\u00fap n\u1ec1n t\u1ea3ng x\u00e2y d\u1ef1ng ni\u1ec1m tin v\u1edbi ng\u01b0\u1eddi d\u00f9ng. Trong m\u00f4i tr\u01b0\u1eddng c\u00e1 c\u01b0\u1ee3c tr\u1ef1c tuy\u1ebfn, b\u1ea3o m\u1eadt th\u00f4ng tin c\u00e1 nh\u00e2n v\u00e0 giao d\u1ecbch lu\u00f4n l\u00e0 \u01b0u ti\u00ean h\u00e0ng \u0111\u1ea7u. V\u00ec v\u1eady, <a href=\"https:\/\/ps99slot.com\/\">PS99<\/a> \u0111\u00e3 \u0111\u1ea7u t\u01b0 m\u1ea1nh v\u00e0o h\u1ec7 th\u1ed1ng an ninh, \u00e1p d\u1ee5ng c\u00e1c c\u00f4ng ngh\u1ec7 m\u00e3 h\u00f3a ti\u00ean ti\u1ebfn nh\u1eb1m \u0111\u1ea3m b\u1ea3o m\u1ecdi d\u1eef li\u1ec7u c\u1ee7a ng\u01b0\u1eddi ch\u01a1i lu\u00f4n \u0111\u01b0\u1ee3c b\u1ea3o v\u1ec7 \u1edf m\u1ee9c cao nh\u1ea5t.<\/span><\/p>\r\n<h2><span class=\"ez-toc-section\" id=\"Khai_niem_ve_chinh_sach_bao_mat_PS99\"><\/span><b>Kh\u00e1i ni\u1ec7m v\u1ec1 ch\u00ednh s\u00e1ch b\u1ea3o m\u1eadt PS99<\/b><span class=\"ez-toc-section-end\"><\/span><\/h2>\r\n<p><span style=\"font-weight: 400;\">Ch\u00ednh s\u00e1ch b\u1ea3o m\u1eadt PS99 l\u00e0 t\u1eadp h\u1ee3p c\u00e1c quy \u0111\u1ecbnh v\u00e0 \u0111i\u1ec1u kho\u1ea3n \u0111\u01b0\u1ee3c x\u00e2y d\u1ef1ng nh\u1eb1m b\u1ea3o v\u1ec7 to\u00e0n b\u1ed9 th\u00f4ng tin c\u00e1 nh\u00e2n c\u1ee7a ng\u01b0\u1eddi d\u00f9ng trong su\u1ed1t qu\u00e1 tr\u00ecnh \u0111\u0103ng k\u00fd, giao d\u1ecbch v\u00e0 tr\u1ea3i nghi\u1ec7m d\u1ecbch v\u1ee5.<\/span><\/p>\r\n<figure id=\"attachment_92\" aria-describedby=\"caption-attachment-92\" style=\"width: 800px\" class=\"wp-caption aligncenter\"><img loading=\"lazy\" decoding=\"async\" class=\"size-full wp-image-92\" src=\"https:\/\/ps99slot.com\/wp-content\/uploads\/2026\/01\/tong-quan-ve-chinh-sach-bao-mat-ps99_56.webp\" alt=\"tong-quan-ve-chinh-sach-bao-mat-ps99_56\" width=\"800\" height=\"400\" srcset=\"https:\/\/ps99slot.com\/wp-content\/uploads\/2026\/01\/tong-quan-ve-chinh-sach-bao-mat-ps99_56.webp 800w, https:\/\/ps99slot.com\/wp-content\/uploads\/2026\/01\/tong-quan-ve-chinh-sach-bao-mat-ps99_56-300x150.webp 300w, https:\/\/ps99slot.com\/wp-content\/uploads\/2026\/01\/tong-quan-ve-chinh-sach-bao-mat-ps99_56-768x384.webp 768w\" sizes=\"auto, (max-width: 800px) 100vw, 800px\" \/><figcaption id=\"caption-attachment-92\" class=\"wp-caption-text\">T\u1ed5ng quan v\u1ec1 ch\u00ednh s\u00e1ch b\u1ea3o m\u1eadt ps99<\/figcaption><\/figure>\r\n<p><span style=\"font-weight: 400;\">N\u1ed9i dung ch\u00ednh s\u00e1ch \u0111\u01b0\u1ee3c nghi\u00ean c\u1ee9u k\u1ef9 l\u01b0\u1ee1ng, ki\u1ec3m duy\u1ec7t nghi\u00eam ng\u1eb7t v\u00e0 \u00e1p d\u1ee5ng theo c\u00e1c ti\u00eau chu\u1ea9n an ninh qu\u1ed1c t\u1ebf, \u0111\u1ea3m b\u1ea3o an to\u00e0n d\u1eef li\u1ec7u m\u00e0 kh\u00f4ng l\u00e0m \u1ea3nh h\u01b0\u1edfng \u0111\u1ebfn s\u1ef1 ti\u1ec7n l\u1ee3i khi s\u1eed d\u1ee5ng h\u1ec7 th\u1ed1ng.<\/span><\/p>\r\n<h2><span class=\"ez-toc-section\" id=\"Cap_nhat_cac_quy_dinh_trong_chinh_sach_bao_mat_PS99\"><\/span><b>C\u1eadp nh\u1eadt c\u00e1c quy \u0111\u1ecbnh trong ch\u00ednh s\u00e1ch b\u1ea3o m\u1eadt PS99<\/b><span class=\"ez-toc-section-end\"><\/span><\/h2>\r\n<p><span style=\"font-weight: 400;\">\u0110\u1ec3 \u0111\u1ea3m b\u1ea3o quy\u1ec1n l\u1ee3i v\u00e0 s\u1ef1 an to\u00e0n t\u1ed1i \u0111a cho ng\u01b0\u1eddi d\u00f9ng, PS99 th\u01b0\u1eddng xuy\u00ean c\u1eadp nh\u1eadt, ho\u00e0n thi\u1ec7n c\u00e1c quy \u0111\u1ecbnh trong ch\u00ednh s\u00e1ch b\u1ea3o m\u1eadt nh\u1eb1m ph\u00f9 h\u1ee3p v\u1edbi ti\u00eau chu\u1ea9n an ninh hi\u1ec7n \u0111\u1ea1i v\u00e0 nh\u1eefng thay \u0111\u1ed5i c\u1ee7a m\u00f4i tr\u01b0\u1eddng tr\u1ef1c tuy\u1ebfn.<\/span><\/p>\r\n<figure id=\"attachment_110\" aria-describedby=\"caption-attachment-110\" style=\"width: 800px\" class=\"wp-caption aligncenter\"><img loading=\"lazy\" decoding=\"async\" class=\"size-full wp-image-110\" src=\"https:\/\/ps99slot.com\/wp-content\/uploads\/2026\/01\/cac-quy-dinh-trong-chinh-sach-bao-mat-cua-ps99_9.webp\" alt=\"cac-quy-dinh-trong-chinh-sach-bao-mat-cua-ps99_9\" width=\"800\" height=\"400\" srcset=\"https:\/\/ps99slot.com\/wp-content\/uploads\/2026\/01\/cac-quy-dinh-trong-chinh-sach-bao-mat-cua-ps99_9.webp 800w, https:\/\/ps99slot.com\/wp-content\/uploads\/2026\/01\/cac-quy-dinh-trong-chinh-sach-bao-mat-cua-ps99_9-300x150.webp 300w, https:\/\/ps99slot.com\/wp-content\/uploads\/2026\/01\/cac-quy-dinh-trong-chinh-sach-bao-mat-cua-ps99_9-768x384.webp 768w\" sizes=\"auto, (max-width: 800px) 100vw, 800px\" \/><figcaption id=\"caption-attachment-110\" class=\"wp-caption-text\">C\u00e1c quy \u0111\u1ecbnh trong ch\u00ednh s\u00e1ch b\u1ea3o m\u1eadt c\u1ee7a ps99<\/figcaption><\/figure>\r\n<h3><span class=\"ez-toc-section\" id=\"Thu_thap_thong_tin\"><\/span><b>Thu th\u1eadp th\u00f4ng tin<\/b><span class=\"ez-toc-section-end\"><\/span><\/h3>\r\n<p><span style=\"font-weight: 400;\">H\u1ec7 th\u1ed1ng s\u1ebd thu th\u1eadp m\u1ed9t s\u1ed1 th\u00f4ng tin c\u01a1 b\u1ea3n nh\u01b0:<\/span><\/p>\r\n<ul>\r\n<li style=\"font-weight: 400;\" aria-level=\"1\"><span style=\"font-weight: 400;\">H\u1ecd v\u00e0 t\u00ean<\/span><\/li>\r\n<li style=\"font-weight: 400;\" aria-level=\"1\"><span style=\"font-weight: 400;\">S\u1ed1 \u0111i\u1ec7n tho\u1ea1i<\/span><\/li>\r\n<li style=\"font-weight: 400;\" aria-level=\"1\"><span style=\"font-weight: 400;\">Email<\/span><\/li>\r\n<li style=\"font-weight: 400;\" aria-level=\"1\"><span style=\"font-weight: 400;\">Th\u00f4ng tin t\u00e0i kho\u1ea3n ng\u00e2n h\u00e0ng<\/span><\/li>\r\n<\/ul>\r\n<p><span style=\"font-weight: 400;\">Nh\u1eefng d\u1eef li\u1ec7u n\u00e0y \u0111\u01b0\u1ee3c ng\u01b0\u1eddi d\u00f9ng ch\u1ee7 \u0111\u1ed9ng cung c\u1ea5p khi \u0111\u0103ng k\u00fd t\u00e0i kho\u1ea3n ho\u1eb7c th\u1ef1c hi\u1ec7n giao d\u1ecbch. N\u1ebfu ph\u00e1t hi\u1ec7n tr\u01b0\u1eddng h\u1ee3p tr\u00f9ng l\u1eb7p hay gi\u1ea3 m\u1ea1o th\u00f4ng tin, PS99 c\u00f3 quy\u1ec1n kh\u00f3a t\u00e0i kho\u1ea3n \u0111\u1ec3 \u0111\u1ea3m b\u1ea3o t\u00ednh minh b\u1ea1ch v\u00e0 an to\u00e0n cho to\u00e0n h\u1ec7 th\u1ed1ng.<\/span><\/p>\r\n<h3><span class=\"ez-toc-section\" id=\"Bao_ve_thong_tin_ca_nhan\"><\/span><b>B\u1ea3o v\u1ec7 th\u00f4ng tin c\u00e1 nh\u00e2n<\/b><span class=\"ez-toc-section-end\"><\/span><\/h3>\r\n<p><span style=\"font-weight: 400;\">Ch\u00ednh s\u00e1ch b\u1ea3o m\u1eadt PS99 cam k\u1ebft b\u1ea3o v\u1ec7 tuy\u1ec7t \u0111\u1ed1i c\u00e1c th\u00f4ng tin c\u00e1 nh\u00e2n nh\u01b0:<\/span><\/p>\r\n<ul>\r\n<li style=\"font-weight: 400;\" aria-level=\"1\"><span style=\"font-weight: 400;\">T\u00ean \u0111\u0103ng k\u00fd<\/span><\/li>\r\n<li style=\"font-weight: 400;\" aria-level=\"1\"><span style=\"font-weight: 400;\">\u0110\u1ecba ch\u1ec9 li\u00ean h\u1ec7<\/span><\/li>\r\n<li style=\"font-weight: 400;\" aria-level=\"1\"><span style=\"font-weight: 400;\">S\u1ed1 \u0111i\u1ec7n tho\u1ea1i<\/span><\/li>\r\n<li style=\"font-weight: 400;\" aria-level=\"1\"><span style=\"font-weight: 400;\">Th\u00f4ng tin ng\u00e2n h\u00e0ng<\/span><\/li>\r\n<\/ul>\r\n<p><span style=\"font-weight: 400;\">M\u1ecdi d\u1eef li\u1ec7u ch\u1ec9 ph\u1ee5c v\u1ee5 cho m\u1ee5c \u0111\u00edch n\u1ed9i b\u1ed9 v\u00e0 kh\u00f4ng \u0111\u01b0\u1ee3c chia s\u1ebb cho b\u00ean th\u1ee9 ba n\u1ebfu kh\u00f4ng c\u00f3 s\u1ef1 \u0111\u1ed3ng \u00fd tr\u1ef1c ti\u1ebfp t\u1eeb ng\u01b0\u1eddi d\u00f9ng.<\/span><\/p>\r\n<h3><span class=\"ez-toc-section\" id=\"Su_dung_du_lieu\"><\/span><b>S\u1eed d\u1ee5ng d\u1eef li\u1ec7u<\/b><span class=\"ez-toc-section-end\"><\/span><\/h3>\r\n<p><span style=\"font-weight: 400;\">Th\u00f4ng tin c\u00e1 nh\u00e2n \u0111\u01b0\u1ee3c s\u1eed d\u1ee5ng nh\u1eb1m:<\/span><\/p>\r\n<ul>\r\n<li style=\"font-weight: 400;\" aria-level=\"1\"><span style=\"font-weight: 400;\">X\u00e1c minh t\u00e0i kho\u1ea3n<\/span><\/li>\r\n<li style=\"font-weight: 400;\" aria-level=\"1\"><span style=\"font-weight: 400;\">H\u1ed7 tr\u1ee3 giao d\u1ecbch n\u1ea1p r\u00fat<\/span><\/li>\r\n<li style=\"font-weight: 400;\" aria-level=\"1\"><span style=\"font-weight: 400;\">Th\u00f4ng b\u00e1o \u01b0u \u0111\u00e3i v\u00e0 ch\u01b0\u01a1ng tr\u00ecnh khuy\u1ebfn m\u00e3i<\/span><\/li>\r\n<li style=\"font-weight: 400;\" aria-level=\"1\"><span style=\"font-weight: 400;\">C\u1ea3i thi\u1ec7n ch\u1ea5t l\u01b0\u1ee3ng d\u1ecbch v\u1ee5<\/span><\/li>\r\n<\/ul>\r\n<p><span style=\"font-weight: 400;\">Vi\u1ec7c s\u1eed d\u1ee5ng d\u1eef li\u1ec7u lu\u00f4n tu\u00e2n th\u1ee7 ch\u1eb7t ch\u1ebd theo ch\u00ednh s\u00e1ch b\u1ea3o m\u1eadt PS99 v\u00e0 kh\u00f4ng v\u01b0\u1ee3t qu\u00e1 ph\u1ea1m vi cho ph\u00e9p.<\/span><\/p>\r\n<h3><span class=\"ez-toc-section\" id=\"Cam_ket_khong_chia_se_thong_tin\"><\/span><b>Cam k\u1ebft kh\u00f4ng chia s\u1ebb th\u00f4ng tin<\/b><span class=\"ez-toc-section-end\"><\/span><\/h3>\r\n<p><span style=\"font-weight: 400;\">PS99 cam k\u1ebft:<\/span><\/p>\r\n<ul>\r\n<li style=\"font-weight: 400;\" aria-level=\"1\"><span style=\"font-weight: 400;\">Kh\u00f4ng b\u00e1n<\/span><\/li>\r\n<li style=\"font-weight: 400;\" aria-level=\"1\"><span style=\"font-weight: 400;\">Kh\u00f4ng trao \u0111\u1ed5i<\/span><\/li>\r\n<li style=\"font-weight: 400;\" aria-level=\"1\"><span style=\"font-weight: 400;\">Kh\u00f4ng ti\u1ebft l\u1ed9 th\u00f4ng tin ng\u01b0\u1eddi d\u00f9ng cho b\u1ea5t k\u1ef3 t\u1ed5 ch\u1ee9c hay c\u00e1 nh\u00e2n n\u00e0o<\/span><\/li>\r\n<\/ul>\r\n<p><span style=\"font-weight: 400;\">Ngo\u1ea1i tr\u1eeb tr\u01b0\u1eddng h\u1ee3p c\u00f3 y\u00eau c\u1ea7u h\u1ee3p ph\u00e1p t\u1eeb c\u01a1 quan ch\u1ee9c n\u0103ng ho\u1eb7c \u0111\u01b0\u1ee3c s\u1ef1 ch\u1ea5p thu\u1eadn tr\u1ef1c ti\u1ebfp t\u1eeb ch\u1ee7 t\u00e0i kho\u1ea3n.<\/span><\/p>\r\n<h2><span class=\"ez-toc-section\" id=\"Nhung_quy_dinh_thiet_yeu_trong_chinh_sach_bao_mat_PS99\"><\/span><b>Nh\u1eefng quy \u0111\u1ecbnh thi\u1ebft y\u1ebfu trong ch\u00ednh s\u00e1ch b\u1ea3o m\u1eadt PS99<\/b><span class=\"ez-toc-section-end\"><\/span><\/h2>\r\n<p><span style=\"font-weight: 400;\">Ch\u00ednh s\u00e1ch b\u1ea3o m\u1eadt PS99 \u0111\u01b0\u1ee3c x\u00e2y d\u1ef1ng xoay quanh c\u00e1c nguy\u00ean t\u1eafc an to\u00e0n c\u1ed1t l\u00f5i nh\u01b0:<\/span><\/p>\r\n<ul>\r\n<li style=\"font-weight: 400;\" aria-level=\"1\"><span style=\"font-weight: 400;\">H\u1ec7 th\u1ed1ng b\u1ea3o m\u1eadt ho\u1ea1t \u0111\u1ed9ng 24\/7.<\/span><\/li>\r\n<li style=\"font-weight: 400;\" aria-level=\"1\"><span style=\"font-weight: 400;\">\u00c1p d\u1ee5ng c\u00f4ng ngh\u1ec7 m\u00e3 h\u00f3a SSL ti\u00ean ti\u1ebfn.<\/span><\/li>\r\n<li style=\"font-weight: 400;\" aria-level=\"1\"><span style=\"font-weight: 400;\">Ki\u1ec3m so\u00e1t v\u00e0 ph\u00e1t hi\u1ec7n s\u1edbm c\u00e1c h\u00e0nh vi gian l\u1eadn.<\/span><\/li>\r\n<li style=\"font-weight: 400;\" aria-level=\"1\"><span style=\"font-weight: 400;\">Ng\u0103n ch\u1eb7n truy c\u1eadp tr\u00e1i ph\u00e9p.<\/span><\/li>\r\n<li style=\"font-weight: 400;\" aria-level=\"1\"><span style=\"font-weight: 400;\">T\u1eeb ch\u1ed1i ph\u1ee5c v\u1ee5 ng\u01b0\u1eddi ch\u01a1i d\u01b0\u1edbi 18 tu\u1ed5i.<\/span><\/li>\r\n<\/ul>\r\n<p><span style=\"font-weight: 400;\">Nh\u1eefng bi\u1ec7n ph\u00e1p n\u00e0y gi\u00fap t\u1ea1o ra m\u00f4i tr\u01b0\u1eddng gi\u1ea3i tr\u00ed c\u00f4ng b\u1eb1ng v\u00e0 minh b\u1ea1ch.<\/span><\/p>\r\n<h2><span class=\"ez-toc-section\" id=\"Uu_diem_khi_ap_dung_chinh_sach_bao_mat_PS99\"><\/span><b>\u01afu \u0111i\u1ec3m khi \u00e1p d\u1ee5ng ch\u00ednh s\u00e1ch b\u1ea3o m\u1eadt PS99<\/b><span class=\"ez-toc-section-end\"><\/span><\/h2>\r\n<p><span style=\"font-weight: 400;\">Vi\u1ec7c tri\u1ec3n khai ch\u00ednh s\u00e1ch b\u1ea3o m\u1eadt ch\u1eb7t ch\u1ebd mang l\u1ea1i nhi\u1ec1u l\u1ee3i \u00edch:<\/span><\/p>\r\n<figure id=\"attachment_98\" aria-describedby=\"caption-attachment-98\" style=\"width: 800px\" class=\"wp-caption aligncenter\"><img loading=\"lazy\" decoding=\"async\" class=\"size-full wp-image-98\" src=\"https:\/\/ps99slot.com\/wp-content\/uploads\/2026\/01\/uu-diem-ap-dung-chinh-sach-tai-ps99_64.webp\" alt=\"uu-diem-ap-dung-chinh-sach-tai-ps99_64\" width=\"800\" height=\"400\" srcset=\"https:\/\/ps99slot.com\/wp-content\/uploads\/2026\/01\/uu-diem-ap-dung-chinh-sach-tai-ps99_64.webp 800w, https:\/\/ps99slot.com\/wp-content\/uploads\/2026\/01\/uu-diem-ap-dung-chinh-sach-tai-ps99_64-300x150.webp 300w, https:\/\/ps99slot.com\/wp-content\/uploads\/2026\/01\/uu-diem-ap-dung-chinh-sach-tai-ps99_64-768x384.webp 768w\" sizes=\"auto, (max-width: 800px) 100vw, 800px\" \/><figcaption id=\"caption-attachment-98\" class=\"wp-caption-text\">\u01afu \u0111i\u1ec3m \u00e1p d\u1ee5ng ch\u00ednh s\u00e1ch t\u1ea1i ps99<\/figcaption><\/figure>\r\n<ul>\r\n<li style=\"font-weight: 400;\" aria-level=\"1\"><b>Gi\u1ea3m r\u1ee7i ro t\u1ea5n c\u00f4ng m\u1ea1ng:<\/b><span style=\"font-weight: 400;\"> H\u1ea1n ch\u1ebf t\u1ed1i \u0111a nguy c\u01a1 b\u1ecb hacker x\u00e2m nh\u1eadp.<\/span><\/li>\r\n<li style=\"font-weight: 400;\" aria-level=\"1\"><b>N\u00e2ng cao uy t\u00edn th\u01b0\u01a1ng hi\u1ec7u:<\/b><span style=\"font-weight: 400;\"> T\u1ea1o d\u1ef1ng l\u00f2ng tin v\u1edbi ng\u01b0\u1eddi ch\u01a1i v\u00e0 \u0111\u1ed1i t\u00e1c.<\/span><\/li>\r\n<li style=\"font-weight: 400;\" aria-level=\"1\"><b>T\u0103ng t\u00ednh c\u1ea1nh tranh:<\/b><span style=\"font-weight: 400;\"> Gi\u00fap PS99 n\u1ed5i b\u1eadt h\u01a1n so v\u1edbi nhi\u1ec1u n\u1ec1n t\u1ea3ng kh\u00e1c.<\/span><\/li>\r\n<li style=\"font-weight: 400;\" aria-level=\"1\"><b>B\u1ea3o v\u1ec7 quy\u1ec1n l\u1ee3i ng\u01b0\u1eddi d\u00f9ng:<\/b><span style=\"font-weight: 400;\"> M\u1ecdi giao d\u1ecbch v\u00e0 th\u00f4ng tin \u0111\u1ec1u \u0111\u01b0\u1ee3c \u0111\u1ea3m b\u1ea3o an to\u00e0n.<\/span><\/li>\r\n<\/ul>\r\n<h2><span class=\"ez-toc-section\" id=\"Quy_dinh_xu_ly_cac_van_de_phat_sinh\"><\/span><b>Quy \u0111\u1ecbnh x\u1eed l\u00fd c\u00e1c v\u1ea5n \u0111\u1ec1 ph\u00e1t sinh<\/b><span class=\"ez-toc-section-end\"><\/span><\/h2>\r\n<p><span style=\"font-weight: 400;\">Khi x\u1ea3y ra s\u1ef1 c\u1ed1 li\u00ean quan \u0111\u1ebfn b\u1ea3o m\u1eadt:<\/span><\/p>\r\n<ul>\r\n<li style=\"font-weight: 400;\" aria-level=\"1\"><span style=\"font-weight: 400;\">N\u1ebfu l\u1ed7i xu\u1ea5t ph\u00e1t t\u1eeb h\u1ec7 th\u1ed1ng, PS99 s\u1ebd ch\u1ecbu tr\u00e1ch nhi\u1ec7m x\u1eed l\u00fd v\u00e0 kh\u1eafc ph\u1ee5c nhanh ch\u00f3ng.<\/span><\/li>\r\n<li style=\"font-weight: 400;\" aria-level=\"1\"><span style=\"font-weight: 400;\">N\u1ebfu l\u1ed7i \u0111\u1ebfn t\u1eeb ng\u01b0\u1eddi d\u00f9ng ho\u1eb7c b\u00ean th\u1ee9 ba, h\u1ec7 th\u1ed1ng s\u1ebd h\u1ed7 tr\u1ee3 \u0111i\u1ec1u tra nh\u01b0ng kh\u00f4ng ch\u1ecbu tr\u00e1ch nhi\u1ec7m b\u1ed3i th\u01b0\u1eddng.<\/span><\/li>\r\n<\/ul>\r\n<p><span style=\"font-weight: 400;\">Quy tr\u00ecnh x\u1eed l\u00fd r\u00f5 r\u00e0ng gi\u00fap \u0111\u1ea3m b\u1ea3o t\u00ednh c\u00f4ng b\u1eb1ng v\u00e0 minh b\u1ea1ch cho m\u1ecdi tr\u01b0\u1eddng h\u1ee3p.<\/span><\/p>\r\n<h2><span class=\"ez-toc-section\" id=\"Loi_ket\"><\/span><b>L\u1eddi k\u1ebft<\/b><span class=\"ez-toc-section-end\"><\/span><\/h2>\r\n<p><span style=\"font-weight: 400;\">Ch\u00ednh s\u00e1ch b\u1ea3o m\u1eadt PS99 kh\u00f4ng ch\u1ec9 l\u00e0 cam k\u1ebft v\u1ec1 an to\u00e0n th\u00f4ng tin m\u00e0 c\u00f2n th\u1ec3 hi\u1ec7n s\u1ef1 chuy\u00ean nghi\u1ec7p v\u00e0 uy t\u00edn c\u1ee7a n\u1ec1n t\u1ea3ng. Vi\u1ec7c tu\u00e2n th\u1ee7 ch\u1eb7t ch\u1ebd c\u00e1c quy \u0111\u1ecbnh b\u1ea3o m\u1eadt gi\u00fap ng\u01b0\u1eddi d\u00f9ng y\u00ean t\u00e2m tr\u1ea3i nghi\u1ec7m, giao d\u1ecbch v\u00e0 gi\u1ea3i tr\u00ed m\u00e0 kh\u00f4ng lo r\u1ee7i ro v\u1ec1 d\u1eef li\u1ec7u c\u00e1 nh\u00e2n.<\/span><\/p>","protected":false},"excerpt":{"rendered":"<p>Ch\u00ednh S\u00e1ch B\u1ea3o M\u1eadt PS99 \u2013 Cam K\u1ebft An To\u00e0n &amp; B\u1ea3o M\u1eadt Tuy\u1ec7t \u0110\u1ed1i Ch\u00ednh s\u00e1ch b\u1ea3o m\u1eadt PS99 l\u00e0 y\u1ebfu t\u1ed1 then ch\u1ed1t gi\u00fap n\u1ec1n t\u1ea3ng x\u00e2y d\u1ef1ng ni\u1ec1m tin v\u1edbi ng\u01b0\u1eddi d\u00f9ng. Trong m\u00f4i tr\u01b0\u1eddng c\u00e1 c\u01b0\u1ee3c tr\u1ef1c tuy\u1ebfn, b\u1ea3o m\u1eadt th\u00f4ng tin c\u00e1 nh\u00e2n v\u00e0 giao d\u1ecbch lu\u00f4n l\u00e0 \u01b0u ti\u00ean [&#8230;]\n","protected":false},"author":1,"featured_media":113,"parent":0,"menu_order":0,"comment_status":"closed","ping_status":"open","template":"","meta":{"footnotes":""},"class_list":["post-3","page","type-page","status-publish","has-post-thumbnail","hentry"],"_links":{"self":[{"href":"https:\/\/ps99slot.com\/wp-json\/wp\/v2\/pages\/3","targetHints":{"allow":["GET"]}}],"collection":[{"href":"https:\/\/ps99slot.com\/wp-json\/wp\/v2\/pages"}],"about":[{"href":"https:\/\/ps99slot.com\/wp-json\/wp\/v2\/types\/page"}],"author":[{"embeddable":true,"href":"https:\/\/ps99slot.com\/wp-json\/wp\/v2\/users\/1"}],"replies":[{"embeddable":true,"href":"https:\/\/ps99slot.com\/wp-json\/wp\/v2\/comments?post=3"}],"version-history":[{"count":2,"href":"https:\/\/ps99slot.com\/wp-json\/wp\/v2\/pages\/3\/revisions"}],"predecessor-version":[{"id":149,"href":"https:\/\/ps99slot.com\/wp-json\/wp\/v2\/pages\/3\/revisions\/149"}],"wp:featuredmedia":[{"embeddable":true,"href":"https:\/\/ps99slot.com\/wp-json\/wp\/v2\/media\/113"}],"wp:attachment":[{"href":"https:\/\/ps99slot.com\/wp-json\/wp\/v2\/media?parent=3"}],"curies":[{"name":"wp","href":"https:\/\/api.w.org\/{rel}","templated":true}]}}