{"id":71,"date":"2026-01-15T20:38:34","date_gmt":"2026-01-15T13:38:34","guid":{"rendered":"https:\/\/ps99slot.com\/?page_id=71"},"modified":"2026-01-15T20:38:34","modified_gmt":"2026-01-15T13:38:34","slug":"rut-tien-ps99","status":"publish","type":"page","link":"https:\/\/ps99slot.com\/rut-tien-ps99\/","title":{"rendered":"R\u00fat ti\u1ec1n PS99"},"content":{"rendered":"<div id=\"ez-toc-container\" class=\"ez-toc-v2_0_79_2 counter-hierarchy ez-toc-counter ez-toc-grey ez-toc-container-direction\">\n<div class=\"ez-toc-title-container\">\n<p class=\"ez-toc-title\" style=\"cursor:inherit\">Table of Contents<\/p>\n<span class=\"ez-toc-title-toggle\"><a href=\"#\" class=\"ez-toc-pull-right ez-toc-btn ez-toc-btn-xs ez-toc-btn-default ez-toc-toggle\" aria-label=\"Toggle Table of Content\"><span class=\"ez-toc-js-icon-con\"><span class=\"\"><span class=\"eztoc-hide\" style=\"display:none;\">Toggle<\/span><span class=\"ez-toc-icon-toggle-span\"><svg style=\"fill: #999;color:#999\" xmlns=\"http:\/\/www.w3.org\/2000\/svg\" class=\"list-377408\" width=\"20px\" height=\"20px\" viewBox=\"0 0 24 24\" fill=\"none\"><path d=\"M6 6H4v2h2V6zm14 0H8v2h12V6zM4 11h2v2H4v-2zm16 0H8v2h12v-2zM4 16h2v2H4v-2zm16 0H8v2h12v-2z\" fill=\"currentColor\"><\/path><\/svg><svg style=\"fill: #999;color:#999\" class=\"arrow-unsorted-368013\" xmlns=\"http:\/\/www.w3.org\/2000\/svg\" width=\"10px\" height=\"10px\" viewBox=\"0 0 24 24\" version=\"1.2\" baseProfile=\"tiny\"><path d=\"M18.2 9.3l-6.2-6.3-6.2 6.3c-.2.2-.3.4-.3.7s.1.5.3.7c.2.2.4.3.7.3h11c.3 0 .5-.1.7-.3.2-.2.3-.5.3-.7s-.1-.5-.3-.7zM5.8 14.7l6.2 6.3 6.2-6.3c.2-.2.3-.5.3-.7s-.1-.5-.3-.7c-.2-.2-.4-.3-.7-.3h-11c-.3 0-.5.1-.7.3-.2.2-.3.5-.3.7s.1.5.3.7z\"\/><\/svg><\/span><\/span><\/span><\/a><\/span><\/div>\n<nav><ul class='ez-toc-list ez-toc-list-level-1 ' ><li class='ez-toc-page-1 ez-toc-heading-level-1'><a class=\"ez-toc-link ez-toc-heading-1\" href=\"https:\/\/ps99slot.com\/rut-tien-ps99\/#Rut_tien_PS99_%E2%80%93_Nhan_thuong_nhanh_xu_ly_gon_chi_trong_vai_phut\" >R\u00fat ti\u1ec1n PS99 \u2013 Nh\u1eadn th\u01b0\u1edfng nhanh, x\u1eed l\u00fd g\u1ecdn ch\u1ec9 trong v\u00e0i ph\u00fat<\/a><ul class='ez-toc-list-level-2' ><li class='ez-toc-heading-level-2'><a class=\"ez-toc-link ez-toc-heading-2\" href=\"https:\/\/ps99slot.com\/rut-tien-ps99\/#Uu_diem_noi_bat_khi_rut_tien_PS99\" >\u01afu \u0111i\u1ec3m n\u1ed5i b\u1eadt khi r\u00fat ti\u1ec1n PS99<\/a><\/li><li class='ez-toc-page-1 ez-toc-heading-level-2'><a class=\"ez-toc-link ez-toc-heading-3\" href=\"https:\/\/ps99slot.com\/rut-tien-ps99\/#Dieu_kien_can_dap_ung_truoc_khi_rut_tien_PS99\" >\u0110i\u1ec1u ki\u1ec7n c\u1ea7n \u0111\u00e1p \u1ee9ng tr\u01b0\u1edbc khi r\u00fat ti\u1ec1n PS99<\/a><ul class='ez-toc-list-level-3' ><li class='ez-toc-heading-level-3'><a class=\"ez-toc-link ez-toc-heading-4\" href=\"https:\/\/ps99slot.com\/rut-tien-ps99\/#Xac_minh_tai_khoan\" >X\u00e1c minh t\u00e0i kho\u1ea3n<\/a><\/li><li class='ez-toc-page-1 ez-toc-heading-level-3'><a class=\"ez-toc-link ez-toc-heading-5\" href=\"https:\/\/ps99slot.com\/rut-tien-ps99\/#Kiem_tra_so_du_tai_khoan\" >Ki\u1ec3m tra s\u1ed1 d\u01b0 t\u00e0i kho\u1ea3n<\/a><\/li><li class='ez-toc-page-1 ez-toc-heading-level-3'><a class=\"ez-toc-link ez-toc-heading-6\" href=\"https:\/\/ps99slot.com\/rut-tien-ps99\/#Cung_cap_thong_tin_ngan_hang_chinh_xac\" >Cung c\u1ea5p th\u00f4ng tin ng\u00e2n h\u00e0ng ch\u00ednh x\u00e1c<\/a><\/li><\/ul><\/li><li class='ez-toc-page-1 ez-toc-heading-level-2'><a class=\"ez-toc-link ez-toc-heading-7\" href=\"https:\/\/ps99slot.com\/rut-tien-ps99\/#Quy_trinh_rut_tien_PS99_nhanh_chong\" >Quy tr\u00ecnh r\u00fat ti\u1ec1n PS99 nhanh ch\u00f3ng<\/a><\/li><li class='ez-toc-page-1 ez-toc-heading-level-2'><a class=\"ez-toc-link ez-toc-heading-8\" href=\"https:\/\/ps99slot.com\/rut-tien-ps99\/#Nhung_luu_y_quan_trong_khi_rut_tien_PS99\" >Nh\u1eefng l\u01b0u \u00fd quan tr\u1ecdng khi r\u00fat ti\u1ec1n PS99<\/a><\/li><li class='ez-toc-page-1 ez-toc-heading-level-2'><a class=\"ez-toc-link ez-toc-heading-9\" href=\"https:\/\/ps99slot.com\/rut-tien-ps99\/#Gioi_han_rut_tien_va_phi_giao_dich\" >Gi\u1edbi h\u1ea1n r\u00fat ti\u1ec1n v\u00e0 ph\u00ed giao d\u1ecbch<\/a><\/li><li class='ez-toc-page-1 ez-toc-heading-level-2'><a class=\"ez-toc-link ez-toc-heading-10\" href=\"https:\/\/ps99slot.com\/rut-tien-ps99\/#Mot_so_meo_giup_rut_tien_PS99_nhanh_hon\" >M\u1ed9t s\u1ed1 m\u1eb9o gi\u00fap r\u00fat ti\u1ec1n PS99 nhanh h\u01a1n<\/a><\/li><li class='ez-toc-page-1 ez-toc-heading-level-2'><a class=\"ez-toc-link ez-toc-heading-11\" href=\"https:\/\/ps99slot.com\/rut-tien-ps99\/#Ket_luan\" >K\u1ebft lu\u1eadn<\/a><\/li><\/ul><\/li><\/ul><\/nav><\/div>\n<h1><span class=\"ez-toc-section\" id=\"Rut_tien_PS99_%E2%80%93_Nhan_thuong_nhanh_xu_ly_gon_chi_trong_vai_phut\"><\/span><b>R\u00fat ti\u1ec1n PS99 \u2013 Nh\u1eadn th\u01b0\u1edfng nhanh, x\u1eed l\u00fd g\u1ecdn ch\u1ec9 trong v\u00e0i ph\u00fat<\/b><span class=\"ez-toc-section-end\"><\/span><\/h1>\n<p><span style=\"font-weight: 400;\">R\u00fat ti\u1ec1n PS99 \u0111\u01b0\u1ee3c thi\u1ebft k\u1ebf theo quy tr\u00ecnh \u0111\u01a1n gi\u1ea3n, r\u00f5 r\u00e0ng v\u00e0 t\u1ed1i \u01b0u t\u1ed1c \u0111\u1ed9 x\u1eed l\u00fd. D\u00f9 l\u00e0 ng\u01b0\u1eddi m\u1edbi hay \u0111\u00e3 quen v\u1edbi h\u1ec7 th\u1ed1ng, thao t\u00e1c r\u00fat ti\u1ec1n v\u1eabn di\u1ec5n ra thu\u1eadn ti\u1ec7n, an to\u00e0n v\u00e0 minh b\u1ea1ch. Ch\u1ec9 c\u1ea7n l\u00e0m \u0111\u00fang h\u01b0\u1edbng d\u1eabn, ti\u1ec1n th\u01b0\u1edfng s\u1ebd nhanh ch\u00f3ng \u0111\u01b0\u1ee3c chuy\u1ec3n v\u1ec1 t\u00e0i kho\u1ea3n ng\u00e2n h\u00e0ng c\u00e1 nh\u00e2n m\u00e0 kh\u00f4ng c\u1ea7n ch\u1edd \u0111\u1ee3i l\u00e2u.<\/span><\/p>\n<h2><span class=\"ez-toc-section\" id=\"Uu_diem_noi_bat_khi_rut_tien_PS99\"><\/span><b>\u01afu \u0111i\u1ec3m n\u1ed5i b\u1eadt khi r\u00fat ti\u1ec1n PS99<\/b><span class=\"ez-toc-section-end\"><\/span><\/h2>\n<p><span style=\"font-weight: 400;\">R\u00fat ti\u1ec1n PS99 mang l\u1ea1i nhi\u1ec1u l\u1ee3i th\u1ebf gi\u00fap ng\u01b0\u1eddi ch\u01a1i y\u00ean t\u00e2m trong qu\u00e1 tr\u00ecnh giao d\u1ecbch:<\/span><\/p>\n<ul>\n<li style=\"font-weight: 400;\" aria-level=\"1\"><span style=\"font-weight: 400;\">\u0110\u1ea3m b\u1ea3o an to\u00e0n tuy\u1ec7t \u0111\u1ed1i cho m\u1ecdi giao d\u1ecbch r\u00fat th\u01b0\u1edfng.<\/span><\/li>\n<li style=\"font-weight: 400;\" aria-level=\"1\"><span style=\"font-weight: 400;\">Th\u1eddi gian x\u1eed l\u00fd nhanh, h\u1ea1n ch\u1ebf t\u1ed1i \u0111a vi\u1ec7c ch\u1eadm tr\u1ec5.<\/span><\/li>\n<li style=\"font-weight: 400;\" aria-level=\"1\"><span style=\"font-weight: 400;\">Giao di\u1ec7n thao t\u00e1c \u0111\u01a1n gi\u1ea3n, d\u1ec5 hi\u1ec3u.<\/span><\/li>\n<li style=\"font-weight: 400;\" aria-level=\"1\"><span style=\"font-weight: 400;\">H\u1ec7 th\u1ed1ng t\u1ef1 \u0111\u1ed9ng h\u1ed7 tr\u1ee3 chuy\u1ec3n ti\u1ec1n tr\u1ef1c ti\u1ebfp v\u1ec1 t\u00e0i kho\u1ea3n ng\u00e2n h\u00e0ng.<\/span><\/li>\n<li style=\"font-weight: 400;\" aria-level=\"1\"><span style=\"font-weight: 400;\">\u0110\u1ed9i ng\u0169 CSKH lu\u00f4n s\u1eb5n s\u00e0ng h\u1ed7 tr\u1ee3 n\u1ebfu ph\u00e1t sinh s\u1ef1 c\u1ed1.<\/span><\/li>\n<\/ul>\n<p><span style=\"font-weight: 400;\">Nh\u1edd v\u1eady, r\u00fat ti\u1ec1n t\u1ea1i <a href=\"https:\/\/ps99slot.com\/\">PS99<\/a> lu\u00f4n di\u1ec5n ra m\u01b0\u1ee3t m\u00e0 v\u00e0 \u1ed5n \u0111\u1ecbnh.<\/span><\/p>\n<h2><span class=\"ez-toc-section\" id=\"Dieu_kien_can_dap_ung_truoc_khi_rut_tien_PS99\"><\/span><b>\u0110i\u1ec1u ki\u1ec7n c\u1ea7n \u0111\u00e1p \u1ee9ng tr\u01b0\u1edbc khi r\u00fat ti\u1ec1n PS99<\/b><span class=\"ez-toc-section-end\"><\/span><\/h2>\n<p><span style=\"font-weight: 400;\">Tr\u01b0\u1edbc khi th\u1ef1c hi\u1ec7n r\u00fat ti\u1ec1n, ng\u01b0\u1eddi ch\u01a1i c\u1ea7n \u0111\u1ea3m b\u1ea3o t\u00e0i kho\u1ea3n \u0111\u00e3 \u0111\u00e1p \u1ee9ng \u0111\u1ea7y \u0111\u1ee7 c\u00e1c \u0111i\u1ec1u ki\u1ec7n c\u01a1 b\u1ea3n \u0111\u1ec3 qu\u00e1 tr\u00ecnh giao d\u1ecbch di\u1ec5n ra su\u00f4n s\u1ebb, an to\u00e0n v\u00e0 kh\u00f4ng b\u1ecb gi\u00e1n \u0111o\u1ea1n.<\/span><\/p>\n<figure id=\"attachment_119\" aria-describedby=\"caption-attachment-119\" style=\"width: 800px\" class=\"wp-caption aligncenter\"><img loading=\"lazy\" decoding=\"async\" class=\"size-full wp-image-119\" src=\"https:\/\/ps99slot.com\/wp-content\/uploads\/2026\/01\/dieu-kien-can-co-khi-rut-tien-ps99_20.webp\" alt=\"dieu-kien-can-co-khi-rut-tien-ps99_20\" width=\"800\" height=\"400\" srcset=\"https:\/\/ps99slot.com\/wp-content\/uploads\/2026\/01\/dieu-kien-can-co-khi-rut-tien-ps99_20.webp 800w, https:\/\/ps99slot.com\/wp-content\/uploads\/2026\/01\/dieu-kien-can-co-khi-rut-tien-ps99_20-300x150.webp 300w, https:\/\/ps99slot.com\/wp-content\/uploads\/2026\/01\/dieu-kien-can-co-khi-rut-tien-ps99_20-768x384.webp 768w\" sizes=\"auto, (max-width: 800px) 100vw, 800px\" \/><figcaption id=\"caption-attachment-119\" class=\"wp-caption-text\">\u0110i\u1ec1u ki\u1ec7n c\u1ea7n c\u00f3 khi r\u00fat ti\u1ec1n ps99<\/figcaption><\/figure>\n<h3><span class=\"ez-toc-section\" id=\"Xac_minh_tai_khoan\"><\/span><b>X\u00e1c minh t\u00e0i kho\u1ea3n<\/b><span class=\"ez-toc-section-end\"><\/span><\/h3>\n<p><span style=\"font-weight: 400;\">Ng\u01b0\u1eddi ch\u01a1i c\u1ea7n ho\u00e0n t\u1ea5t x\u00e1c minh th\u00f4ng tin c\u00e1 nh\u00e2n v\u00e0 email \u0111\u1ec3 \u0111\u1ea3m b\u1ea3o quy\u1ec1n s\u1edf h\u1eefu h\u1ee3p ph\u00e1p t\u00e0i kho\u1ea3n. \u0110\u00e2y l\u00e0 b\u01b0\u1edbc quan tr\u1ecdng gi\u00fap t\u0103ng c\u01b0\u1eddng b\u1ea3o m\u1eadt v\u00e0 tr\u00e1nh c\u00e1c r\u1ee7i ro gian l\u1eadn.<\/span><\/p>\n<h3><span class=\"ez-toc-section\" id=\"Kiem_tra_so_du_tai_khoan\"><\/span><b>Ki\u1ec3m tra s\u1ed1 d\u01b0 t\u00e0i kho\u1ea3n<\/b><span class=\"ez-toc-section-end\"><\/span><\/h3>\n<p><span style=\"font-weight: 400;\">C\u1ea7n ch\u1eafc ch\u1eafn s\u1ed1 d\u01b0 trong t\u00e0i kho\u1ea3n \u0111\u1ee7 \u0111i\u1ec1u ki\u1ec7n \u0111\u1ec3 r\u00fat ti\u1ec1n. Vi\u1ec7c n\u00e0y gi\u00fap tr\u00e1nh c\u00e1c l\u1ed7i ph\u00e1t sinh do kh\u00f4ng \u0111\u1ee7 h\u1ea1n m\u1ee9c giao d\u1ecbch.<\/span><\/p>\n<h3><span class=\"ez-toc-section\" id=\"Cung_cap_thong_tin_ngan_hang_chinh_xac\"><\/span><b>Cung c\u1ea5p th\u00f4ng tin ng\u00e2n h\u00e0ng ch\u00ednh x\u00e1c<\/b><span class=\"ez-toc-section-end\"><\/span><\/h3>\n<p><span style=\"font-weight: 400;\">Vi\u1ec7c cung c\u1ea5p th\u00f4ng tin ng\u00e2n h\u00e0ng ch\u00ednh x\u00e1c l\u00e0 b\u01b0\u1edbc c\u1ef1c k\u1ef3 quan tr\u1ecdng, gi\u00fap h\u1ec7 th\u1ed1ng x\u1eed l\u00fd giao d\u1ecbch nhanh h\u01a1n v\u00e0 \u0111\u1ea3m b\u1ea3o ti\u1ec1n \u0111\u01b0\u1ee3c chuy\u1ec3n \u0111\u00fang t\u00e0i kho\u1ea3n, tr\u00e1nh ph\u00e1t sinh l\u1ed7i hay ch\u1eadm tr\u1ec5 kh\u00f4ng \u0111\u00e1ng c\u00f3.<\/span><\/p>\n<p><span style=\"font-weight: 400;\">Bao g\u1ed3m:<\/span><\/p>\n<ul>\n<li style=\"font-weight: 400;\" aria-level=\"1\"><span style=\"font-weight: 400;\">T\u00ean ch\u1ee7 t\u00e0i kho\u1ea3n<\/span><\/li>\n<li style=\"font-weight: 400;\" aria-level=\"1\"><span style=\"font-weight: 400;\">S\u1ed1 t\u00e0i kho\u1ea3n<\/span><\/li>\n<li style=\"font-weight: 400;\" aria-level=\"1\"><span style=\"font-weight: 400;\">T\u00ean ng\u00e2n h\u00e0ng<\/span><\/li>\n<li style=\"font-weight: 400;\" aria-level=\"1\"><span style=\"font-weight: 400;\">Chi nh\u00e1nh<\/span><\/li>\n<\/ul>\n<p><span style=\"font-weight: 400;\">M\u1ecdi th\u00f4ng tin ph\u1ea3i tr\u00f9ng kh\u1edbp v\u1edbi d\u1eef li\u1ec7u \u0111\u0103ng k\u00fd ban \u0111\u1ea7u \u0111\u1ec3 qu\u00e1 tr\u00ecnh x\u1eed l\u00fd di\u1ec5n ra su\u00f4n s\u1ebb.<\/span><\/p>\n<h2><span class=\"ez-toc-section\" id=\"Quy_trinh_rut_tien_PS99_nhanh_chong\"><\/span><b>Quy tr\u00ecnh r\u00fat ti\u1ec1n PS99 nhanh ch\u00f3ng<\/b><span class=\"ez-toc-section-end\"><\/span><\/h2>\n<p><span style=\"font-weight: 400;\">\u0110\u1ec3 vi\u1ec7c r\u00fat ti\u1ec1n di\u1ec5n ra thu\u1eadn l\u1ee3i v\u00e0 ti\u1ebft ki\u1ec7m th\u1eddi gian, ng\u01b0\u1eddi ch\u01a1i ch\u1ec9 c\u1ea7n th\u1ef1c hi\u1ec7n \u0111\u00fang theo quy tr\u00ecnh \u0111\u01a1n gi\u1ea3n d\u01b0\u1edbi \u0111\u00e2y l\u00e0 c\u00f3 th\u1ec3 nh\u1eadn th\u01b0\u1edfng nhanh ch\u00f3ng v\u00e0 an to\u00e0n.<\/span><\/p>\n<figure id=\"attachment_84\" aria-describedby=\"caption-attachment-84\" style=\"width: 800px\" class=\"wp-caption aligncenter\"><img loading=\"lazy\" decoding=\"async\" class=\"size-full wp-image-84\" src=\"https:\/\/ps99slot.com\/wp-content\/uploads\/2026\/01\/quy-trinh-rut-tien-ps99-nhanh-chong_50.webp\" alt=\"quy-trinh-rut-tien-ps99-nhanh-chong_50\" width=\"800\" height=\"400\" srcset=\"https:\/\/ps99slot.com\/wp-content\/uploads\/2026\/01\/quy-trinh-rut-tien-ps99-nhanh-chong_50.webp 800w, https:\/\/ps99slot.com\/wp-content\/uploads\/2026\/01\/quy-trinh-rut-tien-ps99-nhanh-chong_50-300x150.webp 300w, https:\/\/ps99slot.com\/wp-content\/uploads\/2026\/01\/quy-trinh-rut-tien-ps99-nhanh-chong_50-768x384.webp 768w\" sizes=\"auto, (max-width: 800px) 100vw, 800px\" \/><figcaption id=\"caption-attachment-84\" class=\"wp-caption-text\">Quy tr\u00ecnh r\u00fat ti\u1ec1n ps99 nhanh ch\u00f3ng<\/figcaption><\/figure>\n<p><span style=\"font-weight: 400;\">Th\u1ef1c hi\u1ec7n theo c\u00e1c b\u01b0\u1edbc sau \u0111\u1ec3 r\u00fat ti\u1ec1n PS99:<\/span><\/p>\n<ol>\n<li style=\"font-weight: 400;\" aria-level=\"1\"><span style=\"font-weight: 400;\">\u0110\u0103ng nh\u1eadp t\u00e0i kho\u1ea3n PS99 tr\u00ean trang ch\u1ee7 ch\u00ednh th\u1ee9c.<\/span><\/li>\n<li style=\"font-weight: 400;\" aria-level=\"1\"><span style=\"font-weight: 400;\">Ch\u1ecdn m\u1ee5c \u201cR\u00fat ti\u1ec1n\u201d trong giao di\u1ec7n qu\u1ea3n l\u00fd t\u00e0i kho\u1ea3n.<\/span><\/li>\n<li style=\"font-weight: 400;\" aria-level=\"1\"><span style=\"font-weight: 400;\">Nh\u1eadp s\u1ed1 ti\u1ec1n c\u1ea7n r\u00fat v\u00e0 ch\u1ecdn t\u00e0i kho\u1ea3n ng\u00e2n h\u00e0ng \u0111\u00e3 li\u00ean k\u1ebft.<\/span><\/li>\n<li style=\"font-weight: 400;\" aria-level=\"1\"><span style=\"font-weight: 400;\">Ki\u1ec3m tra l\u1ea1i to\u00e0n b\u1ed9 th\u00f4ng tin.<\/span><\/li>\n<li style=\"font-weight: 400;\" aria-level=\"1\"><span style=\"font-weight: 400;\">Nh\u1ea5n \u201cX\u00e1c nh\u1eadn\u201d \u0111\u1ec3 g\u1eedi y\u00eau c\u1ea7u.<\/span><\/li>\n<li style=\"font-weight: 400;\" aria-level=\"1\"><span style=\"font-weight: 400;\">Ch\u1edd h\u1ec7 th\u1ed1ng x\u1eed l\u00fd v\u00e0 duy\u1ec7t giao d\u1ecbch.<\/span><\/li>\n<\/ol>\n<p><span style=\"font-weight: 400;\">Sau khi \u0111\u01b0\u1ee3c ph\u00ea duy\u1ec7t, ti\u1ec1n s\u1ebd \u0111\u01b0\u1ee3c chuy\u1ec3n th\u1eb3ng v\u1ec1 t\u00e0i kho\u1ea3n ng\u00e2n h\u00e0ng.<\/span><\/p>\n<h2><span class=\"ez-toc-section\" id=\"Nhung_luu_y_quan_trong_khi_rut_tien_PS99\"><\/span><b>Nh\u1eefng l\u01b0u \u00fd quan tr\u1ecdng khi r\u00fat ti\u1ec1n PS99<\/b><span class=\"ez-toc-section-end\"><\/span><\/h2>\n<p><span style=\"font-weight: 400;\">\u0110\u1ec3 tr\u00e1nh ph\u00e1t sinh l\u1ed7i kh\u00f4ng \u0111\u00e1ng c\u00f3 v\u00e0 \u0111\u1ea3m b\u1ea3o giao d\u1ecbch \u0111\u01b0\u1ee3c x\u1eed l\u00fd an to\u00e0n, nhanh ch\u00f3ng, ng\u01b0\u1eddi ch\u01a1i c\u1ea7n n\u1eafm r\u00f5 m\u1ed9t s\u1ed1 l\u01b0u \u00fd quan tr\u1ecdng tr\u01b0\u1edbc khi th\u1ef1c hi\u1ec7n thao t\u00e1c r\u00fat ti\u1ec1n.<\/span><\/p>\n<p><span style=\"font-weight: 400;\">\u0110\u1ec3 h\u1ea1n ch\u1ebf r\u1ee7i ro, c\u1ea7n ghi nh\u1edb:<\/span><\/p>\n<ul>\n<li style=\"font-weight: 400;\" aria-level=\"1\"><span style=\"font-weight: 400;\">Ki\u1ec3m tra k\u1ef9 th\u00f4ng tin tr\u01b0\u1edbc khi x\u00e1c nh\u1eadn.<\/span><\/li>\n<li style=\"font-weight: 400;\" aria-level=\"1\"><span style=\"font-weight: 400;\">Kh\u00f4ng chia s\u1ebb th\u00f4ng tin t\u00e0i kho\u1ea3n cho b\u00ean th\u1ee9 ba.<\/span><\/li>\n<li style=\"font-weight: 400;\" aria-level=\"1\"><span style=\"font-weight: 400;\">\u0110\u1ea3m b\u1ea3o t\u00e0i kho\u1ea3n ng\u00e2n h\u00e0ng tr\u00f9ng kh\u1edbp v\u1edbi t\u00ean \u0111\u0103ng k\u00fd.<\/span><\/li>\n<li style=\"font-weight: 400;\" aria-level=\"1\"><span style=\"font-weight: 400;\">Theo d\u00f5i tr\u1ea1ng th\u00e1i giao d\u1ecbch sau khi g\u1eedi y\u00eau c\u1ea7u.<\/span><\/li>\n<li style=\"font-weight: 400;\" aria-level=\"1\"><span style=\"font-weight: 400;\">N\u1ebfu g\u1eb7p l\u1ed7i, li\u00ean h\u1ec7 ngay b\u1ed9 ph\u1eadn h\u1ed7 tr\u1ee3 \u0111\u1ec3 \u0111\u01b0\u1ee3c x\u1eed l\u00fd k\u1ecbp th\u1eddi.<\/span><\/li>\n<\/ul>\n<h2><span class=\"ez-toc-section\" id=\"Gioi_han_rut_tien_va_phi_giao_dich\"><\/span><b>Gi\u1edbi h\u1ea1n r\u00fat ti\u1ec1n v\u00e0 ph\u00ed giao d\u1ecbch<\/b><span class=\"ez-toc-section-end\"><\/span><\/h2>\n<p><span style=\"font-weight: 400;\">PS99 \u00e1p d\u1ee5ng ch\u00ednh s\u00e1ch gi\u1edbi h\u1ea1n r\u00fat ti\u1ec1n linh ho\u1ea1t:<\/span><\/p>\n<figure id=\"attachment_125\" aria-describedby=\"caption-attachment-125\" style=\"width: 800px\" class=\"wp-caption aligncenter\"><img loading=\"lazy\" decoding=\"async\" class=\"size-full wp-image-125\" src=\"https:\/\/ps99slot.com\/wp-content\/uploads\/2026\/01\/gioi-han-rut-tien-va-loai-phi-giao-dich_27.webp\" alt=\"gioi-han-rut-tien-va-loai-phi-giao-dich_27\" width=\"800\" height=\"400\" srcset=\"https:\/\/ps99slot.com\/wp-content\/uploads\/2026\/01\/gioi-han-rut-tien-va-loai-phi-giao-dich_27.webp 800w, https:\/\/ps99slot.com\/wp-content\/uploads\/2026\/01\/gioi-han-rut-tien-va-loai-phi-giao-dich_27-300x150.webp 300w, https:\/\/ps99slot.com\/wp-content\/uploads\/2026\/01\/gioi-han-rut-tien-va-loai-phi-giao-dich_27-768x384.webp 768w\" sizes=\"auto, (max-width: 800px) 100vw, 800px\" \/><figcaption id=\"caption-attachment-125\" class=\"wp-caption-text\">Gi\u1edbi h\u1ea1n r\u00fat ti\u1ec1n v\u00e0 lo\u1ea1i ph\u00ed giao d\u1ecbch<\/figcaption><\/figure>\n<ul>\n<li style=\"font-weight: 400;\" aria-level=\"1\"><span style=\"font-weight: 400;\">Ng\u01b0\u1eddi d\u00f9ng m\u1edbi c\u00f3 th\u1ec3 \u0111\u01b0\u1ee3c mi\u1ec5n ph\u00ed r\u00fat trong th\u1eddi gian \u0111\u1ea7u.<\/span><\/li>\n<li style=\"font-weight: 400;\" aria-level=\"1\"><span style=\"font-weight: 400;\">M\u1ee9c r\u00fat t\u1ed1i thi\u1ec3u v\u00e0 t\u1ed1i \u0111a \u0111\u01b0\u1ee3c quy \u0111\u1ecbnh r\u00f5 r\u00e0ng theo ng\u00e0y.<\/span><\/li>\n<li style=\"font-weight: 400;\" aria-level=\"1\"><span style=\"font-weight: 400;\">Th\u00e0nh vi\u00ean VIP th\u01b0\u1eddng \u0111\u01b0\u1ee3c n\u00e2ng h\u1ea1n m\u1ee9c r\u00fat cao h\u01a1n so v\u1edbi t\u00e0i kho\u1ea3n th\u01b0\u1eddng.<\/span><\/li>\n<\/ul>\n<p><span style=\"font-weight: 400;\">\u0110i\u1ec1u n\u00e0y gi\u00fap \u0111\u1ea3m b\u1ea3o t\u00ednh c\u00f4ng b\u1eb1ng v\u00e0 \u1ed5n \u0111\u1ecbnh cho to\u00e0n h\u1ec7 th\u1ed1ng.<\/span><\/p>\n<h2><span class=\"ez-toc-section\" id=\"Mot_so_meo_giup_rut_tien_PS99_nhanh_hon\"><\/span><b>M\u1ed9t s\u1ed1 m\u1eb9o gi\u00fap r\u00fat ti\u1ec1n PS99 nhanh h\u01a1n<\/b><span class=\"ez-toc-section-end\"><\/span><\/h2>\n<p><span style=\"font-weight: 400;\">\u0110\u1ec3 qu\u00e1 tr\u00ecnh r\u00fat ti\u1ec1n di\u1ec5n ra nhanh g\u1ecdn v\u00e0 h\u1ea1n ch\u1ebf t\u1ed1i \u0111a vi\u1ec7c ch\u1edd \u0111\u1ee3i, ng\u01b0\u1eddi ch\u01a1i n\u00ean \u00e1p d\u1ee5ng m\u1ed9t v\u00e0i m\u1eb9o nh\u1ecf d\u01b0\u1edbi \u0111\u00e2y \u0111\u1ec3 giao d\u1ecbch \u0111\u01b0\u1ee3c x\u1eed l\u00fd m\u01b0\u1ee3t m\u00e0 v\u00e0 \u1ed5n \u0111\u1ecbnh h\u01a1n.<\/span><\/p>\n<ul>\n<li style=\"font-weight: 400;\" aria-level=\"1\"><span style=\"font-weight: 400;\">\u01afu ti\u00ean giao d\u1ecbch v\u00e0o bu\u1ed5i s\u00e1ng ho\u1eb7c ngo\u00e0i gi\u1edd cao \u0111i\u1ec3m.<\/span><\/li>\n<li style=\"font-weight: 400;\" aria-level=\"1\"><span style=\"font-weight: 400;\">Tr\u00e1nh th\u1ef1c hi\u1ec7n r\u00fat ti\u1ec1n trong th\u1eddi gian h\u1ec7 th\u1ed1ng b\u1ea3o tr\u00ec.<\/span><\/li>\n<li style=\"font-weight: 400;\" aria-level=\"1\"><span style=\"font-weight: 400;\">Lu\u00f4n c\u1eadp nh\u1eadt th\u00f4ng b\u00e1o m\u1edbi nh\u1ea5t t\u1eeb PS99.<\/span><\/li>\n<li style=\"font-weight: 400;\" aria-level=\"1\"><span style=\"font-weight: 400;\">Ki\u1ec3m tra k\u1ebft n\u1ed1i m\u1ea1ng \u1ed5n \u0111\u1ecbnh tr\u01b0\u1edbc khi thao t\u00e1c.<\/span><\/li>\n<\/ul>\n<h2><span class=\"ez-toc-section\" id=\"Ket_luan\"><\/span><b>K\u1ebft lu\u1eadn<\/b><span class=\"ez-toc-section-end\"><\/span><\/h2>\n<p><span style=\"font-weight: 400;\">R\u00fat ti\u1ec1n PS99 \u0111\u01b0\u1ee3c x\u00e2y d\u1ef1ng theo ti\u00eau ch\u00ed nhanh, an to\u00e0n v\u00e0 d\u1ec5 thao t\u00e1c. Ch\u1ec9 c\u1ea7n \u0111\u00e1p \u1ee9ng \u0111\u1ea7y \u0111\u1ee7 \u0111i\u1ec1u ki\u1ec7n v\u00e0 th\u1ef1c hi\u1ec7n \u0111\u00fang quy tr\u00ecnh, ng\u01b0\u1eddi ch\u01a1i c\u00f3 th\u1ec3 nh\u1eadn th\u01b0\u1edfng m\u1ed9t c\u00e1ch thu\u1eadn l\u1ee3i, minh b\u1ea1ch v\u00e0 kh\u00f4ng g\u1eb7p tr\u1edf ng\u1ea1i. \u0110\u00e2y ch\u00ednh l\u00e0 \u0111i\u1ec3m m\u1ea1nh gi\u00fap PS99 t\u1ea1o \u0111\u01b0\u1ee3c s\u1ef1 tin t\u01b0\u1edfng v\u00e0 uy t\u00edn trong qu\u00e1 tr\u00ecnh v\u1eadn h\u00e0nh.<\/span><\/p>\n","protected":false},"excerpt":{"rendered":"<p>R\u00fat ti\u1ec1n PS99 \u2013 Nh\u1eadn th\u01b0\u1edfng nhanh, x\u1eed l\u00fd g\u1ecdn ch\u1ec9 trong v\u00e0i ph\u00fat R\u00fat ti\u1ec1n PS99 \u0111\u01b0\u1ee3c thi\u1ebft k\u1ebf theo quy tr\u00ecnh \u0111\u01a1n gi\u1ea3n, r\u00f5 r\u00e0ng v\u00e0 t\u1ed1i \u01b0u t\u1ed1c \u0111\u1ed9 x\u1eed l\u00fd. D\u00f9 l\u00e0 ng\u01b0\u1eddi m\u1edbi hay \u0111\u00e3 quen v\u1edbi h\u1ec7 th\u1ed1ng, thao t\u00e1c r\u00fat ti\u1ec1n v\u1eabn di\u1ec5n ra thu\u1eadn ti\u1ec7n, an to\u00e0n [&#8230;]\n","protected":false},"author":1,"featured_media":85,"parent":0,"menu_order":0,"comment_status":"closed","ping_status":"closed","template":"","meta":{"footnotes":""},"class_list":["post-71","page","type-page","status-publish","has-post-thumbnail","hentry"],"_links":{"self":[{"href":"https:\/\/ps99slot.com\/wp-json\/wp\/v2\/pages\/71","targetHints":{"allow":["GET"]}}],"collection":[{"href":"https:\/\/ps99slot.com\/wp-json\/wp\/v2\/pages"}],"about":[{"href":"https:\/\/ps99slot.com\/wp-json\/wp\/v2\/types\/page"}],"author":[{"embeddable":true,"href":"https:\/\/ps99slot.com\/wp-json\/wp\/v2\/users\/1"}],"replies":[{"embeddable":true,"href":"https:\/\/ps99slot.com\/wp-json\/wp\/v2\/comments?post=71"}],"version-history":[{"count":2,"href":"https:\/\/ps99slot.com\/wp-json\/wp\/v2\/pages\/71\/revisions"}],"predecessor-version":[{"id":137,"href":"https:\/\/ps99slot.com\/wp-json\/wp\/v2\/pages\/71\/revisions\/137"}],"wp:featuredmedia":[{"embeddable":true,"href":"https:\/\/ps99slot.com\/wp-json\/wp\/v2\/media\/85"}],"wp:attachment":[{"href":"https:\/\/ps99slot.com\/wp-json\/wp\/v2\/media?parent=71"}],"curies":[{"name":"wp","href":"https:\/\/api.w.org\/{rel}","templated":true}]}}